{"id":2029,"date":"2024-01-09T19:36:16","date_gmt":"2024-01-09T18:36:16","guid":{"rendered":"https:\/\/acupunturaenergeticabarcelona.com\/?page_id=2029"},"modified":"2024-07-01T21:58:36","modified_gmt":"2024-07-01T19:58:36","slug":"electroacupuntura","status":"publish","type":"page","link":"https:\/\/acupunturaenergeticabarcelona.com\/en\/electroacupuntura\/","title":{"rendered":"Electroacupuncture in Barcelona"},"content":{"rendered":"<h1 class=\"wp-block-heading has-text-align-center\">Electroacupuncture in Barcelona<\/h1>\n\n\n\n<p><a href=\"https:\/\/acupunturaenergeticabarcelona.com\/en\/\">Home<\/a> &gt; <a href=\"https:\/\/acupunturaenergeticabarcelona.com\/en\/tratamientos\/\">Treatments<\/a> &gt; Electroacupuntura<\/p>\n\n\n\n<div class=\"wp-block-uagb-separator uagb-block-023f64a7\"><div class=\"wp-block-uagb-separator__inner\" style=\"--my-background-image:\"><\/div><\/div>\n\n\n\n<p>Compared to the&nbsp;<strong><a href=\"https:\/\/acupunturaenergeticabarcelona.com\/en\/acupuntura-barcelona\/\">acupuncture<\/a> est\u00e1ndar<\/strong>whose origins go back thousands of years,&nbsp;<strong>electroacupuncture<\/strong> en Barcelona&nbsp;es una t\u00e9cnica relativamente joven. Podemos decir de ella que aunque se basa en la acupuntura cl\u00e1sica china, naci\u00f3 en Francia en el siglo XIX y desde el principio se utiliz\u00f3 para tratar dolencias que cursaban con dolor como es el caso de la ci\u00e1tica.<\/p>\n\n\n\n<h2 class=\"wp-block-heading has-text-align-center\">\u00bfQu\u00e9 es la electroacupuntura?<\/h2>\n\n\n\n<p>The<strong>&nbsp;electroacupuncture<\/strong>&nbsp;es una t\u00e9cnica que consiste en&nbsp;<strong>aplicar un est\u00edmulo el\u00e9ctrico<\/strong>&nbsp;de bajo voltaje e intensidad y frecuencia variable entre dos agujas de acupuntura. Las agujas se conectan a un aparato el\u00e9ctrico llamado&nbsp;<strong>electroestimulador<\/strong>. A diferencia de la acupuntura est\u00e1ndar, la manipulaci\u00f3n de la aguja no se hace manualmente sino que se realiza variando la frecuencia, intensidad y tipo de onda del est\u00edmulo el\u00e9ctrico aplicado.<\/p>\n\n\n\n<h3 class=\"wp-block-heading has-text-align-center\">\u00bfC\u00f3mo funciona la electroacupuntura?<\/h3>\n\n\n\n<p>En la&nbsp;<strong>traditional chinese medicine<\/strong>, uno de los conceptos m\u00e1s ampliamente utilizados es el&nbsp;<strong>Qi (energ\u00eda)<\/strong>. Este Qi fluye por todo el cuerpo a trav\u00e9s de los meridianos de energ\u00eda, cuando uno de estos canales se bloquea en un punto pongamos por ejemplo por una lesi\u00f3n deportiva, este flujo de Qi se ralentiza produciendo dolor e inflamaci\u00f3n. El tratamiento con&nbsp;<strong>electroacupuncture<\/strong>estimular\u00eda la correcta circulaci\u00f3n del flujo energ\u00e9tico y ayudar\u00eda a resolver este bloqueo.<\/p>\n\n\n\n<p>En t\u00e9rminos occidentales, podemos explicar este fen\u00f3meno en base a diferentes mecanismos fisiol\u00f3gicos, entre ellos:<\/p>\n\n\n\n<ul class=\"wp-block-list\">\n<li>The&nbsp;<strong><a href=\"https:\/\/acupunturaenergeticabarcelona.com\/en\/acupuntura-barcelona\/\">acupuncture<\/a> aumenta el riego sangu\u00edneo<\/strong>&nbsp;en la zona tratada, lo que implica m\u00e1s oxigenaci\u00f3n y circulaci\u00f3n de sustancias antiinflamatorias.<\/li>\n\n\n\n<li>Despu\u00e9s de un tratamiento con electroacupuntura&nbsp;<strong>aumentan los niveles de endorfinas&nbsp;<\/strong>en el fluido cefalorraqu\u00eddeo. Las endorfinas son sustancias analg\u00e9sicas que produce nuestro cerebro, por lo tanto se estimulan los mecanismos fisiol\u00f3gicos de mitigaci\u00f3n del dolor.<\/li>\n\n\n\n<li>La analgesia inducida por la electroacupuntura podr\u00eda estar asociada con una&nbsp;<strong>regulaci\u00f3n del eje hipot\u00e1lamo-hipofisario.<\/strong><\/li>\n<\/ul>\n\n\n\n<h3 class=\"wp-block-heading has-text-align-center\">\u00bfC\u00f3mo es una sesi\u00f3n de electroacupuntura?<\/h3>\n\n\n\n<p>Una sesi\u00f3n de electroacupuntura&nbsp;<strong>no difiere demasiado de una sesi\u00f3n de <a href=\"https:\/\/acupunturaenergeticabarcelona.com\/en\/acupuntura-barcelona\/\">acupuncture<\/a> cl\u00e1sica.<\/strong>&nbsp;En primer lugar el terapeuta especializado&nbsp;<strong>realizar\u00e1 un diagn\u00f3stico<\/strong>&nbsp;en base a las teor\u00edas de la medicina china,&nbsp;<strong>escoger\u00e1 los puntos a tratar<\/strong>, insertar\u00e1 agujas convencionales de acupuntura y seguidamente proceder\u00e1 a conectar varios pares de agujas con el&nbsp;<strong>electroestimulador<\/strong>&nbsp;a trav\u00e9s de electrodos el\u00e9ctricos.<\/p>\n\n\n\n<div class=\"wp-block-uagb-image alignright uagb-block-e158394e wp-block-uagb-image--layout-default wp-block-uagb-image--effect-static wp-block-uagb-image--align-right\"><figure class=\"wp-block-uagb-image__figure\"><img decoding=\"async\" srcset=\"https:\/\/acupunturaenergeticabarcelona.com\/wp-content\/uploads\/2024\/01\/AB43E8F2-70C2-4F43-ADEB-3539276044A0.jpeg ,https:\/\/acupunturaenergeticabarcelona.com\/wp-content\/uploads\/2024\/01\/AB43E8F2-70C2-4F43-ADEB-3539276044A0.jpeg 780w, https:\/\/acupunturaenergeticabarcelona.com\/wp-content\/uploads\/2024\/01\/AB43E8F2-70C2-4F43-ADEB-3539276044A0.jpeg 360w\" sizes=\"auto, (max-width: 480px) 150px\" src=\"https:\/\/acupunturaenergeticabarcelona.com\/wp-content\/uploads\/2024\/01\/AB43E8F2-70C2-4F43-ADEB-3539276044A0.jpeg\" alt=\"Electroacupuntura en Barcelona\" class=\"uag-image-2027\" width=\"490\" height=\"328\" title=\"\" loading=\"lazy\" role=\"img\"\/><\/figure><\/div>\n\n\n\n<blockquote class=\"wp-block-quote is-layout-flow wp-block-quote-is-layout-flow\">\n<p>El acupuntor\/a seleccionar\u00e1 la frecuencia y la intensidad en funci\u00f3n del efecto terap\u00e9utico deseado.<\/p>\n<\/blockquote>\n\n\n\n<p>La principal diferencia es que&nbsp;<strong>la estimulaci\u00f3n de las agujas no se realiza manualmente si no a trav\u00e9s del aparato el\u00e9ctrico<\/strong>, se consigue as\u00ed una estimulaci\u00f3n m\u00e1s intensa y estable.<strong>&nbsp;Las agujas suelen permanecer conectadas entre 10 y 20 minutos.<\/strong>&nbsp;La combinaci\u00f3n de ambas t\u00e9cnicas en un misma sesi\u00f3n suele ser algo habitual.<\/p>\n\n\n\n<p>The&nbsp;<strong>electroacupuncture<\/strong>, a diferencia de lo que se pueda pensar,&nbsp;<strong>no es una terapia dolorosa<\/strong>. Los pacientes suelen percibir un hormigueo o vibraci\u00f3n en la zona tratada pero como la intensidad de la corriente es variable, siempre se puede adaptar la misma a la sensaci\u00f3n del paciente.<\/p>\n\n\n\n<h3 class=\"wp-block-heading has-text-align-center\">\u00bfQu\u00e9 condiciones trata?<\/h3>\n\n\n\n<p>En nuestro centro&nbsp;<a href=\"https:\/\/acupunturaenergeticabarcelona.com\/en\/\"><strong>Energetic Acupuncture Barcelona<\/strong>&nbsp;<\/a>utilizamos la electroacupuntura principalmente en el&nbsp;<strong>tratamiento del dolor<\/strong>, ya sea en fase<strong>cr\u00f3nica o aguda.<\/strong>&nbsp;Otras aplicaciones en las que a menudo nos beneficiamos de esta t\u00e9cnica son:<\/p>\n\n\n\n<div class=\"wp-block-uagb-icon-list uagb-block-e68d5c0d\"><div class=\"uagb-icon-list__wrap\">\n<div class=\"wp-block-uagb-icon-list-child uagb-block-ef41f0e5\"><span class=\"uagb-icon-list__source-wrap\"><svg xmlns=\"https:\/\/www.w3.org\/2000\/svg\" viewbox=\"0 0 512 512\"><path d=\"M0 256C0 114.6 114.6 0 256 0C397.4 0 512 114.6 512 256C512 397.4 397.4 512 256 512C114.6 512 0 397.4 0 256zM371.8 211.8C382.7 200.9 382.7 183.1 371.8 172.2C360.9 161.3 343.1 161.3 332.2 172.2L224 280.4L179.8 236.2C168.9 225.3 151.1 225.3 140.2 236.2C129.3 247.1 129.3 264.9 140.2 275.8L204.2 339.8C215.1 350.7 232.9 350.7 243.8 339.8L371.8 211.8z\"><\/path><\/svg><\/span><span class=\"uagb-icon-list__label\">Contracturas musculares<\/span><\/div>\n\n\n\n<div class=\"wp-block-uagb-icon-list-child uagb-block-f1535805\"><span class=\"uagb-icon-list__source-wrap\"><svg xmlns=\"https:\/\/www.w3.org\/2000\/svg\" viewbox=\"0 0 512 512\"><path d=\"M0 256C0 114.6 114.6 0 256 0C397.4 0 512 114.6 512 256C512 397.4 397.4 512 256 512C114.6 512 0 397.4 0 256zM371.8 211.8C382.7 200.9 382.7 183.1 371.8 172.2C360.9 161.3 343.1 161.3 332.2 172.2L224 280.4L179.8 236.2C168.9 225.3 151.1 225.3 140.2 236.2C129.3 247.1 129.3 264.9 140.2 275.8L204.2 339.8C215.1 350.7 232.9 350.7 243.8 339.8L371.8 211.8z\"><\/path><\/svg><\/span><span class=\"uagb-icon-list__label\">Par\u00e1lisis facial<\/span><\/div>\n\n\n\n<div class=\"wp-block-uagb-icon-list-child uagb-block-c493c574\"><span class=\"uagb-icon-list__source-wrap\"><svg xmlns=\"https:\/\/www.w3.org\/2000\/svg\" viewbox=\"0 0 512 512\"><path d=\"M0 256C0 114.6 114.6 0 256 0C397.4 0 512 114.6 512 256C512 397.4 397.4 512 256 512C114.6 512 0 397.4 0 256zM371.8 211.8C382.7 200.9 382.7 183.1 371.8 172.2C360.9 161.3 343.1 161.3 332.2 172.2L224 280.4L179.8 236.2C168.9 225.3 151.1 225.3 140.2 236.2C129.3 247.1 129.3 264.9 140.2 275.8L204.2 339.8C215.1 350.7 232.9 350.7 243.8 339.8L371.8 211.8z\"><\/path><\/svg><\/span><span class=\"uagb-icon-list__label\">Recuperaci\u00f3n de un ACV (accidente cerebrobascular)<\/span><\/div>\n\n\n\n<div class=\"wp-block-uagb-icon-list-child uagb-block-4281375b\"><span class=\"uagb-icon-list__source-wrap\"><svg xmlns=\"https:\/\/www.w3.org\/2000\/svg\" viewbox=\"0 0 512 512\"><path d=\"M0 256C0 114.6 114.6 0 256 0C397.4 0 512 114.6 512 256C512 397.4 397.4 512 256 512C114.6 512 0 397.4 0 256zM371.8 211.8C382.7 200.9 382.7 183.1 371.8 172.2C360.9 161.3 343.1 161.3 332.2 172.2L224 280.4L179.8 236.2C168.9 225.3 151.1 225.3 140.2 236.2C129.3 247.1 129.3 264.9 140.2 275.8L204.2 339.8C215.1 350.7 232.9 350.7 243.8 339.8L371.8 211.8z\"><\/path><\/svg><\/span><span class=\"uagb-icon-list__label\">Sports injuries<\/span><\/div>\n\n\n\n<div class=\"wp-block-uagb-icon-list-child uagb-block-22877621\"><span class=\"uagb-icon-list__source-wrap\"><svg xmlns=\"https:\/\/www.w3.org\/2000\/svg\" viewbox=\"0 0 512 512\"><path d=\"M0 256C0 114.6 114.6 0 256 0C397.4 0 512 114.6 512 256C512 397.4 397.4 512 256 512C114.6 512 0 397.4 0 256zM371.8 211.8C382.7 200.9 382.7 183.1 371.8 172.2C360.9 161.3 343.1 161.3 332.2 172.2L224 280.4L179.8 236.2C168.9 225.3 151.1 225.3 140.2 236.2C129.3 247.1 129.3 264.9 140.2 275.8L204.2 339.8C215.1 350.7 232.9 350.7 243.8 339.8L371.8 211.8z\"><\/path><\/svg><\/span><span class=\"uagb-icon-list__label\">Facilitar el trabajo de parto<\/span><\/div>\n<\/div><\/div>\n\n\n\n<p>Si tu dolencia no se encuentra entre las citadas y deseas m\u00e1s informaci\u00f3n al respecto, ya sabes que&nbsp;<a href=\"https:\/\/acupunturaenergeticabarcelona.com\/en\/contacta-con-nosotros\/\"><strong>puedes contactar con nosotros<\/strong>&nbsp;<\/a>y hacernos llegar tu pregunta sin ning\u00fan compromiso.<\/p>\n\n\n\n<div class=\"wp-block-group alignfull has-text-color has-background is-layout-flow wp-block-group-is-layout-flow\" style=\"color:#000000;background-color:#ffffff\">\n<div style=\"height:64px\" aria-hidden=\"true\" class=\"wp-block-spacer\"><\/div>\n\n\n\n<p class=\"has-text-align-center has-small-font-size\" style=\"line-height:.9\">Cualquier pregunta no dudes en preguntarnos<\/p>\n\n\n\n<h2 class=\"wp-block-heading has-text-align-center\" id=\"schedule-a-visit\" style=\"font-size:52px;line-height:1.15\">Get in touch with us<\/h2>\n\n\n\n<div class=\"wp-block-buttons is-horizontal is-content-justification-center is-layout-flex wp-container-core-buttons-is-layout-03627597 wp-block-buttons-is-layout-flex\">\n<div class=\"wp-block-button has-custom-width wp-block-button__width-50\"><a class=\"wp-block-button__link has-text-color has-background wp-element-button\" href=\"https:\/\/acupunturaenergeticabarcelona.com\/en\/contacta-con-nosotros\/\" style=\"border-radius:50px;color:#ffffff;background-color:#000000\">Contact us<\/a><\/div>\n<\/div>\n\n\n\n<div style=\"height:64px\" aria-hidden=\"true\" class=\"wp-block-spacer\"><\/div>\n<\/div>","protected":false},"excerpt":{"rendered":"<p>Electroacupuntura en Barcelona Inicio &gt; Tratamientos &gt; Electroacupuntura En comparaci\u00f3n con la&nbsp;acupuntura est\u00e1ndar, cuyos or\u00edgenes se remontan a miles de a\u00f1os atr\u00e1s, la terapia de la&nbsp;electroacupuntura en Barcelona&nbsp;es una t\u00e9cnica relativamente joven. Podemos decir de ella que aunque se basa en la acupuntura cl\u00e1sica china, naci\u00f3 en Francia en el siglo XIX y desde el [&hellip;]<\/p>","protected":false},"author":1,"featured_media":0,"parent":0,"menu_order":0,"comment_status":"closed","ping_status":"closed","template":"","meta":{"_uag_custom_page_level_css":"","site-sidebar-layout":"default","site-content-layout":"","ast-site-content-layout":"default","site-content-style":"default","site-sidebar-style":"default","ast-global-header-display":"","ast-banner-title-visibility":"","ast-main-header-display":"","ast-hfb-above-header-display":"","ast-hfb-below-header-display":"","ast-hfb-mobile-header-display":"","site-post-title":"disabled","ast-breadcrumbs-content":"","ast-featured-img":"","footer-sml-layout":"","theme-transparent-header-meta":"","adv-header-id-meta":"","stick-header-meta":"","header-above-stick-meta":"","header-main-stick-meta":"","header-below-stick-meta":"","astra-migrate-meta-layouts":"set","ast-page-background-enabled":"default","ast-page-background-meta":{"desktop":{"background-color":"var(--ast-global-color-4)","background-image":"","background-repeat":"repeat","background-position":"center center","background-size":"auto","background-attachment":"scroll","background-type":"","background-media":"","overlay-type":"","overlay-color":"","overlay-opacity":"","overlay-gradient":""},"tablet":{"background-color":"","background-image":"","background-repeat":"repeat","background-position":"center center","background-size":"auto","background-attachment":"scroll","background-type":"","background-media":"","overlay-type":"","overlay-color":"","overlay-opacity":"","overlay-gradient":""},"mobile":{"background-color":"","background-image":"","background-repeat":"repeat","background-position":"center center","background-size":"auto","background-attachment":"scroll","background-type":"","background-media":"","overlay-type":"","overlay-color":"","overlay-opacity":"","overlay-gradient":""}},"ast-content-background-meta":{"desktop":{"background-color":"var(--ast-global-color-5)","background-image":"","background-repeat":"repeat","background-position":"center center","background-size":"auto","background-attachment":"scroll","background-type":"","background-media":"","overlay-type":"","overlay-color":"","overlay-opacity":"","overlay-gradient":""},"tablet":{"background-color":"var(--ast-global-color-5)","background-image":"","background-repeat":"repeat","background-position":"center center","background-size":"auto","background-attachment":"scroll","background-type":"","background-media":"","overlay-type":"","overlay-color":"","overlay-opacity":"","overlay-gradient":""},"mobile":{"background-color":"var(--ast-global-color-5)","background-image":"","background-repeat":"repeat","background-position":"center center","background-size":"auto","background-attachment":"scroll","background-type":"","background-media":"","overlay-type":"","overlay-color":"","overlay-opacity":"","overlay-gradient":""}},"_joinchat":[],"footnotes":""},"class_list":["post-2029","page","type-page","status-publish","hentry"],"yoast_head":"<!-- This site is optimized with the Yoast SEO plugin v23.1 - https:\/\/yoast.com\/wordpress\/plugins\/seo\/ -->\n<title>Electroacupuntura en Barcelona - Acupuntura en Barcelona<\/title>\n<meta name=\"description\" content=\"La electroacupuntura tiene una eficacia r\u00e1pida e incre\u00edble ya que tiene m\u00e1s potenc\u00eda que la tradicional gracias a la estimulaci\u00f3n el\u00e9ctrica.\" \/>\n<meta name=\"robots\" content=\"index, follow, max-snippet:-1, max-image-preview:large, max-video-preview:-1\" \/>\n<link rel=\"canonical\" href=\"https:\/\/acupunturaenergeticabarcelona.com\/en\/electroacupuntura\/\" \/>\n<meta property=\"og:locale\" content=\"en_GB\" \/>\n<meta property=\"og:type\" content=\"article\" \/>\n<meta property=\"og:title\" content=\"Electroacupuntura en Barcelona - Acupuntura en Barcelona\" \/>\n<meta property=\"og:description\" content=\"La electroacupuntura tiene una eficacia r\u00e1pida e incre\u00edble ya que tiene m\u00e1s potenc\u00eda que la tradicional gracias a la estimulaci\u00f3n el\u00e9ctrica.\" \/>\n<meta property=\"og:url\" content=\"https:\/\/acupunturaenergeticabarcelona.com\/en\/electroacupuntura\/\" \/>\n<meta property=\"og:site_name\" content=\"Acupuntura Energ\u00e9tica Barcelona\" \/>\n<meta property=\"article:modified_time\" content=\"2024-07-01T19:58:36+00:00\" \/>\n<meta property=\"og:image\" content=\"http:\/\/acupunturaenergeticabarcelona.com\/wp-content\/uploads\/2024\/01\/AB43E8F2-70C2-4F43-ADEB-3539276044A0.jpeg\" \/>\n<meta name=\"twitter:card\" content=\"summary_large_image\" \/>\n<script type=\"application\/ld+json\" class=\"yoast-schema-graph\">{\"@context\":\"https:\/\/schema.org\",\"@graph\":[{\"@type\":\"WebPage\",\"@id\":\"https:\/\/acupunturaenergeticabarcelona.com\/electroacupuntura\/\",\"url\":\"https:\/\/acupunturaenergeticabarcelona.com\/electroacupuntura\/\",\"name\":\"Electroacupuntura en Barcelona - Acupuntura en Barcelona\",\"isPartOf\":{\"@id\":\"https:\/\/acupunturaenergeticabarcelona.com\/#website\"},\"primaryImageOfPage\":{\"@id\":\"https:\/\/acupunturaenergeticabarcelona.com\/electroacupuntura\/#primaryimage\"},\"image\":{\"@id\":\"https:\/\/acupunturaenergeticabarcelona.com\/electroacupuntura\/#primaryimage\"},\"thumbnailUrl\":\"http:\/\/acupunturaenergeticabarcelona.com\/wp-content\/uploads\/2024\/01\/AB43E8F2-70C2-4F43-ADEB-3539276044A0.jpeg\",\"datePublished\":\"2024-01-09T18:36:16+00:00\",\"dateModified\":\"2024-07-01T19:58:36+00:00\",\"description\":\"La electroacupuntura tiene una eficacia r\u00e1pida e incre\u00edble ya que tiene m\u00e1s potenc\u00eda que la tradicional gracias a la estimulaci\u00f3n el\u00e9ctrica.\",\"breadcrumb\":{\"@id\":\"https:\/\/acupunturaenergeticabarcelona.com\/electroacupuntura\/#breadcrumb\"},\"inLanguage\":\"en-GB\",\"potentialAction\":[{\"@type\":\"ReadAction\",\"target\":[\"https:\/\/acupunturaenergeticabarcelona.com\/electroacupuntura\/\"]}]},{\"@type\":\"ImageObject\",\"inLanguage\":\"en-GB\",\"@id\":\"https:\/\/acupunturaenergeticabarcelona.com\/electroacupuntura\/#primaryimage\",\"url\":\"http:\/\/acupunturaenergeticabarcelona.com\/wp-content\/uploads\/2024\/01\/AB43E8F2-70C2-4F43-ADEB-3539276044A0.jpeg\",\"contentUrl\":\"http:\/\/acupunturaenergeticabarcelona.com\/wp-content\/uploads\/2024\/01\/AB43E8F2-70C2-4F43-ADEB-3539276044A0.jpeg\"},{\"@type\":\"BreadcrumbList\",\"@id\":\"https:\/\/acupunturaenergeticabarcelona.com\/electroacupuntura\/#breadcrumb\",\"itemListElement\":[{\"@type\":\"ListItem\",\"position\":1,\"name\":\"Portada\",\"item\":\"https:\/\/acupunturaenergeticabarcelona.com\/\"},{\"@type\":\"ListItem\",\"position\":2,\"name\":\"Electroacupuntura en Barcelona\"}]},{\"@type\":\"WebSite\",\"@id\":\"https:\/\/acupunturaenergeticabarcelona.com\/#website\",\"url\":\"https:\/\/acupunturaenergeticabarcelona.com\/\",\"name\":\"Acupuntura y Medicina China en Barcelona\",\"description\":\"Acupuntura y Medicina China en Barcelona\",\"publisher\":{\"@id\":\"https:\/\/acupunturaenergeticabarcelona.com\/#\/schema\/person\/86ca1cb64ad7aa15eb2a091f42916d17\"},\"alternateName\":\"Acupuntura Energ\u00e9tica Barcelona\",\"potentialAction\":[{\"@type\":\"SearchAction\",\"target\":{\"@type\":\"EntryPoint\",\"urlTemplate\":\"https:\/\/acupunturaenergeticabarcelona.com\/?s={search_term_string}\"},\"query-input\":\"required name=search_term_string\"}],\"inLanguage\":\"en-GB\"},{\"@type\":[\"Person\",\"Organization\"],\"@id\":\"https:\/\/acupunturaenergeticabarcelona.com\/#\/schema\/person\/86ca1cb64ad7aa15eb2a091f42916d17\",\"name\":\"Julia Valiente\",\"image\":{\"@type\":\"ImageObject\",\"inLanguage\":\"en-GB\",\"@id\":\"https:\/\/acupunturaenergeticabarcelona.com\/#\/schema\/person\/image\/\",\"url\":\"https:\/\/acupunturaenergeticabarcelona.com\/wp-content\/uploads\/2024\/01\/JL-symbol-color.png\",\"contentUrl\":\"https:\/\/acupunturaenergeticabarcelona.com\/wp-content\/uploads\/2024\/01\/JL-symbol-color.png\",\"width\":568,\"height\":568,\"caption\":\"Julia Valiente\"},\"logo\":{\"@id\":\"https:\/\/acupunturaenergeticabarcelona.com\/#\/schema\/person\/image\/\"},\"sameAs\":[\"http:\/\/acupunturaenergeticabarcelona.com\"]}]}<\/script>\n<!-- \/ Yoast SEO plugin. -->","yoast_head_json":{"title":"Electroacupuntura en Barcelona - Acupuntura en Barcelona","description":"La electroacupuntura tiene una eficacia r\u00e1pida e incre\u00edble ya que tiene m\u00e1s potenc\u00eda que la tradicional gracias a la estimulaci\u00f3n el\u00e9ctrica.","robots":{"index":"index","follow":"follow","max-snippet":"max-snippet:-1","max-image-preview":"max-image-preview:large","max-video-preview":"max-video-preview:-1"},"canonical":"https:\/\/acupunturaenergeticabarcelona.com\/en\/electroacupuntura\/","og_locale":"en_GB","og_type":"article","og_title":"Electroacupuntura en Barcelona - Acupuntura en Barcelona","og_description":"La electroacupuntura tiene una eficacia r\u00e1pida e incre\u00edble ya que tiene m\u00e1s potenc\u00eda que la tradicional gracias a la estimulaci\u00f3n el\u00e9ctrica.","og_url":"https:\/\/acupunturaenergeticabarcelona.com\/en\/electroacupuntura\/","og_site_name":"Acupuntura Energ\u00e9tica Barcelona","article_modified_time":"2024-07-01T19:58:36+00:00","og_image":[{"url":"http:\/\/acupunturaenergeticabarcelona.com\/wp-content\/uploads\/2024\/01\/AB43E8F2-70C2-4F43-ADEB-3539276044A0.jpeg"}],"twitter_card":"summary_large_image","schema":{"@context":"https:\/\/schema.org","@graph":[{"@type":"WebPage","@id":"https:\/\/acupunturaenergeticabarcelona.com\/electroacupuntura\/","url":"https:\/\/acupunturaenergeticabarcelona.com\/electroacupuntura\/","name":"Electroacupuntura en Barcelona - Acupuntura en Barcelona","isPartOf":{"@id":"https:\/\/acupunturaenergeticabarcelona.com\/#website"},"primaryImageOfPage":{"@id":"https:\/\/acupunturaenergeticabarcelona.com\/electroacupuntura\/#primaryimage"},"image":{"@id":"https:\/\/acupunturaenergeticabarcelona.com\/electroacupuntura\/#primaryimage"},"thumbnailUrl":"http:\/\/acupunturaenergeticabarcelona.com\/wp-content\/uploads\/2024\/01\/AB43E8F2-70C2-4F43-ADEB-3539276044A0.jpeg","datePublished":"2024-01-09T18:36:16+00:00","dateModified":"2024-07-01T19:58:36+00:00","description":"La electroacupuntura tiene una eficacia r\u00e1pida e incre\u00edble ya que tiene m\u00e1s potenc\u00eda que la tradicional gracias a la estimulaci\u00f3n el\u00e9ctrica.","breadcrumb":{"@id":"https:\/\/acupunturaenergeticabarcelona.com\/electroacupuntura\/#breadcrumb"},"inLanguage":"en-GB","potentialAction":[{"@type":"ReadAction","target":["https:\/\/acupunturaenergeticabarcelona.com\/electroacupuntura\/"]}]},{"@type":"ImageObject","inLanguage":"en-GB","@id":"https:\/\/acupunturaenergeticabarcelona.com\/electroacupuntura\/#primaryimage","url":"http:\/\/acupunturaenergeticabarcelona.com\/wp-content\/uploads\/2024\/01\/AB43E8F2-70C2-4F43-ADEB-3539276044A0.jpeg","contentUrl":"http:\/\/acupunturaenergeticabarcelona.com\/wp-content\/uploads\/2024\/01\/AB43E8F2-70C2-4F43-ADEB-3539276044A0.jpeg"},{"@type":"BreadcrumbList","@id":"https:\/\/acupunturaenergeticabarcelona.com\/electroacupuntura\/#breadcrumb","itemListElement":[{"@type":"ListItem","position":1,"name":"Portada","item":"https:\/\/acupunturaenergeticabarcelona.com\/"},{"@type":"ListItem","position":2,"name":"Electroacupuntura en Barcelona"}]},{"@type":"WebSite","@id":"https:\/\/acupunturaenergeticabarcelona.com\/#website","url":"https:\/\/acupunturaenergeticabarcelona.com\/","name":"Acupuntura y Medicina China en Barcelona","description":"Acupuntura y Medicina China en Barcelona","publisher":{"@id":"https:\/\/acupunturaenergeticabarcelona.com\/#\/schema\/person\/86ca1cb64ad7aa15eb2a091f42916d17"},"alternateName":"Acupuntura Energ\u00e9tica Barcelona","potentialAction":[{"@type":"SearchAction","target":{"@type":"EntryPoint","urlTemplate":"https:\/\/acupunturaenergeticabarcelona.com\/?s={search_term_string}"},"query-input":"required name=search_term_string"}],"inLanguage":"en-GB"},{"@type":["Person","Organization"],"@id":"https:\/\/acupunturaenergeticabarcelona.com\/#\/schema\/person\/86ca1cb64ad7aa15eb2a091f42916d17","name":"Julia Valiente","image":{"@type":"ImageObject","inLanguage":"en-GB","@id":"https:\/\/acupunturaenergeticabarcelona.com\/#\/schema\/person\/image\/","url":"https:\/\/acupunturaenergeticabarcelona.com\/wp-content\/uploads\/2024\/01\/JL-symbol-color.png","contentUrl":"https:\/\/acupunturaenergeticabarcelona.com\/wp-content\/uploads\/2024\/01\/JL-symbol-color.png","width":568,"height":568,"caption":"Julia Valiente"},"logo":{"@id":"https:\/\/acupunturaenergeticabarcelona.com\/#\/schema\/person\/image\/"},"sameAs":["http:\/\/acupunturaenergeticabarcelona.com"]}]}},"uagb_featured_image_src":{"full":false,"thumbnail":false,"medium":false,"medium_large":false,"large":false,"1536x1536":false,"2048x2048":false,"trp-custom-language-flag":false},"uagb_author_info":{"display_name":"yago","author_link":"https:\/\/acupunturaenergeticabarcelona.com\/en\/author\/yago\/"},"uagb_comment_info":0,"uagb_excerpt":"Electroacupuntura en Barcelona Inicio &gt; Tratamientos &gt; Electroacupuntura En comparaci\u00f3n con la&nbsp;acupuntura est\u00e1ndar, cuyos or\u00edgenes se remontan a miles de a\u00f1os atr\u00e1s, la terapia de la&nbsp;electroacupuntura en Barcelona&nbsp;es una t\u00e9cnica relativamente joven. Podemos decir de ella que aunque se basa en la acupuntura cl\u00e1sica china, naci\u00f3 en Francia en el siglo XIX y desde el&hellip;","_links":{"self":[{"href":"https:\/\/acupunturaenergeticabarcelona.com\/en\/wp-json\/wp\/v2\/pages\/2029","targetHints":{"allow":["GET"]}}],"collection":[{"href":"https:\/\/acupunturaenergeticabarcelona.com\/en\/wp-json\/wp\/v2\/pages"}],"about":[{"href":"https:\/\/acupunturaenergeticabarcelona.com\/en\/wp-json\/wp\/v2\/types\/page"}],"author":[{"embeddable":true,"href":"https:\/\/acupunturaenergeticabarcelona.com\/en\/wp-json\/wp\/v2\/users\/1"}],"replies":[{"embeddable":true,"href":"https:\/\/acupunturaenergeticabarcelona.com\/en\/wp-json\/wp\/v2\/comments?post=2029"}],"version-history":[{"count":7,"href":"https:\/\/acupunturaenergeticabarcelona.com\/en\/wp-json\/wp\/v2\/pages\/2029\/revisions"}],"predecessor-version":[{"id":2329,"href":"https:\/\/acupunturaenergeticabarcelona.com\/en\/wp-json\/wp\/v2\/pages\/2029\/revisions\/2329"}],"wp:attachment":[{"href":"https:\/\/acupunturaenergeticabarcelona.com\/en\/wp-json\/wp\/v2\/media?parent=2029"}],"curies":[{"name":"wp","href":"https:\/\/api.w.org\/{rel}","templated":true}]}}