{"id":2041,"date":"2024-01-11T18:29:17","date_gmt":"2024-01-11T17:29:17","guid":{"rendered":"https:\/\/acupunturaenergeticabarcelona.com\/?page_id=2041"},"modified":"2024-01-14T19:31:54","modified_gmt":"2024-01-14T18:31:54","slug":"medicina-china","status":"publish","type":"page","link":"https:\/\/acupunturaenergeticabarcelona.com\/en\/medicina-china\/","title":{"rendered":"Barcelona Chinese Medicine"},"content":{"rendered":"<h2 class=\"wp-block-heading has-text-align-center\">Medicina China en Barcelona<\/h2>\n\n\n\n<p><a href=\"https:\/\/acupunturaenergeticabarcelona.com\/en\/\">Home<\/a> > <a href=\"https:\/\/acupunturaenergeticabarcelona.com\/en\/medicina-china\/\">Chinese Medicine<\/a> <\/p>\n\n\n\n<div class=\"wp-block-uagb-separator uagb-block-d82deb04\"><div class=\"wp-block-uagb-separator__inner\" style=\"--my-background-image:\"><\/div><\/div>\n\n\n\n<h2 class=\"wp-block-heading has-text-align-center\">Los 6 pilares de la medicina tradicional China Barcelona<\/h2>\n\n\n\n<p>Todas las culturas del mundo han desarrollado a lo largo de su historia un sistema de prevenci\u00f3n, tratamiento de enfermedades y mantenimiento de la salud de sus integrantes.<\/p>\n\n\n\n<p>Estos sistemas reciben el nombre de medicina tradicional en Barcelona o ancestral, la medicina tradicional china (MTC) con m\u00e1s de 3000 a\u00f1os de antig\u00fcedad es una de ellas. Los or\u00edgenes de la medicina china no son comprensibles sin situarlos en su contexto social, especialmente en su interacci\u00f3n con dos movimientos filos\u00f3ficos fundamentales:&nbsp;<strong>el confucionismo y el tao\u00edsmo<\/strong>&nbsp;cuyo concepto m\u00e1s influyente ser\u00eda cultivar una forma de vida acorde con el ciclo de la naturaleza, y en no dejarse llevar por los excesos y las emociones.<\/p>\n\n\n\n<p>La enfermedad empieza a entenderse desde entonces como una ruptura de la armon\u00eda entre el ser humano y la naturaleza. Sus teor\u00edas nacen a partir de una reflexi\u00f3n acerca de estos fen\u00f3menos c\u00edclicos naturales y emergen conceptos como&nbsp;<strong>Qi<\/strong>&nbsp;(energ\u00eda vital),&nbsp;<strong>Yin Yang<\/strong>&nbsp;(teor\u00eda de los opuestos),&nbsp;<strong>Wu Xing<\/strong>&nbsp;(teor\u00eda de los cinco elementos o movimientos) o&nbsp;<strong>Ba Gua<\/strong>&nbsp;(los ocho trigramas base del I Ching, el \u00ablibro de las mutaciones\u00bb), muy importantes en la comprensi\u00f3n de las bases filos\u00f3ficas de la medicina china.<\/p>\n\n\n\n<p>A modo de s\u00edntesis podemos concluir que&nbsp;<strong>la medicina tradicional china es un sistema m\u00e9dico hol\u00edstico que se centra tanto en el mantenimiento de la salud, mejorando la resistencia del organismo a la enfermedad, como en el tratamiento de patolog\u00edas ya establecidas, enfatizando la relaci\u00f3n entre el ser humano y su entorno social y natural.<\/strong><\/p>\n\n\n\n<h3 class=\"wp-block-heading has-text-align-center\">M\u00c9TODOS TERAP\u00c9UTICOS<\/h3>\n\n\n\n<p>Para mejorar la salud, la medicina tradicional china aplica m\u00e9todos terap\u00e9uticos naturales. Entre ellos podemos encontrar:<\/p>\n\n\n\n<ul class=\"wp-block-list\">\n<li><strong><a href=\"https:\/\/acupunturaenergeticabarcelona.com\/en\/acupuntura-barcelona\/\">Acupuncture<\/a><\/strong>, seguramente la m\u00e1s popular. Consiste en insertas agujas de metal en determinados puntos del cuerpo, relacionados con los meridianos energ\u00e9ticos. La inserci\u00f3n de las agujas se realiza tanto en puntos distales de los pies, dedos de la mano, piernas o cara como en zonas m\u00e1s pr\u00f3ximas al tronco. Entre sus aplicaciones m\u00e1s conocidas est\u00e1 el tratamiento de dolores musculoesquel\u00e9ticos y osteoarticulares como artrosis, artritis, dolor de espalda, cervicalgia, ci\u00e1tica, esguince de tobillo, epicondilitis (codo de tenista), entre otras indicaciones. La acupuntura a menudo ejerce un efecto calmante sobre el sistema nervioso aut\u00f3nomo, por ello resulta muy efectiva en el tratamiento de la ansiedad, y autorregulaci\u00f3n de la gesti\u00f3n emocional.<br>Dentro de la acupuntura tenemos variantes como la auriculoterapia, que consiste en la inserci\u00f3n de agujas o la aplicaci\u00f3n de est\u00edmulos m\u00e1s permanentes en la oreja y que se emplea en los tratamientos para adelgazar o como complemento al tratamiento con acupuntura corporal, y la electroacupuntura que consiste en aplicar un est\u00edmulo el\u00e9ctrico a las agujas de acupuntura, muy indicada en par\u00e1lisis facial.<br>Durante la sesi\u00f3n, que suele durar entre 20 y 30 minutos, el paciente permanece tumbado en una camilla en un ambiente relajado.<\/li>\n\n\n\n<li><strong><a href=\"https:\/\/acupunturaenergeticabarcelona.com\/en\/fitoterapia\/\">Fitoterapia china<\/a>.<\/strong>&nbsp;Trata sobre el uso de hierbas medicinales de la tradici\u00f3n china. Un conjunto de remedios herbales se unen en una f\u00f3rmula magistral que nos sirve tanto para fortalecer el pulm\u00f3n en invierno, detoxificar el h\u00edgado o limpiar la ves\u00edcula biliar en primavera, como para tratar diferentes dolencias, desde problemas digestivos como gastritis, dispepsia, s\u00edndrome del colon irritable hasta problemas respiratorios pasando por el tratamiento de la ansiedad, depresi\u00f3n o fatiga cr\u00f3nica.<\/li>\n\n\n\n<li><strong><a href=\"https:\/\/acupunturaenergeticabarcelona.com\/en\/alimentacion-energetica\/\">Dietoterapia o alimentaci\u00f3n energ\u00e9tica<\/a>.<\/strong>&nbsp;Consiste en el uso de los alimentos como remedio terap\u00e9utico. Comparte los mismos principios que la medicina china en cuanto a la naturaleza del alimento y su efecto energ\u00e9tico en nuestro organismo y postula que la curaci\u00f3n es posible a trav\u00e9s de la alimentaci\u00f3n. En nuestro centro de Barcelona apostamos por la dietoterapia energ\u00e9tica especialmente en aquellas etapas de cambio en la vida como pueden ser la pubertad, adolescencia, embarazo, maternidad, o menopausia. Por otro lado, un tratamiento con alimentaci\u00f3n energ\u00e9tica puede ser especialmente \u00fatil en problemas como diabetes tipo 2, obesidad, dermatitis o hipertensi\u00f3n entre otros.<\/li>\n\n\n\n<li><strong><a href=\"https:\/\/acupunturaenergeticabarcelona.com\/en\/masaje-tuina\/\">Tui Na therapy<\/a>.<\/strong>&nbsp;Terapia manual que utiliza el masaje como tratamiento, al igual que la acupuntura y la fitoterapia, el Tui na resulta inseparable de la l\u00f3gica y la filosof\u00eda de la medicina china y comparte con ella su enfoque energ\u00e9tico. Como t\u00e9cnica, se destaca por liberar los canales o meridianos energ\u00e9ticos (esencialmente los m\u00fasculos, tendones y ligamentos) y facilitar el movimiento de las articulaciones. Al abrir, liberar y equilibrar los meridianos, el Tui na puede tratar no solo los problemas musculoesquel\u00e9ticos, sino tambi\u00e9n las dolencias que pueden ser causadas por patrones emocionales y posturales que, una vez inconscientes, han quedado bloqueados en el tejido conectivo del cuerpo.<\/li>\n\n\n\n<li><strong>Moxibusti\u00f3n.<\/strong>&nbsp;Tanto la moxibusti\u00f3n como el Tui na se remontan a periodos anteriores a la invenci\u00f3n de las agujas y la acupuntura. La moxibusti\u00f3n ha sido utilizada en China durante miles de a\u00f1os y hoy en d\u00eda todav\u00eda tiene un papel muy importante en los sistemas de medicina tradicional de este pa\u00eds. Esta t\u00e9cnica consiste en quemar una hierba seca, generalmente artemisa, ya sea directamente sobre la piel o indirectamente, para estimular y calentar puntos, canales o \u00e1reas espec\u00edficas del cuerpo. Entre sus cualidades est\u00e1 la de mejorar la circulaci\u00f3n de la energ\u00eda y la sangre, estimular el Yang, y disipar el fr\u00edo y la humedad. Est\u00e1 especialmente indicada en procesos que cursan con dolor cr\u00f3nico, fatiga, algunos tipos de infertilidad, dismenorrea, diarrea, prolapsos, malas digestiones, atrofia muscular, y resulta especialmente popular por su capacidad para conseguir que un beb\u00e9 que viene de nalgas al final de embarazo gire por s\u00ed mismo antes del parto.<\/li>\n\n\n\n<li><strong>Qi Gong,<\/strong>&nbsp;es una forma de entrenamiento tanto f\u00edsico como energ\u00e9tico que consiste en la pr\u00e1ctica de determinados movimientos y meditaciones. Esta t\u00e9cnica es practicada con prop\u00f3sitos terap\u00e9uticos guiando el Qi a trav\u00e9s de los meridianos con el movimiento, la intenci\u00f3n y la atenci\u00f3n.<\/li>\n<\/ul>\n\n\n\n<figure class=\"wp-block-image alignleft size-large is-resized\"><img loading=\"lazy\" decoding=\"async\" width=\"1024\" height=\"683\" src=\"http:\/\/acupunturaenergeticabarcelona.com\/wp-content\/uploads\/2024\/01\/69AC3483-BEE3-4759-88C2-B3EA914807E2-1024x683.jpeg\" alt=\"Medicina China en Barcelona\" class=\"wp-image-1956\" style=\"width:594px;height:auto\" srcset=\"https:\/\/acupunturaenergeticabarcelona.com\/wp-content\/uploads\/2024\/01\/69AC3483-BEE3-4759-88C2-B3EA914807E2-1024x683.jpeg 1024w, https:\/\/acupunturaenergeticabarcelona.com\/wp-content\/uploads\/2024\/01\/69AC3483-BEE3-4759-88C2-B3EA914807E2-300x200.jpeg 300w, https:\/\/acupunturaenergeticabarcelona.com\/wp-content\/uploads\/2024\/01\/69AC3483-BEE3-4759-88C2-B3EA914807E2-768x512.jpeg 768w, https:\/\/acupunturaenergeticabarcelona.com\/wp-content\/uploads\/2024\/01\/69AC3483-BEE3-4759-88C2-B3EA914807E2-1536x1024.jpeg 1536w, https:\/\/acupunturaenergeticabarcelona.com\/wp-content\/uploads\/2024\/01\/69AC3483-BEE3-4759-88C2-B3EA914807E2-2048x1365.jpeg 2048w\" sizes=\"auto, (max-width: 1024px) 100vw, 1024px\" \/><\/figure>\n\n\n\n<h4 class=\"wp-block-heading has-text-align-center\">DIAGN\u00d3STICO<\/h4>\n\n\n\n<p>La medicina china se basa en los 4 m\u00e9todos de diagn\u00f3stico que permiten diagnosticar la causa y la naturaleza de la enfermedad del paciente.<\/p>\n\n\n\n<ol class=\"wp-block-list\">\n<li>Anamnesis profunda sobre sus antecedentes cl\u00ednicos, su enfermedad, sintomatolog\u00eda, y otra informaci\u00f3n relevante.<\/li>\n\n\n\n<li>Inspecci\u00f3n: observaci\u00f3n del aspecto general del estado vital, del cuerpo en general y de algunas partes anat\u00f3micas en concreto, especialmente observaci\u00f3n de la lengua.<\/li>\n\n\n\n<li>Audici\u00f3n y olfacci\u00f3n. Exploraci\u00f3n del paciente para estudiar el sonido de su voz, respiraci\u00f3n, etc y su olor corporal.<\/li>\n\n\n\n<li>Palpaci\u00f3n. Inspecci\u00f3n mediante el tacto de su abdomen, puntos de acupuntura y trayecto de meridianos y en especial del pulso para obtener informaci\u00f3n sobre la patolog\u00eda y el estado del paciente.<\/li>\n<\/ol>\n\n\n\n<p>Una vez realizado el diagn\u00f3stico, el especialista en medicina china en barcelona, mediante las t\u00e9cnicas antes mencionadas, restablecer\u00e1 el Qi del organismo reequilibrando el Yin y el Yang y devolviendo la salud perdida, facilitando de esta manera la curaci\u00f3n de la enfermedad por la que el paciente consult\u00f3.<\/p>\n\n\n\n<p>At&nbsp;<strong><a href=\"https:\/\/acupunturaenergeticabarcelona.com\/en\/\">Energetic Acupuncture Barcelona<\/a><\/strong>&nbsp;trabajamos habitualmente con<strong>&nbsp;<a href=\"https:\/\/acupunturaenergeticabarcelona.com\/en\/acupuntura-barcelona\/\">acupuncture<\/a>, auriculoterapia, <a href=\"https:\/\/acupunturaenergeticabarcelona.com\/en\/electroacupuntura\/\">electroacupuncture<\/a><\/strong>, hierbas medicinales chinas,&nbsp;<strong>Tui na, dietoterapia energ\u00e9tica y moxibusti\u00f3n<\/strong>.<\/p>\n\n\n\n<p>Realizamos diagn\u00f3sticos diferenciados y tratamientos personalizados acordes al estado energ\u00e9tico de cada paciente. Todos nuestros esfuerzos van dirigidos a restaurar y regular la energ\u00eda vital del paciente. Ayudamos a nuestros pacientes a entender cuales son los mejores h\u00e1bitos que deben cultivar y les informamos sobre las terapias m\u00e1s indicadas para ellos independientemente de si las ofrecemos en nuestro centro. Nuestro objetivo final consiste en hacer prosperar la salud y el bienestar personal de nuestro pacientes.<\/p>\n\n\n\n<h4 class=\"wp-block-heading has-text-align-center\">\u00bfTienes alguna pregunta? Cont\u00e1ctanos sin ning\u00fan tipo de compromiso<\/h4>","protected":false},"excerpt":{"rendered":"<p>Medicina China en Barcelona Inicio > Medicina China Los 6 pilares de la medicina tradicional China Barcelona Todas las culturas del mundo han desarrollado a lo largo de su historia un sistema de prevenci\u00f3n, tratamiento de enfermedades y mantenimiento de la salud de sus integrantes. Estos sistemas reciben el nombre de medicina tradicional en Barcelona [&hellip;]<\/p>","protected":false},"author":1,"featured_media":0,"parent":0,"menu_order":0,"comment_status":"closed","ping_status":"closed","template":"","meta":{"_uag_custom_page_level_css":"","site-sidebar-layout":"default","site-content-layout":"","ast-site-content-layout":"default","site-content-style":"default","site-sidebar-style":"default","ast-global-header-display":"","ast-banner-title-visibility":"","ast-main-header-display":"","ast-hfb-above-header-display":"","ast-hfb-below-header-display":"","ast-hfb-mobile-header-display":"","site-post-title":"disabled","ast-breadcrumbs-content":"","ast-featured-img":"","footer-sml-layout":"","theme-transparent-header-meta":"","adv-header-id-meta":"","stick-header-meta":"","header-above-stick-meta":"","header-main-stick-meta":"","header-below-stick-meta":"","astra-migrate-meta-layouts":"set","ast-page-background-enabled":"default","ast-page-background-meta":{"desktop":{"background-color":"var(--ast-global-color-4)","background-image":"","background-repeat":"repeat","background-position":"center center","background-size":"auto","background-attachment":"scroll","background-type":"","background-media":"","overlay-type":"","overlay-color":"","overlay-opacity":"","overlay-gradient":""},"tablet":{"background-color":"","background-image":"","background-repeat":"repeat","background-position":"center center","background-size":"auto","background-attachment":"scroll","background-type":"","background-media":"","overlay-type":"","overlay-color":"","overlay-opacity":"","overlay-gradient":""},"mobile":{"background-color":"","background-image":"","background-repeat":"repeat","background-position":"center center","background-size":"auto","background-attachment":"scroll","background-type":"","background-media":"","overlay-type":"","overlay-color":"","overlay-opacity":"","overlay-gradient":""}},"ast-content-background-meta":{"desktop":{"background-color":"var(--ast-global-color-5)","background-image":"","background-repeat":"repeat","background-position":"center center","background-size":"auto","background-attachment":"scroll","background-type":"","background-media":"","overlay-type":"","overlay-color":"","overlay-opacity":"","overlay-gradient":""},"tablet":{"background-color":"var(--ast-global-color-5)","background-image":"","background-repeat":"repeat","background-position":"center center","background-size":"auto","background-attachment":"scroll","background-type":"","background-media":"","overlay-type":"","overlay-color":"","overlay-opacity":"","overlay-gradient":""},"mobile":{"background-color":"var(--ast-global-color-5)","background-image":"","background-repeat":"repeat","background-position":"center center","background-size":"auto","background-attachment":"scroll","background-type":"","background-media":"","overlay-type":"","overlay-color":"","overlay-opacity":"","overlay-gradient":""}},"_joinchat":[],"footnotes":""},"class_list":["post-2041","page","type-page","status-publish","hentry"],"yoast_head":"<!-- This site is optimized with the Yoast SEO plugin v23.1 - https:\/\/yoast.com\/wordpress\/plugins\/seo\/ -->\n<title>Medicina China en Barcelona - Julia Valiente<\/title>\n<meta name=\"description\" content=\"Medicina Tradicional China en el centro de Barcelona. \u2714\ufe0f Acupuntura \u2714\ufe0f Fitoterapia China \u2714\ufe0f Masaje Tuina \u2714\ufe0f Dietoterapia energ\u00e9tica.\" \/>\n<meta name=\"robots\" content=\"index, follow, max-snippet:-1, max-image-preview:large, max-video-preview:-1\" \/>\n<link rel=\"canonical\" href=\"https:\/\/acupunturaenergeticabarcelona.com\/en\/medicina-china\/\" \/>\n<meta property=\"og:locale\" content=\"en_GB\" \/>\n<meta property=\"og:type\" content=\"article\" \/>\n<meta property=\"og:title\" content=\"Medicina China en Barcelona - Julia Valiente\" \/>\n<meta property=\"og:description\" content=\"Medicina Tradicional China en el centro de Barcelona. \u2714\ufe0f Acupuntura \u2714\ufe0f Fitoterapia China \u2714\ufe0f Masaje Tuina \u2714\ufe0f Dietoterapia energ\u00e9tica.\" \/>\n<meta property=\"og:url\" content=\"https:\/\/acupunturaenergeticabarcelona.com\/en\/medicina-china\/\" \/>\n<meta property=\"og:site_name\" content=\"Acupuntura Energ\u00e9tica Barcelona\" \/>\n<meta property=\"article:modified_time\" content=\"2024-01-14T18:31:54+00:00\" \/>\n<meta property=\"og:image\" content=\"http:\/\/acupunturaenergeticabarcelona.com\/wp-content\/uploads\/2024\/01\/69AC3483-BEE3-4759-88C2-B3EA914807E2-1024x683.jpeg\" \/>\n<meta name=\"twitter:card\" content=\"summary_large_image\" \/>\n<meta name=\"twitter:label1\" content=\"Estimated reading time\" \/>\n\t<meta name=\"twitter:data1\" content=\"6 minutes\" \/>\n<script type=\"application\/ld+json\" class=\"yoast-schema-graph\">{\"@context\":\"https:\/\/schema.org\",\"@graph\":[{\"@type\":\"WebPage\",\"@id\":\"https:\/\/acupunturaenergeticabarcelona.com\/medicina-china\/\",\"url\":\"https:\/\/acupunturaenergeticabarcelona.com\/medicina-china\/\",\"name\":\"Medicina China en Barcelona - Julia Valiente\",\"isPartOf\":{\"@id\":\"https:\/\/acupunturaenergeticabarcelona.com\/#website\"},\"primaryImageOfPage\":{\"@id\":\"https:\/\/acupunturaenergeticabarcelona.com\/medicina-china\/#primaryimage\"},\"image\":{\"@id\":\"https:\/\/acupunturaenergeticabarcelona.com\/medicina-china\/#primaryimage\"},\"thumbnailUrl\":\"http:\/\/acupunturaenergeticabarcelona.com\/wp-content\/uploads\/2024\/01\/69AC3483-BEE3-4759-88C2-B3EA914807E2-1024x683.jpeg\",\"datePublished\":\"2024-01-11T17:29:17+00:00\",\"dateModified\":\"2024-01-14T18:31:54+00:00\",\"description\":\"Medicina Tradicional China en el centro de Barcelona. \u2714\ufe0f Acupuntura \u2714\ufe0f Fitoterapia China \u2714\ufe0f Masaje Tuina \u2714\ufe0f Dietoterapia energ\u00e9tica.\",\"breadcrumb\":{\"@id\":\"https:\/\/acupunturaenergeticabarcelona.com\/medicina-china\/#breadcrumb\"},\"inLanguage\":\"en-GB\",\"potentialAction\":[{\"@type\":\"ReadAction\",\"target\":[\"https:\/\/acupunturaenergeticabarcelona.com\/medicina-china\/\"]}]},{\"@type\":\"ImageObject\",\"inLanguage\":\"en-GB\",\"@id\":\"https:\/\/acupunturaenergeticabarcelona.com\/medicina-china\/#primaryimage\",\"url\":\"http:\/\/acupunturaenergeticabarcelona.com\/wp-content\/uploads\/2024\/01\/69AC3483-BEE3-4759-88C2-B3EA914807E2-1024x683.jpeg\",\"contentUrl\":\"http:\/\/acupunturaenergeticabarcelona.com\/wp-content\/uploads\/2024\/01\/69AC3483-BEE3-4759-88C2-B3EA914807E2-1024x683.jpeg\"},{\"@type\":\"BreadcrumbList\",\"@id\":\"https:\/\/acupunturaenergeticabarcelona.com\/medicina-china\/#breadcrumb\",\"itemListElement\":[{\"@type\":\"ListItem\",\"position\":1,\"name\":\"Portada\",\"item\":\"https:\/\/acupunturaenergeticabarcelona.com\/\"},{\"@type\":\"ListItem\",\"position\":2,\"name\":\"Medicina China Barcelona\"}]},{\"@type\":\"WebSite\",\"@id\":\"https:\/\/acupunturaenergeticabarcelona.com\/#website\",\"url\":\"https:\/\/acupunturaenergeticabarcelona.com\/\",\"name\":\"Acupuntura y Medicina China en Barcelona\",\"description\":\"Acupuntura y Medicina China en Barcelona\",\"publisher\":{\"@id\":\"https:\/\/acupunturaenergeticabarcelona.com\/#\/schema\/person\/86ca1cb64ad7aa15eb2a091f42916d17\"},\"alternateName\":\"Acupuntura Energ\u00e9tica Barcelona\",\"potentialAction\":[{\"@type\":\"SearchAction\",\"target\":{\"@type\":\"EntryPoint\",\"urlTemplate\":\"https:\/\/acupunturaenergeticabarcelona.com\/?s={search_term_string}\"},\"query-input\":\"required name=search_term_string\"}],\"inLanguage\":\"en-GB\"},{\"@type\":[\"Person\",\"Organization\"],\"@id\":\"https:\/\/acupunturaenergeticabarcelona.com\/#\/schema\/person\/86ca1cb64ad7aa15eb2a091f42916d17\",\"name\":\"Julia Valiente\",\"image\":{\"@type\":\"ImageObject\",\"inLanguage\":\"en-GB\",\"@id\":\"https:\/\/acupunturaenergeticabarcelona.com\/#\/schema\/person\/image\/\",\"url\":\"https:\/\/acupunturaenergeticabarcelona.com\/wp-content\/uploads\/2024\/01\/JL-symbol-color.png\",\"contentUrl\":\"https:\/\/acupunturaenergeticabarcelona.com\/wp-content\/uploads\/2024\/01\/JL-symbol-color.png\",\"width\":568,\"height\":568,\"caption\":\"Julia Valiente\"},\"logo\":{\"@id\":\"https:\/\/acupunturaenergeticabarcelona.com\/#\/schema\/person\/image\/\"},\"sameAs\":[\"http:\/\/acupunturaenergeticabarcelona.com\"]}]}<\/script>\n<!-- \/ Yoast SEO plugin. -->","yoast_head_json":{"title":"Medicina China en Barcelona - Julia Valiente","description":"Medicina Tradicional China en el centro de Barcelona. \u2714\ufe0f Acupuntura \u2714\ufe0f Fitoterapia China \u2714\ufe0f Masaje Tuina \u2714\ufe0f Dietoterapia energ\u00e9tica.","robots":{"index":"index","follow":"follow","max-snippet":"max-snippet:-1","max-image-preview":"max-image-preview:large","max-video-preview":"max-video-preview:-1"},"canonical":"https:\/\/acupunturaenergeticabarcelona.com\/en\/medicina-china\/","og_locale":"en_GB","og_type":"article","og_title":"Medicina China en Barcelona - Julia Valiente","og_description":"Medicina Tradicional China en el centro de Barcelona. \u2714\ufe0f Acupuntura \u2714\ufe0f Fitoterapia China \u2714\ufe0f Masaje Tuina \u2714\ufe0f Dietoterapia energ\u00e9tica.","og_url":"https:\/\/acupunturaenergeticabarcelona.com\/en\/medicina-china\/","og_site_name":"Acupuntura Energ\u00e9tica Barcelona","article_modified_time":"2024-01-14T18:31:54+00:00","og_image":[{"url":"http:\/\/acupunturaenergeticabarcelona.com\/wp-content\/uploads\/2024\/01\/69AC3483-BEE3-4759-88C2-B3EA914807E2-1024x683.jpeg"}],"twitter_card":"summary_large_image","twitter_misc":{"Estimated reading time":"6 minutes"},"schema":{"@context":"https:\/\/schema.org","@graph":[{"@type":"WebPage","@id":"https:\/\/acupunturaenergeticabarcelona.com\/medicina-china\/","url":"https:\/\/acupunturaenergeticabarcelona.com\/medicina-china\/","name":"Medicina China en Barcelona - Julia Valiente","isPartOf":{"@id":"https:\/\/acupunturaenergeticabarcelona.com\/#website"},"primaryImageOfPage":{"@id":"https:\/\/acupunturaenergeticabarcelona.com\/medicina-china\/#primaryimage"},"image":{"@id":"https:\/\/acupunturaenergeticabarcelona.com\/medicina-china\/#primaryimage"},"thumbnailUrl":"http:\/\/acupunturaenergeticabarcelona.com\/wp-content\/uploads\/2024\/01\/69AC3483-BEE3-4759-88C2-B3EA914807E2-1024x683.jpeg","datePublished":"2024-01-11T17:29:17+00:00","dateModified":"2024-01-14T18:31:54+00:00","description":"Medicina Tradicional China en el centro de Barcelona. \u2714\ufe0f Acupuntura \u2714\ufe0f Fitoterapia China \u2714\ufe0f Masaje Tuina \u2714\ufe0f Dietoterapia energ\u00e9tica.","breadcrumb":{"@id":"https:\/\/acupunturaenergeticabarcelona.com\/medicina-china\/#breadcrumb"},"inLanguage":"en-GB","potentialAction":[{"@type":"ReadAction","target":["https:\/\/acupunturaenergeticabarcelona.com\/medicina-china\/"]}]},{"@type":"ImageObject","inLanguage":"en-GB","@id":"https:\/\/acupunturaenergeticabarcelona.com\/medicina-china\/#primaryimage","url":"http:\/\/acupunturaenergeticabarcelona.com\/wp-content\/uploads\/2024\/01\/69AC3483-BEE3-4759-88C2-B3EA914807E2-1024x683.jpeg","contentUrl":"http:\/\/acupunturaenergeticabarcelona.com\/wp-content\/uploads\/2024\/01\/69AC3483-BEE3-4759-88C2-B3EA914807E2-1024x683.jpeg"},{"@type":"BreadcrumbList","@id":"https:\/\/acupunturaenergeticabarcelona.com\/medicina-china\/#breadcrumb","itemListElement":[{"@type":"ListItem","position":1,"name":"Portada","item":"https:\/\/acupunturaenergeticabarcelona.com\/"},{"@type":"ListItem","position":2,"name":"Medicina China Barcelona"}]},{"@type":"WebSite","@id":"https:\/\/acupunturaenergeticabarcelona.com\/#website","url":"https:\/\/acupunturaenergeticabarcelona.com\/","name":"Acupuntura y Medicina China en Barcelona","description":"Acupuntura y Medicina China en Barcelona","publisher":{"@id":"https:\/\/acupunturaenergeticabarcelona.com\/#\/schema\/person\/86ca1cb64ad7aa15eb2a091f42916d17"},"alternateName":"Acupuntura Energ\u00e9tica Barcelona","potentialAction":[{"@type":"SearchAction","target":{"@type":"EntryPoint","urlTemplate":"https:\/\/acupunturaenergeticabarcelona.com\/?s={search_term_string}"},"query-input":"required name=search_term_string"}],"inLanguage":"en-GB"},{"@type":["Person","Organization"],"@id":"https:\/\/acupunturaenergeticabarcelona.com\/#\/schema\/person\/86ca1cb64ad7aa15eb2a091f42916d17","name":"Julia Valiente","image":{"@type":"ImageObject","inLanguage":"en-GB","@id":"https:\/\/acupunturaenergeticabarcelona.com\/#\/schema\/person\/image\/","url":"https:\/\/acupunturaenergeticabarcelona.com\/wp-content\/uploads\/2024\/01\/JL-symbol-color.png","contentUrl":"https:\/\/acupunturaenergeticabarcelona.com\/wp-content\/uploads\/2024\/01\/JL-symbol-color.png","width":568,"height":568,"caption":"Julia Valiente"},"logo":{"@id":"https:\/\/acupunturaenergeticabarcelona.com\/#\/schema\/person\/image\/"},"sameAs":["http:\/\/acupunturaenergeticabarcelona.com"]}]}},"uagb_featured_image_src":{"full":false,"thumbnail":false,"medium":false,"medium_large":false,"large":false,"1536x1536":false,"2048x2048":false,"trp-custom-language-flag":false},"uagb_author_info":{"display_name":"yago","author_link":"https:\/\/acupunturaenergeticabarcelona.com\/en\/author\/yago\/"},"uagb_comment_info":0,"uagb_excerpt":"Medicina China en Barcelona Inicio > Medicina China Los 6 pilares de la medicina tradicional China Barcelona Todas las culturas del mundo han desarrollado a lo largo de su historia un sistema de prevenci\u00f3n, tratamiento de enfermedades y mantenimiento de la salud de sus integrantes. Estos sistemas reciben el nombre de medicina tradicional en Barcelona&hellip;","_links":{"self":[{"href":"https:\/\/acupunturaenergeticabarcelona.com\/en\/wp-json\/wp\/v2\/pages\/2041","targetHints":{"allow":["GET"]}}],"collection":[{"href":"https:\/\/acupunturaenergeticabarcelona.com\/en\/wp-json\/wp\/v2\/pages"}],"about":[{"href":"https:\/\/acupunturaenergeticabarcelona.com\/en\/wp-json\/wp\/v2\/types\/page"}],"author":[{"embeddable":true,"href":"https:\/\/acupunturaenergeticabarcelona.com\/en\/wp-json\/wp\/v2\/users\/1"}],"replies":[{"embeddable":true,"href":"https:\/\/acupunturaenergeticabarcelona.com\/en\/wp-json\/wp\/v2\/comments?post=2041"}],"version-history":[{"count":3,"href":"https:\/\/acupunturaenergeticabarcelona.com\/en\/wp-json\/wp\/v2\/pages\/2041\/revisions"}],"predecessor-version":[{"id":2125,"href":"https:\/\/acupunturaenergeticabarcelona.com\/en\/wp-json\/wp\/v2\/pages\/2041\/revisions\/2125"}],"wp:attachment":[{"href":"https:\/\/acupunturaenergeticabarcelona.com\/en\/wp-json\/wp\/v2\/media?parent=2041"}],"curies":[{"name":"wp","href":"https:\/\/api.w.org\/{rel}","templated":true}]}}