{"id":2007,"date":"2024-01-05T16:11:02","date_gmt":"2024-01-05T15:11:02","guid":{"rendered":"https:\/\/acupunturaenergeticabarcelona.com\/?page_id=2007"},"modified":"2024-01-14T19:26:20","modified_gmt":"2024-01-14T18:26:20","slug":"fitoterapia","status":"publish","type":"page","link":"https:\/\/acupunturaenergeticabarcelona.com\/es\/fitoterapia\/","title":{"rendered":"Fitoterapia en Barcelona"},"content":{"rendered":"\n<h2 class=\"wp-block-heading has-text-align-center\">\u00bfQu\u00e9 es la Fitoterapia China?<\/h2>\n\n\n\n<p><strong>La fitoterapia o farmacopea tradicional china,<\/strong>&nbsp;es una parte integral&nbsp; de la <a href=\"https:\/\/acupunturaenergeticabarcelona.com\/medicina-china\/\">medicina tradicional china<\/a> (MTC). Trata del procesamiento y prescripci\u00f3n de las hierbas tradicionales chinas, o materia m\u00e9dica china, bajo la teor\u00eda de la medicina tradicional china.<\/p>\n\n\n\n<p>El uso de las plantas medicinales en la cultura china est\u00e1 muy enraizada en la tradici\u00f3n oral. Seg\u00fan una leyenda de unos 5000 a\u00f1os de antig\u00fcedad, el emperador Shen Nong (El Divino Granjero), prob\u00f3 cientos de plantas para averiguar si eran comestibles, en el camino descubri\u00f3 muchas plantas con efectos farmacol\u00f3gicos. A \u00e9l se le atribuye la primera obra cl\u00e1sica sobre materia m\u00e9dica china, publicada hace unos 1.800 a\u00f1os.<\/p>\n\n\n\n<p>Contiene detalles de 365 medicamentos. En la actualidad la lista se ha ampliado a m\u00e1s de 10.000 sustancias, integrada no s\u00f3lo por plantas si no tambi\u00e9n por minerales y partes de animales. En Europa, la prescripci\u00f3n de la farmacopea china se limita \u00fanicamente a especies vegetales y regularmente se manejan entre 300 y 400 sustancias diferentes. De ellas se utilizan todas sus partes: hoja, tallo, flor, ra\u00edz y semillas.En la prescripci\u00f3n de un remedio raramente se utiliza una \u00fanica planta, si no m\u00e1s bien una selecci\u00f3n de entre cinco a quince diferentes.<\/p>\n\n\n\n<h3 class=\"wp-block-heading has-text-align-center\">\u00bfQu\u00e9 diferencias hay entre la Fitoterapia China y la del Occidente?<\/h3>\n\n\n\n<div class=\"wp-block-uagb-image alignright uagb-block-f46d8266 wp-block-uagb-image--layout-default wp-block-uagb-image--effect-static wp-block-uagb-image--align-right\"><figure class=\"wp-block-uagb-image__figure\"><img decoding=\"async\" srcset=\"https:\/\/acupunturaenergeticabarcelona.com\/wp-content\/uploads\/2024\/01\/7738D929-57D4-4B98-AA4D-550BB8924FD5-1024x677.jpeg ,https:\/\/acupunturaenergeticabarcelona.com\/wp-content\/uploads\/2024\/01\/7738D929-57D4-4B98-AA4D-550BB8924FD5-scaled.jpeg 780w, https:\/\/acupunturaenergeticabarcelona.com\/wp-content\/uploads\/2024\/01\/7738D929-57D4-4B98-AA4D-550BB8924FD5-scaled.jpeg 360w\" sizes=\"auto, (max-width: 480px) 150px\" src=\"https:\/\/acupunturaenergeticabarcelona.com\/wp-content\/uploads\/2024\/01\/7738D929-57D4-4B98-AA4D-550BB8924FD5-1024x677.jpeg\" alt=\"Fitoterapia China \" class=\"uag-image-2008\" width=\"539\" height=\"356\" title=\"\" loading=\"lazy\"\/><\/figure><\/div>\n\n\n\n<p>En el abordaje terap\u00e9utico con hierbas medicinales chinas no se prescribe un remedio herbal pensando en sus principios activos como ocurre en Occidente, si no que la elecci\u00f3n se basa en el efecto terap\u00e9utico conseguido, entre otros,\u00a0 a trav\u00e9s de su\u00a0<strong>naturaleza energ\u00e9tica<\/strong>: fresco, frio, tibio y caliente. En la <a href=\"https:\/\/acupunturaenergeticabarcelona.com\/medicina-china\/\">medicina tradicional china<\/a>, las enfermedades se clasifican en dos categor\u00edas principales:fr\u00edo y calor. Se considera que los medicamentos que pueden tratar las enfermedades causadas por el calor, como un estado febril, tienen propiedades fr\u00edas ya que generalmente su acci\u00f3n consiste en \u00abeliminar el calor y la toxicidad\u00bb, \u00abeliminar el calor de la sangre\u00bb, \u00abnutrir el yin\u00bb y \u00abpurgar el fuego\u00bb.<\/p>\n\n\n\n<p>Mientras que, los medicamentos con propiedades tibias o calientes pueden calentar el interior, disipar el fr\u00edo, tonificar el Yang y el Qi. A las cualidades de una hierba hay que a\u00f1adir su&nbsp;<strong>sabor<\/strong>: dulce, salado, \u00e1cido, amargo y picante. Cada uno de ellos con cualidades Yin o Yang (ley universal de la medicina tradicional china)y&nbsp;<strong>dinamismo energ\u00e9tico<\/strong>: dispersi\u00f3n, ascenso, expansi\u00f3n, descenso e interiorizaci\u00f3n. Otra de las propiedades a destacar es la de su&nbsp;<strong>acci\u00f3n selectiva<\/strong>&nbsp;que se manifiesta en uno o varios meridianos espec\u00edficos&nbsp; que a su vez est\u00e1n estrechamente conectados con los \u00f3rganos internos. Esta clasificaci\u00f3n es \u00fatil para elegir hierbas medicinales para tratar trastornos de alg\u00fan \u00f3rgano en concreto.<\/p>\n\n\n\n<h3 class=\"wp-block-heading has-text-align-center\"><strong>\u00bfPara qu\u00e9 sirve la Fitoterapia China ?<\/strong><\/h3>\n\n\n\n<p>En cada f\u00f3rmula de fitoterapia china se busca el equilibrio de todos sus ingredientes donde cada planta tiene una funci\u00f3n por separado pero que a su vez trabaja sin\u00e9rgicamente con el resto de componentes para conseguir un efecto global no solo sobre los s\u00edntomas a tratar si no sobre las dem\u00e1s funciones del \u00f3rgano-s involucrado-s. Por lo tanto, sus beneficios sobre el organismo se multiplican. La fitoterapia China se complementa muchas veces con <a href=\"https:\/\/acupunturaenergeticabarcelona.com\/acupuntura-barcelona\/\">acupuntura<\/a> para darle un refuerzo al tratamiento.<\/p>\n\n\n\n<p>La Fitoterapia China est\u00e1 ampliamente investigada y esta demostrado que sirven para: <\/p>\n\n\n\n<div class=\"wp-block-uagb-icon-list uagb-block-008c74b5\"><div class=\"uagb-icon-list__wrap\">\n<div class=\"wp-block-uagb-icon-list-child uagb-block-0947bcbc\"><span class=\"uagb-icon-list__source-wrap\"><svg xmlns=\"https:\/\/www.w3.org\/2000\/svg\" viewBox=\"0 0 512 512\"><path d=\"M256 0C114.6 0 0 114.6 0 256c0 141.4 114.6 256 256 256s256-114.6 256-256C512 114.6 397.4 0 256 0zM406.6 278.6l-103.1 103.1c-12.5 12.5-32.75 12.5-45.25 0s-12.5-32.75 0-45.25L306.8 288H128C110.3 288 96 273.7 96 256s14.31-32 32-32h178.8l-49.38-49.38c-12.5-12.5-12.5-32.75 0-45.25s32.75-12.5 45.25 0l103.1 103.1C414.6 241.3 416 251.1 416 256C416 260.9 414.6 270.7 406.6 278.6z\"><\/path><\/svg><\/span><span class=\"uagb-icon-list__label\">Depresi\u00f3n<\/span><\/div>\n\n\n\n<div class=\"wp-block-uagb-icon-list-child uagb-block-75a3003f\"><span class=\"uagb-icon-list__source-wrap\"><svg xmlns=\"https:\/\/www.w3.org\/2000\/svg\" viewBox=\"0 0 512 512\"><path d=\"M256 0C114.6 0 0 114.6 0 256c0 141.4 114.6 256 256 256s256-114.6 256-256C512 114.6 397.4 0 256 0zM406.6 278.6l-103.1 103.1c-12.5 12.5-32.75 12.5-45.25 0s-12.5-32.75 0-45.25L306.8 288H128C110.3 288 96 273.7 96 256s14.31-32 32-32h178.8l-49.38-49.38c-12.5-12.5-12.5-32.75 0-45.25s32.75-12.5 45.25 0l103.1 103.1C414.6 241.3 416 251.1 416 256C416 260.9 414.6 270.7 406.6 278.6z\"><\/path><\/svg><\/span><span class=\"uagb-icon-list__label\">Insomnio<\/span><\/div>\n\n\n\n<div class=\"wp-block-uagb-icon-list-child uagb-block-d1770a8f\"><span class=\"uagb-icon-list__source-wrap\"><svg xmlns=\"https:\/\/www.w3.org\/2000\/svg\" viewBox=\"0 0 512 512\"><path d=\"M256 0C114.6 0 0 114.6 0 256c0 141.4 114.6 256 256 256s256-114.6 256-256C512 114.6 397.4 0 256 0zM406.6 278.6l-103.1 103.1c-12.5 12.5-32.75 12.5-45.25 0s-12.5-32.75 0-45.25L306.8 288H128C110.3 288 96 273.7 96 256s14.31-32 32-32h178.8l-49.38-49.38c-12.5-12.5-12.5-32.75 0-45.25s32.75-12.5 45.25 0l103.1 103.1C414.6 241.3 416 251.1 416 256C416 260.9 414.6 270.7 406.6 278.6z\"><\/path><\/svg><\/span><span class=\"uagb-icon-list__label\">Ansiedad<\/span><\/div>\n\n\n\n<div class=\"wp-block-uagb-icon-list-child uagb-block-099443b7\"><span class=\"uagb-icon-list__source-wrap\"><svg xmlns=\"https:\/\/www.w3.org\/2000\/svg\" viewBox=\"0 0 512 512\"><path d=\"M256 0C114.6 0 0 114.6 0 256c0 141.4 114.6 256 256 256s256-114.6 256-256C512 114.6 397.4 0 256 0zM406.6 278.6l-103.1 103.1c-12.5 12.5-32.75 12.5-45.25 0s-12.5-32.75 0-45.25L306.8 288H128C110.3 288 96 273.7 96 256s14.31-32 32-32h178.8l-49.38-49.38c-12.5-12.5-12.5-32.75 0-45.25s32.75-12.5 45.25 0l103.1 103.1C414.6 241.3 416 251.1 416 256C416 260.9 414.6 270.7 406.6 278.6z\"><\/path><\/svg><\/span><span class=\"uagb-icon-list__label\">Estre\u00f1imiento<\/span><\/div>\n\n\n\n<div class=\"wp-block-uagb-icon-list-child uagb-block-581276a7\"><span class=\"uagb-icon-list__source-wrap\"><svg xmlns=\"https:\/\/www.w3.org\/2000\/svg\" viewBox=\"0 0 512 512\"><path d=\"M256 0C114.6 0 0 114.6 0 256c0 141.4 114.6 256 256 256s256-114.6 256-256C512 114.6 397.4 0 256 0zM406.6 278.6l-103.1 103.1c-12.5 12.5-32.75 12.5-45.25 0s-12.5-32.75 0-45.25L306.8 288H128C110.3 288 96 273.7 96 256s14.31-32 32-32h178.8l-49.38-49.38c-12.5-12.5-12.5-32.75 0-45.25s32.75-12.5 45.25 0l103.1 103.1C414.6 241.3 416 251.1 416 256C416 260.9 414.6 270.7 406.6 278.6z\"><\/path><\/svg><\/span><span class=\"uagb-icon-list__label\">Alteraciones del sistema digestivo<\/span><\/div>\n\n\n\n<div class=\"wp-block-uagb-icon-list-child uagb-block-88fec251\"><span class=\"uagb-icon-list__source-wrap\"><svg xmlns=\"https:\/\/www.w3.org\/2000\/svg\" viewBox=\"0 0 512 512\"><path d=\"M256 0C114.6 0 0 114.6 0 256c0 141.4 114.6 256 256 256s256-114.6 256-256C512 114.6 397.4 0 256 0zM406.6 278.6l-103.1 103.1c-12.5 12.5-32.75 12.5-45.25 0s-12.5-32.75 0-45.25L306.8 288H128C110.3 288 96 273.7 96 256s14.31-32 32-32h178.8l-49.38-49.38c-12.5-12.5-12.5-32.75 0-45.25s32.75-12.5 45.25 0l103.1 103.1C414.6 241.3 416 251.1 416 256C416 260.9 414.6 270.7 406.6 278.6z\"><\/path><\/svg><\/span><span class=\"uagb-icon-list__label\">Alteraciones del sistema respiratorio<\/span><\/div>\n\n\n\n<div class=\"wp-block-uagb-icon-list-child uagb-block-c9e5dc6f\"><span class=\"uagb-icon-list__source-wrap\"><svg xmlns=\"https:\/\/www.w3.org\/2000\/svg\" viewBox=\"0 0 512 512\"><path d=\"M256 0C114.6 0 0 114.6 0 256c0 141.4 114.6 256 256 256s256-114.6 256-256C512 114.6 397.4 0 256 0zM406.6 278.6l-103.1 103.1c-12.5 12.5-32.75 12.5-45.25 0s-12.5-32.75 0-45.25L306.8 288H128C110.3 288 96 273.7 96 256s14.31-32 32-32h178.8l-49.38-49.38c-12.5-12.5-12.5-32.75 0-45.25s32.75-12.5 45.25 0l103.1 103.1C414.6 241.3 416 251.1 416 256C416 260.9 414.6 270.7 406.6 278.6z\"><\/path><\/svg><\/span><span class=\"uagb-icon-list__label\">Menopausia<\/span><\/div>\n\n\n\n<div class=\"wp-block-uagb-icon-list-child uagb-block-25fda2bf\"><span class=\"uagb-icon-list__source-wrap\"><svg xmlns=\"https:\/\/www.w3.org\/2000\/svg\" viewBox=\"0 0 512 512\"><path d=\"M256 0C114.6 0 0 114.6 0 256c0 141.4 114.6 256 256 256s256-114.6 256-256C512 114.6 397.4 0 256 0zM406.6 278.6l-103.1 103.1c-12.5 12.5-32.75 12.5-45.25 0s-12.5-32.75 0-45.25L306.8 288H128C110.3 288 96 273.7 96 256s14.31-32 32-32h178.8l-49.38-49.38c-12.5-12.5-12.5-32.75 0-45.25s32.75-12.5 45.25 0l103.1 103.1C414.6 241.3 416 251.1 416 256C416 260.9 414.6 270.7 406.6 278.6z\"><\/path><\/svg><\/span><span class=\"uagb-icon-list__label\">Problemas de prostata<\/span><\/div>\n\n\n\n<div class=\"wp-block-uagb-icon-list-child uagb-block-5fb2659d\"><span class=\"uagb-icon-list__source-wrap\"><svg xmlns=\"https:\/\/www.w3.org\/2000\/svg\" viewBox=\"0 0 512 512\"><path d=\"M256 0C114.6 0 0 114.6 0 256c0 141.4 114.6 256 256 256s256-114.6 256-256C512 114.6 397.4 0 256 0zM406.6 278.6l-103.1 103.1c-12.5 12.5-32.75 12.5-45.25 0s-12.5-32.75 0-45.25L306.8 288H128C110.3 288 96 273.7 96 256s14.31-32 32-32h178.8l-49.38-49.38c-12.5-12.5-12.5-32.75 0-45.25s32.75-12.5 45.25 0l103.1 103.1C414.6 241.3 416 251.1 416 256C416 260.9 414.6 270.7 406.6 278.6z\"><\/path><\/svg><\/span><span class=\"uagb-icon-list__label\">Etc.<\/span><\/div>\n<\/div><\/div>\n\n\n\n<h2 class=\"wp-block-heading has-text-align-center\">Fitoterapia en Barcelona<\/h2>\n\n\n\n<p>Si quieres probar la Fitoterapia China y est\u00e1s en Barcelona, visitados con cita previa en nuestra <a href=\"https:\/\/acupunturaenergeticabarcelona.com\/\">cl\u00ednica de Acupuntura y Medicina tradicional China<\/a> en el centro de Barcelona. <\/p>\n\n\n","protected":false},"excerpt":{"rendered":"<p>\u00bfQu\u00e9 es la Fitoterapia China? La fitoterapia o farmacopea tradicional china,&nbsp;es una parte integral&nbsp; de la medicina tradicional china (MTC). Trata del procesamiento y prescripci\u00f3n de las hierbas tradicionales chinas, o materia m\u00e9dica china, bajo la teor\u00eda de la medicina tradicional china. El uso de las plantas medicinales en la cultura china est\u00e1 muy enraizada [&hellip;]<\/p>\n","protected":false},"author":1,"featured_media":0,"parent":0,"menu_order":0,"comment_status":"closed","ping_status":"closed","template":"","meta":{"_uag_custom_page_level_css":"","site-sidebar-layout":"default","site-content-layout":"","ast-site-content-layout":"default","site-content-style":"default","site-sidebar-style":"default","ast-global-header-display":"","ast-banner-title-visibility":"","ast-main-header-display":"","ast-hfb-above-header-display":"","ast-hfb-below-header-display":"","ast-hfb-mobile-header-display":"","site-post-title":"disabled","ast-breadcrumbs-content":"","ast-featured-img":"","footer-sml-layout":"","theme-transparent-header-meta":"","adv-header-id-meta":"","stick-header-meta":"","header-above-stick-meta":"","header-main-stick-meta":"","header-below-stick-meta":"","astra-migrate-meta-layouts":"set","ast-page-background-enabled":"default","ast-page-background-meta":{"desktop":{"background-color":"var(--ast-global-color-4)","background-image":"","background-repeat":"repeat","background-position":"center center","background-size":"auto","background-attachment":"scroll","background-type":"","background-media":"","overlay-type":"","overlay-color":"","overlay-opacity":"","overlay-gradient":""},"tablet":{"background-color":"","background-image":"","background-repeat":"repeat","background-position":"center center","background-size":"auto","background-attachment":"scroll","background-type":"","background-media":"","overlay-type":"","overlay-color":"","overlay-opacity":"","overlay-gradient":""},"mobile":{"background-color":"","background-image":"","background-repeat":"repeat","background-position":"center center","background-size":"auto","background-attachment":"scroll","background-type":"","background-media":"","overlay-type":"","overlay-color":"","overlay-opacity":"","overlay-gradient":""}},"ast-content-background-meta":{"desktop":{"background-color":"var(--ast-global-color-5)","background-image":"","background-repeat":"repeat","background-position":"center center","background-size":"auto","background-attachment":"scroll","background-type":"","background-media":"","overlay-type":"","overlay-color":"","overlay-opacity":"","overlay-gradient":""},"tablet":{"background-color":"var(--ast-global-color-5)","background-image":"","background-repeat":"repeat","background-position":"center center","background-size":"auto","background-attachment":"scroll","background-type":"","background-media":"","overlay-type":"","overlay-color":"","overlay-opacity":"","overlay-gradient":""},"mobile":{"background-color":"var(--ast-global-color-5)","background-image":"","background-repeat":"repeat","background-position":"center center","background-size":"auto","background-attachment":"scroll","background-type":"","background-media":"","overlay-type":"","overlay-color":"","overlay-opacity":"","overlay-gradient":""}},"_joinchat":[],"footnotes":""},"class_list":["post-2007","page","type-page","status-publish","hentry"],"yoast_head":"<!-- This site is optimized with the Yoast SEO plugin v23.1 - https:\/\/yoast.com\/wordpress\/plugins\/seo\/ -->\n<title>Fitoterapia China en Barcelona<\/title>\n<meta name=\"description\" content=\"\u00bfEst\u00e1s buscando un remedio natural contra el dolor o cualquier otro motivo como problemas de digesti\u00f3n? La fitoterapia es una excelente opci\u00f3n\" \/>\n<meta name=\"robots\" content=\"index, follow, max-snippet:-1, max-image-preview:large, max-video-preview:-1\" \/>\n<link rel=\"canonical\" href=\"https:\/\/acupunturaenergeticabarcelona.com\/es\/fitoterapia\/\" \/>\n<meta property=\"og:locale\" content=\"es_ES\" \/>\n<meta property=\"og:type\" content=\"article\" \/>\n<meta property=\"og:title\" content=\"Fitoterapia China en Barcelona\" \/>\n<meta property=\"og:description\" content=\"\u00bfEst\u00e1s buscando un remedio natural contra el dolor o cualquier otro motivo como problemas de digesti\u00f3n? La fitoterapia es una excelente opci\u00f3n\" \/>\n<meta property=\"og:url\" content=\"https:\/\/acupunturaenergeticabarcelona.com\/es\/fitoterapia\/\" \/>\n<meta property=\"og:site_name\" content=\"Acupuntura Energ\u00e9tica Barcelona\" \/>\n<meta property=\"article:modified_time\" content=\"2024-01-14T18:26:20+00:00\" \/>\n<meta property=\"og:image\" content=\"http:\/\/acupunturaenergeticabarcelona.com\/wp-content\/uploads\/2024\/01\/7738D929-57D4-4B98-AA4D-550BB8924FD5-1024x677.jpeg\" \/>\n<meta name=\"twitter:card\" content=\"summary_large_image\" \/>\n<meta name=\"twitter:label1\" content=\"Tiempo de lectura\" \/>\n\t<meta name=\"twitter:data1\" content=\"3 minutos\" \/>\n<script type=\"application\/ld+json\" class=\"yoast-schema-graph\">{\"@context\":\"https:\/\/schema.org\",\"@graph\":[{\"@type\":\"WebPage\",\"@id\":\"https:\/\/acupunturaenergeticabarcelona.com\/fitoterapia\/\",\"url\":\"https:\/\/acupunturaenergeticabarcelona.com\/fitoterapia\/\",\"name\":\"Fitoterapia China en Barcelona\",\"isPartOf\":{\"@id\":\"https:\/\/acupunturaenergeticabarcelona.com\/#website\"},\"primaryImageOfPage\":{\"@id\":\"https:\/\/acupunturaenergeticabarcelona.com\/fitoterapia\/#primaryimage\"},\"image\":{\"@id\":\"https:\/\/acupunturaenergeticabarcelona.com\/fitoterapia\/#primaryimage\"},\"thumbnailUrl\":\"http:\/\/acupunturaenergeticabarcelona.com\/wp-content\/uploads\/2024\/01\/7738D929-57D4-4B98-AA4D-550BB8924FD5-1024x677.jpeg\",\"datePublished\":\"2024-01-05T15:11:02+00:00\",\"dateModified\":\"2024-01-14T18:26:20+00:00\",\"description\":\"\u00bfEst\u00e1s buscando un remedio natural contra el dolor o cualquier otro motivo como problemas de digesti\u00f3n? La fitoterapia es una excelente opci\u00f3n\",\"breadcrumb\":{\"@id\":\"https:\/\/acupunturaenergeticabarcelona.com\/fitoterapia\/#breadcrumb\"},\"inLanguage\":\"es\",\"potentialAction\":[{\"@type\":\"ReadAction\",\"target\":[\"https:\/\/acupunturaenergeticabarcelona.com\/fitoterapia\/\"]}]},{\"@type\":\"ImageObject\",\"inLanguage\":\"es\",\"@id\":\"https:\/\/acupunturaenergeticabarcelona.com\/fitoterapia\/#primaryimage\",\"url\":\"http:\/\/acupunturaenergeticabarcelona.com\/wp-content\/uploads\/2024\/01\/7738D929-57D4-4B98-AA4D-550BB8924FD5-1024x677.jpeg\",\"contentUrl\":\"http:\/\/acupunturaenergeticabarcelona.com\/wp-content\/uploads\/2024\/01\/7738D929-57D4-4B98-AA4D-550BB8924FD5-1024x677.jpeg\"},{\"@type\":\"BreadcrumbList\",\"@id\":\"https:\/\/acupunturaenergeticabarcelona.com\/fitoterapia\/#breadcrumb\",\"itemListElement\":[{\"@type\":\"ListItem\",\"position\":1,\"name\":\"Portada\",\"item\":\"https:\/\/acupunturaenergeticabarcelona.com\/\"},{\"@type\":\"ListItem\",\"position\":2,\"name\":\"Fitoterapia en Barcelona\"}]},{\"@type\":\"WebSite\",\"@id\":\"https:\/\/acupunturaenergeticabarcelona.com\/#website\",\"url\":\"https:\/\/acupunturaenergeticabarcelona.com\/\",\"name\":\"Acupuntura y Medicina China en Barcelona\",\"description\":\"Acupuntura y Medicina China en Barcelona\",\"publisher\":{\"@id\":\"https:\/\/acupunturaenergeticabarcelona.com\/#\/schema\/person\/86ca1cb64ad7aa15eb2a091f42916d17\"},\"alternateName\":\"Acupuntura Energ\u00e9tica Barcelona\",\"potentialAction\":[{\"@type\":\"SearchAction\",\"target\":{\"@type\":\"EntryPoint\",\"urlTemplate\":\"https:\/\/acupunturaenergeticabarcelona.com\/?s={search_term_string}\"},\"query-input\":\"required name=search_term_string\"}],\"inLanguage\":\"es\"},{\"@type\":[\"Person\",\"Organization\"],\"@id\":\"https:\/\/acupunturaenergeticabarcelona.com\/#\/schema\/person\/86ca1cb64ad7aa15eb2a091f42916d17\",\"name\":\"Julia Valiente\",\"image\":{\"@type\":\"ImageObject\",\"inLanguage\":\"es\",\"@id\":\"https:\/\/acupunturaenergeticabarcelona.com\/#\/schema\/person\/image\/\",\"url\":\"https:\/\/acupunturaenergeticabarcelona.com\/wp-content\/uploads\/2024\/01\/JL-symbol-color.png\",\"contentUrl\":\"https:\/\/acupunturaenergeticabarcelona.com\/wp-content\/uploads\/2024\/01\/JL-symbol-color.png\",\"width\":568,\"height\":568,\"caption\":\"Julia Valiente\"},\"logo\":{\"@id\":\"https:\/\/acupunturaenergeticabarcelona.com\/#\/schema\/person\/image\/\"},\"sameAs\":[\"http:\/\/acupunturaenergeticabarcelona.com\"]}]}<\/script>\n<!-- \/ Yoast SEO plugin. -->","yoast_head_json":{"title":"Fitoterapia China en Barcelona","description":"\u00bfEst\u00e1s buscando un remedio natural contra el dolor o cualquier otro motivo como problemas de digesti\u00f3n? La fitoterapia es una excelente opci\u00f3n","robots":{"index":"index","follow":"follow","max-snippet":"max-snippet:-1","max-image-preview":"max-image-preview:large","max-video-preview":"max-video-preview:-1"},"canonical":"https:\/\/acupunturaenergeticabarcelona.com\/es\/fitoterapia\/","og_locale":"es_ES","og_type":"article","og_title":"Fitoterapia China en Barcelona","og_description":"\u00bfEst\u00e1s buscando un remedio natural contra el dolor o cualquier otro motivo como problemas de digesti\u00f3n? La fitoterapia es una excelente opci\u00f3n","og_url":"https:\/\/acupunturaenergeticabarcelona.com\/es\/fitoterapia\/","og_site_name":"Acupuntura Energ\u00e9tica Barcelona","article_modified_time":"2024-01-14T18:26:20+00:00","og_image":[{"url":"http:\/\/acupunturaenergeticabarcelona.com\/wp-content\/uploads\/2024\/01\/7738D929-57D4-4B98-AA4D-550BB8924FD5-1024x677.jpeg"}],"twitter_card":"summary_large_image","twitter_misc":{"Tiempo de lectura":"3 minutos"},"schema":{"@context":"https:\/\/schema.org","@graph":[{"@type":"WebPage","@id":"https:\/\/acupunturaenergeticabarcelona.com\/fitoterapia\/","url":"https:\/\/acupunturaenergeticabarcelona.com\/fitoterapia\/","name":"Fitoterapia China en Barcelona","isPartOf":{"@id":"https:\/\/acupunturaenergeticabarcelona.com\/#website"},"primaryImageOfPage":{"@id":"https:\/\/acupunturaenergeticabarcelona.com\/fitoterapia\/#primaryimage"},"image":{"@id":"https:\/\/acupunturaenergeticabarcelona.com\/fitoterapia\/#primaryimage"},"thumbnailUrl":"http:\/\/acupunturaenergeticabarcelona.com\/wp-content\/uploads\/2024\/01\/7738D929-57D4-4B98-AA4D-550BB8924FD5-1024x677.jpeg","datePublished":"2024-01-05T15:11:02+00:00","dateModified":"2024-01-14T18:26:20+00:00","description":"\u00bfEst\u00e1s buscando un remedio natural contra el dolor o cualquier otro motivo como problemas de digesti\u00f3n? La fitoterapia es una excelente opci\u00f3n","breadcrumb":{"@id":"https:\/\/acupunturaenergeticabarcelona.com\/fitoterapia\/#breadcrumb"},"inLanguage":"es","potentialAction":[{"@type":"ReadAction","target":["https:\/\/acupunturaenergeticabarcelona.com\/fitoterapia\/"]}]},{"@type":"ImageObject","inLanguage":"es","@id":"https:\/\/acupunturaenergeticabarcelona.com\/fitoterapia\/#primaryimage","url":"http:\/\/acupunturaenergeticabarcelona.com\/wp-content\/uploads\/2024\/01\/7738D929-57D4-4B98-AA4D-550BB8924FD5-1024x677.jpeg","contentUrl":"http:\/\/acupunturaenergeticabarcelona.com\/wp-content\/uploads\/2024\/01\/7738D929-57D4-4B98-AA4D-550BB8924FD5-1024x677.jpeg"},{"@type":"BreadcrumbList","@id":"https:\/\/acupunturaenergeticabarcelona.com\/fitoterapia\/#breadcrumb","itemListElement":[{"@type":"ListItem","position":1,"name":"Portada","item":"https:\/\/acupunturaenergeticabarcelona.com\/"},{"@type":"ListItem","position":2,"name":"Fitoterapia en Barcelona"}]},{"@type":"WebSite","@id":"https:\/\/acupunturaenergeticabarcelona.com\/#website","url":"https:\/\/acupunturaenergeticabarcelona.com\/","name":"Acupuntura y Medicina China en Barcelona","description":"Acupuntura y Medicina China en Barcelona","publisher":{"@id":"https:\/\/acupunturaenergeticabarcelona.com\/#\/schema\/person\/86ca1cb64ad7aa15eb2a091f42916d17"},"alternateName":"Acupuntura Energ\u00e9tica Barcelona","potentialAction":[{"@type":"SearchAction","target":{"@type":"EntryPoint","urlTemplate":"https:\/\/acupunturaenergeticabarcelona.com\/?s={search_term_string}"},"query-input":"required name=search_term_string"}],"inLanguage":"es"},{"@type":["Person","Organization"],"@id":"https:\/\/acupunturaenergeticabarcelona.com\/#\/schema\/person\/86ca1cb64ad7aa15eb2a091f42916d17","name":"Julia Valiente","image":{"@type":"ImageObject","inLanguage":"es","@id":"https:\/\/acupunturaenergeticabarcelona.com\/#\/schema\/person\/image\/","url":"https:\/\/acupunturaenergeticabarcelona.com\/wp-content\/uploads\/2024\/01\/JL-symbol-color.png","contentUrl":"https:\/\/acupunturaenergeticabarcelona.com\/wp-content\/uploads\/2024\/01\/JL-symbol-color.png","width":568,"height":568,"caption":"Julia Valiente"},"logo":{"@id":"https:\/\/acupunturaenergeticabarcelona.com\/#\/schema\/person\/image\/"},"sameAs":["http:\/\/acupunturaenergeticabarcelona.com"]}]}},"uagb_featured_image_src":{"full":false,"thumbnail":false,"medium":false,"medium_large":false,"large":false,"1536x1536":false,"2048x2048":false,"trp-custom-language-flag":false},"uagb_author_info":{"display_name":"yago","author_link":"https:\/\/acupunturaenergeticabarcelona.com\/es\/author\/yago\/"},"uagb_comment_info":0,"uagb_excerpt":"\u00bfQu\u00e9 es la Fitoterapia China? La fitoterapia o farmacopea tradicional china,&nbsp;es una parte integral&nbsp; de la medicina tradicional china (MTC). Trata del procesamiento y prescripci\u00f3n de las hierbas tradicionales chinas, o materia m\u00e9dica china, bajo la teor\u00eda de la medicina tradicional china. El uso de las plantas medicinales en la cultura china est\u00e1 muy enraizada&hellip;","_links":{"self":[{"href":"https:\/\/acupunturaenergeticabarcelona.com\/es\/wp-json\/wp\/v2\/pages\/2007","targetHints":{"allow":["GET"]}}],"collection":[{"href":"https:\/\/acupunturaenergeticabarcelona.com\/es\/wp-json\/wp\/v2\/pages"}],"about":[{"href":"https:\/\/acupunturaenergeticabarcelona.com\/es\/wp-json\/wp\/v2\/types\/page"}],"author":[{"embeddable":true,"href":"https:\/\/acupunturaenergeticabarcelona.com\/es\/wp-json\/wp\/v2\/users\/1"}],"replies":[{"embeddable":true,"href":"https:\/\/acupunturaenergeticabarcelona.com\/es\/wp-json\/wp\/v2\/comments?post=2007"}],"version-history":[{"count":4,"href":"https:\/\/acupunturaenergeticabarcelona.com\/es\/wp-json\/wp\/v2\/pages\/2007\/revisions"}],"predecessor-version":[{"id":2122,"href":"https:\/\/acupunturaenergeticabarcelona.com\/es\/wp-json\/wp\/v2\/pages\/2007\/revisions\/2122"}],"wp:attachment":[{"href":"https:\/\/acupunturaenergeticabarcelona.com\/es\/wp-json\/wp\/v2\/media?parent=2007"}],"curies":[{"name":"wp","href":"https:\/\/api.w.org\/{rel}","templated":true}]}}