{"id":2014,"date":"2024-01-08T12:19:50","date_gmt":"2024-01-08T11:19:50","guid":{"rendered":"https:\/\/acupunturaenergeticabarcelona.com\/?page_id=2014"},"modified":"2024-01-13T13:14:41","modified_gmt":"2024-01-13T12:14:41","slug":"alimentacion-energetica","status":"publish","type":"page","link":"https:\/\/acupunturaenergeticabarcelona.com\/es\/alimentacion-energetica\/","title":{"rendered":"Alimentaci\u00f3n energ\u00e9tica"},"content":{"rendered":"\n<p><a href=\"https:\/\/acupunturaenergeticabarcelona.com\">Inicio<\/a> > <a href=\"https:\/\/acupunturaenergeticabarcelona.com\/tratamientos\/\">Tratamientos<\/a> > Alimentaci\u00f3n energ\u00e9tica<\/p>\n\n\n\n<div class=\"wp-block-uagb-separator uagb-block-887284e2\"><div class=\"wp-block-uagb-separator__inner\" style=\"--my-background-image:\"><\/div><\/div>\n\n\n\n<h2 class=\"wp-block-heading has-text-align-center\">Alimentaci\u00f3n energ\u00e9tica<\/h2>\n\n\n\n<p>La&nbsp;<strong>nutrici\u00f3n o&nbsp;alimentaci\u00f3n&nbsp;energ\u00e9tica<\/strong>&nbsp;es una disciplina enmarcada dentro de la&nbsp;<strong>medicina tradicional china (MTC)<\/strong>&nbsp;que trata sobre el uso de los alimentos como un medio para lograr el equilibrio y la armon\u00eda en el organismo humano.<\/p>\n\n\n\n<p>La visi\u00f3n que tiene la MTC del cuerpo y la psique humanos es esencialmente hol\u00edstica, pues entiende el organismo como un todo donde los diferentes sistemas que lo componen est\u00e1n org\u00e1nicamente vinculados. La dieta constituye una herramienta importante para coordinar todas estas partes del cuerpo y mantener su&nbsp;<strong>homostasis<\/strong>&nbsp;y deber\u00eda ser nuestro primer recurso terap\u00e9utico ante los primeros s\u00edntomas de desequilibrio.<\/p>\n\n\n\n<h3 class=\"wp-block-heading has-text-align-center\">\u00bfEn qu\u00e9 se basa?<\/h3>\n\n\n\n<p>En comparaci\u00f3n con la nutrici\u00f3n occidental, la&nbsp;<strong>alimentaci\u00f3n energ\u00e9tica<\/strong>&nbsp;no se basa en el c\u00e1lculo de calor\u00edas o en la clasificaci\u00f3n de sus componentes en base a carbohidratos, prote\u00ednas, vitaminas, minerales, etc.. sino que se centra en el concepto de los&nbsp;<strong>alimentos como medicina<\/strong>.<\/p>\n\n\n\n<p>Su principal ventaja consiste en que es totalmente&nbsp;<strong>personalizada<\/strong>, la denominada \u201cnutrici\u00f3n individual\u201d, y se ajusta al&nbsp;<strong>desequilibrio energ\u00e9tico<\/strong>presente en el paciente seg\u00fan la diferenciaci\u00f3n de s\u00edndromes de la medicina china. Como todos nosotros tenemos constituciones energ\u00e9ticas diferentes, una misma dieta no vale para todo el mundo<\/p>\n\n\n\n<p>La&nbsp;<strong>alimentaci\u00f3n&nbsp;energ\u00e9tica<\/strong>&nbsp;estar\u00eda aconsejada tanto en el acompa\u00f1amiento de enfermedades diagnosticadas seg\u00fan la medicina occidental como beneficiosa para aquellas personas con s\u00edntomas cl\u00ednicos pero con un examen m\u00e9dico normal y sin un diagn\u00f3stico definido. Estar\u00eda especialmente indicada en:<\/p>\n\n\n\n<ul class=\"wp-block-list\">\n<li>Sobrepeso y obesidad<\/li>\n\n\n\n<li>Hiperlipidemia<\/li>\n\n\n\n<li>Diabetes<\/li>\n\n\n\n<li>Cansancio cr\u00f3nico<\/li>\n\n\n\n<li>Menopausia<\/li>\n\n\n\n<li>Anemia<\/li>\n\n\n\n<li>Embarazo<\/li>\n<\/ul>\n\n\n\n<h3 class=\"wp-block-heading has-text-align-center\">\u00bfC\u00f3mo funciona?<\/h3>\n\n\n\n<p>Como ya hemos comentado antes, la diferenciaci\u00f3n del s\u00edndrome es uno de los aspectos m\u00e1s importantes de la<strong>&nbsp;alimentaci\u00f3n&nbsp;energ\u00e9tica<\/strong>&nbsp;y se refiere al an\u00e1lisis de datos cl\u00ednicos, s\u00edntomas y signos para identificar sus causas, naturaleza, ubicaci\u00f3n y la relaci\u00f3n entre el Qi pat\u00f3geno y el Qi sano. Esto nos permitir\u00e1 establecer un plan de alimentaci\u00f3n correspondiente a la condici\u00f3n que queramos tratar.<\/p>\n\n\n\n<figure class=\"wp-block-image alignright size-large is-resized\"><img loading=\"lazy\" decoding=\"async\" width=\"1024\" height=\"737\" src=\"http:\/\/acupunturaenergeticabarcelona.com\/wp-content\/uploads\/2024\/01\/brooke-lark-nTZOILVZuOg-unsplash-1024x737.jpg\" alt=\"alimentaci\u00f3n energ\u00e9tica\" class=\"wp-image-2015\" style=\"width:479px;height:auto\" srcset=\"https:\/\/acupunturaenergeticabarcelona.com\/wp-content\/uploads\/2024\/01\/brooke-lark-nTZOILVZuOg-unsplash-1024x737.jpg 1024w, https:\/\/acupunturaenergeticabarcelona.com\/wp-content\/uploads\/2024\/01\/brooke-lark-nTZOILVZuOg-unsplash-300x216.jpg 300w, https:\/\/acupunturaenergeticabarcelona.com\/wp-content\/uploads\/2024\/01\/brooke-lark-nTZOILVZuOg-unsplash-768x553.jpg 768w, https:\/\/acupunturaenergeticabarcelona.com\/wp-content\/uploads\/2024\/01\/brooke-lark-nTZOILVZuOg-unsplash-1536x1105.jpg 1536w, https:\/\/acupunturaenergeticabarcelona.com\/wp-content\/uploads\/2024\/01\/brooke-lark-nTZOILVZuOg-unsplash-2048x1474.jpg 2048w\" sizes=\"auto, (max-width: 1024px) 100vw, 1024px\" \/><\/figure>\n\n\n\n<p>La nutrici\u00f3n energ\u00e9tica clasifica los alimentos, al igual que lo hace con las hierbas medicinales, por su sabor (\u00e1cido, amargo, dulce, picante y salado), por su temperatura (fresco, fr\u00edo, tibio, caliente y neutro), por el movimiento generado (ascendente, contractivo, descendente y dispersante), por su color, y por su acci\u00f3n sobre diferentes \u00f3rganos o meridianos, sin olvidarnos de los m\u00e9todos de cocci\u00f3n empleados. Cuando el alimento se usa correctamente, puede regular el Yin, el Yang, el Qi y la sangre.<\/p>\n\n\n\n<p>En nuestro centro de&nbsp;<strong>Acupuntura Energ\u00e9tica Barcelona<\/strong>&nbsp;somos expertos en tratar problemas de sobrepeso, s\u00edndrome metab\u00f3lico, diabetes, hipertensi\u00f3n, y prevenir el envejecimiento con la combinaci\u00f3n de la dietoterapia energ\u00e9tica y los suplementos diet\u00e9ticos&nbsp;<strong>elaborando protocolos adaptados al estado energ\u00e9tico de cada paciente<\/strong>. Si necesitas m\u00e1s informaci\u00f3n sobre tu caso en concreto y el tratamiento con alimentaci\u00f3n energ\u00e9tica, ponte en contacto con nosotros y te informaremos sin ning\u00fan compromiso.<\/p>\n","protected":false},"excerpt":{"rendered":"<p>Inicio > Tratamientos > Alimentaci\u00f3n energ\u00e9tica Alimentaci\u00f3n energ\u00e9tica La&nbsp;nutrici\u00f3n o&nbsp;alimentaci\u00f3n&nbsp;energ\u00e9tica&nbsp;es una disciplina enmarcada dentro de la&nbsp;medicina tradicional china (MTC)&nbsp;que trata sobre el uso de los alimentos como un medio para lograr el equilibrio y la armon\u00eda en el organismo humano. La visi\u00f3n que tiene la MTC del cuerpo y la psique humanos es esencialmente hol\u00edstica, [&hellip;]<\/p>\n","protected":false},"author":1,"featured_media":0,"parent":0,"menu_order":0,"comment_status":"closed","ping_status":"closed","template":"","meta":{"_uag_custom_page_level_css":"","site-sidebar-layout":"default","site-content-layout":"","ast-site-content-layout":"default","site-content-style":"default","site-sidebar-style":"default","ast-global-header-display":"","ast-banner-title-visibility":"","ast-main-header-display":"","ast-hfb-above-header-display":"","ast-hfb-below-header-display":"","ast-hfb-mobile-header-display":"","site-post-title":"disabled","ast-breadcrumbs-content":"","ast-featured-img":"","footer-sml-layout":"","theme-transparent-header-meta":"","adv-header-id-meta":"","stick-header-meta":"","header-above-stick-meta":"","header-main-stick-meta":"","header-below-stick-meta":"","astra-migrate-meta-layouts":"set","ast-page-background-enabled":"default","ast-page-background-meta":{"desktop":{"background-color":"var(--ast-global-color-4)","background-image":"","background-repeat":"repeat","background-position":"center center","background-size":"auto","background-attachment":"scroll","background-type":"","background-media":"","overlay-type":"","overlay-color":"","overlay-opacity":"","overlay-gradient":""},"tablet":{"background-color":"","background-image":"","background-repeat":"repeat","background-position":"center center","background-size":"auto","background-attachment":"scroll","background-type":"","background-media":"","overlay-type":"","overlay-color":"","overlay-opacity":"","overlay-gradient":""},"mobile":{"background-color":"","background-image":"","background-repeat":"repeat","background-position":"center center","background-size":"auto","background-attachment":"scroll","background-type":"","background-media":"","overlay-type":"","overlay-color":"","overlay-opacity":"","overlay-gradient":""}},"ast-content-background-meta":{"desktop":{"background-color":"var(--ast-global-color-5)","background-image":"","background-repeat":"repeat","background-position":"center center","background-size":"auto","background-attachment":"scroll","background-type":"","background-media":"","overlay-type":"","overlay-color":"","overlay-opacity":"","overlay-gradient":""},"tablet":{"background-color":"var(--ast-global-color-5)","background-image":"","background-repeat":"repeat","background-position":"center center","background-size":"auto","background-attachment":"scroll","background-type":"","background-media":"","overlay-type":"","overlay-color":"","overlay-opacity":"","overlay-gradient":""},"mobile":{"background-color":"var(--ast-global-color-5)","background-image":"","background-repeat":"repeat","background-position":"center center","background-size":"auto","background-attachment":"scroll","background-type":"","background-media":"","overlay-type":"","overlay-color":"","overlay-opacity":"","overlay-gradient":""}},"_joinchat":[],"footnotes":""},"class_list":["post-2014","page","type-page","status-publish","hentry"],"yoast_head":"<!-- This site is optimized with the Yoast SEO plugin v23.1 - https:\/\/yoast.com\/wordpress\/plugins\/seo\/ -->\n<title>Alimentaci\u00f3n energ\u00e9tica en Barcelona - Julia Valiente<\/title>\n<meta name=\"description\" content=\"La\u00a0alimentaci\u00f3n energ\u00e9tica es tanto una forma para acompa\u00f1ar cualquier enfermedad o para los que quieran cuidar su forma de alimentaci\u00f3n.\" \/>\n<meta name=\"robots\" content=\"index, follow, max-snippet:-1, max-image-preview:large, max-video-preview:-1\" \/>\n<link rel=\"canonical\" href=\"https:\/\/acupunturaenergeticabarcelona.com\/es\/alimentacion-energetica\/\" \/>\n<meta property=\"og:locale\" content=\"es_ES\" \/>\n<meta property=\"og:type\" content=\"article\" \/>\n<meta property=\"og:title\" content=\"Alimentaci\u00f3n energ\u00e9tica en Barcelona - Julia Valiente\" \/>\n<meta property=\"og:description\" content=\"La\u00a0alimentaci\u00f3n energ\u00e9tica es tanto una forma para acompa\u00f1ar cualquier enfermedad o para los que quieran cuidar su forma de alimentaci\u00f3n.\" \/>\n<meta property=\"og:url\" content=\"https:\/\/acupunturaenergeticabarcelona.com\/es\/alimentacion-energetica\/\" \/>\n<meta property=\"og:site_name\" content=\"Acupuntura Energ\u00e9tica Barcelona\" \/>\n<meta property=\"article:modified_time\" content=\"2024-01-13T12:14:41+00:00\" \/>\n<meta property=\"og:image\" content=\"http:\/\/acupunturaenergeticabarcelona.com\/wp-content\/uploads\/2024\/01\/brooke-lark-nTZOILVZuOg-unsplash-1024x737.jpg\" \/>\n<meta name=\"twitter:card\" content=\"summary_large_image\" \/>\n<meta name=\"twitter:label1\" content=\"Tiempo de lectura\" \/>\n\t<meta name=\"twitter:data1\" content=\"3 minutos\" \/>\n<script type=\"application\/ld+json\" class=\"yoast-schema-graph\">{\"@context\":\"https:\/\/schema.org\",\"@graph\":[{\"@type\":\"WebPage\",\"@id\":\"https:\/\/acupunturaenergeticabarcelona.com\/alimentacion-energetica\/\",\"url\":\"https:\/\/acupunturaenergeticabarcelona.com\/alimentacion-energetica\/\",\"name\":\"Alimentaci\u00f3n energ\u00e9tica en Barcelona - Julia Valiente\",\"isPartOf\":{\"@id\":\"https:\/\/acupunturaenergeticabarcelona.com\/#website\"},\"primaryImageOfPage\":{\"@id\":\"https:\/\/acupunturaenergeticabarcelona.com\/alimentacion-energetica\/#primaryimage\"},\"image\":{\"@id\":\"https:\/\/acupunturaenergeticabarcelona.com\/alimentacion-energetica\/#primaryimage\"},\"thumbnailUrl\":\"http:\/\/acupunturaenergeticabarcelona.com\/wp-content\/uploads\/2024\/01\/brooke-lark-nTZOILVZuOg-unsplash-1024x737.jpg\",\"datePublished\":\"2024-01-08T11:19:50+00:00\",\"dateModified\":\"2024-01-13T12:14:41+00:00\",\"description\":\"La\u00a0alimentaci\u00f3n energ\u00e9tica es tanto una forma para acompa\u00f1ar cualquier enfermedad o para los que quieran cuidar su forma de alimentaci\u00f3n.\",\"breadcrumb\":{\"@id\":\"https:\/\/acupunturaenergeticabarcelona.com\/alimentacion-energetica\/#breadcrumb\"},\"inLanguage\":\"es\",\"potentialAction\":[{\"@type\":\"ReadAction\",\"target\":[\"https:\/\/acupunturaenergeticabarcelona.com\/alimentacion-energetica\/\"]}]},{\"@type\":\"ImageObject\",\"inLanguage\":\"es\",\"@id\":\"https:\/\/acupunturaenergeticabarcelona.com\/alimentacion-energetica\/#primaryimage\",\"url\":\"http:\/\/acupunturaenergeticabarcelona.com\/wp-content\/uploads\/2024\/01\/brooke-lark-nTZOILVZuOg-unsplash-1024x737.jpg\",\"contentUrl\":\"http:\/\/acupunturaenergeticabarcelona.com\/wp-content\/uploads\/2024\/01\/brooke-lark-nTZOILVZuOg-unsplash-1024x737.jpg\"},{\"@type\":\"BreadcrumbList\",\"@id\":\"https:\/\/acupunturaenergeticabarcelona.com\/alimentacion-energetica\/#breadcrumb\",\"itemListElement\":[{\"@type\":\"ListItem\",\"position\":1,\"name\":\"Portada\",\"item\":\"https:\/\/acupunturaenergeticabarcelona.com\/\"},{\"@type\":\"ListItem\",\"position\":2,\"name\":\"Alimentaci\u00f3n energ\u00e9tica\"}]},{\"@type\":\"WebSite\",\"@id\":\"https:\/\/acupunturaenergeticabarcelona.com\/#website\",\"url\":\"https:\/\/acupunturaenergeticabarcelona.com\/\",\"name\":\"Acupuntura y Medicina China en Barcelona\",\"description\":\"Acupuntura y Medicina China en Barcelona\",\"publisher\":{\"@id\":\"https:\/\/acupunturaenergeticabarcelona.com\/#\/schema\/person\/86ca1cb64ad7aa15eb2a091f42916d17\"},\"alternateName\":\"Acupuntura Energ\u00e9tica Barcelona\",\"potentialAction\":[{\"@type\":\"SearchAction\",\"target\":{\"@type\":\"EntryPoint\",\"urlTemplate\":\"https:\/\/acupunturaenergeticabarcelona.com\/?s={search_term_string}\"},\"query-input\":\"required name=search_term_string\"}],\"inLanguage\":\"es\"},{\"@type\":[\"Person\",\"Organization\"],\"@id\":\"https:\/\/acupunturaenergeticabarcelona.com\/#\/schema\/person\/86ca1cb64ad7aa15eb2a091f42916d17\",\"name\":\"Julia Valiente\",\"image\":{\"@type\":\"ImageObject\",\"inLanguage\":\"es\",\"@id\":\"https:\/\/acupunturaenergeticabarcelona.com\/#\/schema\/person\/image\/\",\"url\":\"https:\/\/acupunturaenergeticabarcelona.com\/wp-content\/uploads\/2024\/01\/JL-symbol-color.png\",\"contentUrl\":\"https:\/\/acupunturaenergeticabarcelona.com\/wp-content\/uploads\/2024\/01\/JL-symbol-color.png\",\"width\":568,\"height\":568,\"caption\":\"Julia Valiente\"},\"logo\":{\"@id\":\"https:\/\/acupunturaenergeticabarcelona.com\/#\/schema\/person\/image\/\"},\"sameAs\":[\"http:\/\/acupunturaenergeticabarcelona.com\"]}]}<\/script>\n<!-- \/ Yoast SEO plugin. -->","yoast_head_json":{"title":"Alimentaci\u00f3n energ\u00e9tica en Barcelona - Julia Valiente","description":"La\u00a0alimentaci\u00f3n energ\u00e9tica es tanto una forma para acompa\u00f1ar cualquier enfermedad o para los que quieran cuidar su forma de alimentaci\u00f3n.","robots":{"index":"index","follow":"follow","max-snippet":"max-snippet:-1","max-image-preview":"max-image-preview:large","max-video-preview":"max-video-preview:-1"},"canonical":"https:\/\/acupunturaenergeticabarcelona.com\/es\/alimentacion-energetica\/","og_locale":"es_ES","og_type":"article","og_title":"Alimentaci\u00f3n energ\u00e9tica en Barcelona - Julia Valiente","og_description":"La\u00a0alimentaci\u00f3n energ\u00e9tica es tanto una forma para acompa\u00f1ar cualquier enfermedad o para los que quieran cuidar su forma de alimentaci\u00f3n.","og_url":"https:\/\/acupunturaenergeticabarcelona.com\/es\/alimentacion-energetica\/","og_site_name":"Acupuntura Energ\u00e9tica Barcelona","article_modified_time":"2024-01-13T12:14:41+00:00","og_image":[{"url":"http:\/\/acupunturaenergeticabarcelona.com\/wp-content\/uploads\/2024\/01\/brooke-lark-nTZOILVZuOg-unsplash-1024x737.jpg"}],"twitter_card":"summary_large_image","twitter_misc":{"Tiempo de lectura":"3 minutos"},"schema":{"@context":"https:\/\/schema.org","@graph":[{"@type":"WebPage","@id":"https:\/\/acupunturaenergeticabarcelona.com\/alimentacion-energetica\/","url":"https:\/\/acupunturaenergeticabarcelona.com\/alimentacion-energetica\/","name":"Alimentaci\u00f3n energ\u00e9tica en Barcelona - Julia Valiente","isPartOf":{"@id":"https:\/\/acupunturaenergeticabarcelona.com\/#website"},"primaryImageOfPage":{"@id":"https:\/\/acupunturaenergeticabarcelona.com\/alimentacion-energetica\/#primaryimage"},"image":{"@id":"https:\/\/acupunturaenergeticabarcelona.com\/alimentacion-energetica\/#primaryimage"},"thumbnailUrl":"http:\/\/acupunturaenergeticabarcelona.com\/wp-content\/uploads\/2024\/01\/brooke-lark-nTZOILVZuOg-unsplash-1024x737.jpg","datePublished":"2024-01-08T11:19:50+00:00","dateModified":"2024-01-13T12:14:41+00:00","description":"La\u00a0alimentaci\u00f3n energ\u00e9tica es tanto una forma para acompa\u00f1ar cualquier enfermedad o para los que quieran cuidar su forma de alimentaci\u00f3n.","breadcrumb":{"@id":"https:\/\/acupunturaenergeticabarcelona.com\/alimentacion-energetica\/#breadcrumb"},"inLanguage":"es","potentialAction":[{"@type":"ReadAction","target":["https:\/\/acupunturaenergeticabarcelona.com\/alimentacion-energetica\/"]}]},{"@type":"ImageObject","inLanguage":"es","@id":"https:\/\/acupunturaenergeticabarcelona.com\/alimentacion-energetica\/#primaryimage","url":"http:\/\/acupunturaenergeticabarcelona.com\/wp-content\/uploads\/2024\/01\/brooke-lark-nTZOILVZuOg-unsplash-1024x737.jpg","contentUrl":"http:\/\/acupunturaenergeticabarcelona.com\/wp-content\/uploads\/2024\/01\/brooke-lark-nTZOILVZuOg-unsplash-1024x737.jpg"},{"@type":"BreadcrumbList","@id":"https:\/\/acupunturaenergeticabarcelona.com\/alimentacion-energetica\/#breadcrumb","itemListElement":[{"@type":"ListItem","position":1,"name":"Portada","item":"https:\/\/acupunturaenergeticabarcelona.com\/"},{"@type":"ListItem","position":2,"name":"Alimentaci\u00f3n energ\u00e9tica"}]},{"@type":"WebSite","@id":"https:\/\/acupunturaenergeticabarcelona.com\/#website","url":"https:\/\/acupunturaenergeticabarcelona.com\/","name":"Acupuntura y Medicina China en Barcelona","description":"Acupuntura y Medicina China en Barcelona","publisher":{"@id":"https:\/\/acupunturaenergeticabarcelona.com\/#\/schema\/person\/86ca1cb64ad7aa15eb2a091f42916d17"},"alternateName":"Acupuntura Energ\u00e9tica Barcelona","potentialAction":[{"@type":"SearchAction","target":{"@type":"EntryPoint","urlTemplate":"https:\/\/acupunturaenergeticabarcelona.com\/?s={search_term_string}"},"query-input":"required name=search_term_string"}],"inLanguage":"es"},{"@type":["Person","Organization"],"@id":"https:\/\/acupunturaenergeticabarcelona.com\/#\/schema\/person\/86ca1cb64ad7aa15eb2a091f42916d17","name":"Julia Valiente","image":{"@type":"ImageObject","inLanguage":"es","@id":"https:\/\/acupunturaenergeticabarcelona.com\/#\/schema\/person\/image\/","url":"https:\/\/acupunturaenergeticabarcelona.com\/wp-content\/uploads\/2024\/01\/JL-symbol-color.png","contentUrl":"https:\/\/acupunturaenergeticabarcelona.com\/wp-content\/uploads\/2024\/01\/JL-symbol-color.png","width":568,"height":568,"caption":"Julia Valiente"},"logo":{"@id":"https:\/\/acupunturaenergeticabarcelona.com\/#\/schema\/person\/image\/"},"sameAs":["http:\/\/acupunturaenergeticabarcelona.com"]}]}},"uagb_featured_image_src":{"full":false,"thumbnail":false,"medium":false,"medium_large":false,"large":false,"1536x1536":false,"2048x2048":false,"trp-custom-language-flag":false},"uagb_author_info":{"display_name":"yago","author_link":"https:\/\/acupunturaenergeticabarcelona.com\/es\/author\/yago\/"},"uagb_comment_info":0,"uagb_excerpt":"Inicio > Tratamientos > Alimentaci\u00f3n energ\u00e9tica Alimentaci\u00f3n energ\u00e9tica La&nbsp;nutrici\u00f3n o&nbsp;alimentaci\u00f3n&nbsp;energ\u00e9tica&nbsp;es una disciplina enmarcada dentro de la&nbsp;medicina tradicional china (MTC)&nbsp;que trata sobre el uso de los alimentos como un medio para lograr el equilibrio y la armon\u00eda en el organismo humano. La visi\u00f3n que tiene la MTC del cuerpo y la psique humanos es esencialmente hol\u00edstica,&hellip;","_links":{"self":[{"href":"https:\/\/acupunturaenergeticabarcelona.com\/es\/wp-json\/wp\/v2\/pages\/2014","targetHints":{"allow":["GET"]}}],"collection":[{"href":"https:\/\/acupunturaenergeticabarcelona.com\/es\/wp-json\/wp\/v2\/pages"}],"about":[{"href":"https:\/\/acupunturaenergeticabarcelona.com\/es\/wp-json\/wp\/v2\/types\/page"}],"author":[{"embeddable":true,"href":"https:\/\/acupunturaenergeticabarcelona.com\/es\/wp-json\/wp\/v2\/users\/1"}],"replies":[{"embeddable":true,"href":"https:\/\/acupunturaenergeticabarcelona.com\/es\/wp-json\/wp\/v2\/comments?post=2014"}],"version-history":[{"count":2,"href":"https:\/\/acupunturaenergeticabarcelona.com\/es\/wp-json\/wp\/v2\/pages\/2014\/revisions"}],"predecessor-version":[{"id":2086,"href":"https:\/\/acupunturaenergeticabarcelona.com\/es\/wp-json\/wp\/v2\/pages\/2014\/revisions\/2086"}],"wp:attachment":[{"href":"https:\/\/acupunturaenergeticabarcelona.com\/es\/wp-json\/wp\/v2\/media?parent=2014"}],"curies":[{"name":"wp","href":"https:\/\/api.w.org\/{rel}","templated":true}]}}