{"id":2045,"date":"2024-01-12T17:33:10","date_gmt":"2024-01-12T16:33:10","guid":{"rendered":"https:\/\/acupunturaenergeticabarcelona.com\/?page_id=2045"},"modified":"2024-01-13T13:40:27","modified_gmt":"2024-01-13T12:40:27","slug":"ventosas","status":"publish","type":"page","link":"https:\/\/acupunturaenergeticabarcelona.com\/es\/ventosas\/","title":{"rendered":"Ventosas"},"content":{"rendered":"\n<h2 class=\"wp-block-heading has-text-align-center\">Ventosas Medicina China<\/h2>\n\n\n\n<p><a href=\"https:\/\/acupunturaenergeticabarcelona.com\">Inicio<\/a> > <a href=\"https:\/\/acupunturaenergeticabarcelona.com\/tratamientos\/\">Tratamientos<\/a> > Ventosas<\/p>\n\n\n\n<div class=\"wp-block-uagb-separator uagb-block-5a504bd3\"><div class=\"wp-block-uagb-separator__inner\" style=\"--my-background-image:\"><\/div><\/div>\n\n\n\n<h2 class=\"wp-block-heading has-text-align-center\">\u00bfQu\u00e9 son las ventosas?<\/h2>\n\n\n\n<p>El tratamiento con ventosas es una\u00a0<strong>t\u00e9cnica tradicional milenaria<\/strong>\u00a0que se ha practicado en la\u00a0<a href=\"https:\/\/acupunturaenergeticabarcelona.com\/medicina-china\/\"><strong>Medicina China<\/strong><\/a>\u00a0desde hace miles de a\u00f1os. A pesar de esta asociaci\u00f3n, las ventosas se han venido utilizando por\u00a0<strong>otras culturas procedentes de Europa del Norte y Este, Oriente Medio, Am\u00e9rica de Norte y Asia.\u00a0<\/strong><\/p>\n\n\n\n<p>Como pod\u00e9is comprobar llevan un buen tiempo circulando entre nosotros como herramienta terap\u00e9utica. Las ventosas se han fabricado a lo largo de todo este tiempo de diferentes materiales: bamb\u00fa, cuerno de animales, conchas, vidrio y hoy en d\u00eda, como no, de pl\u00e1stico!<\/p>\n\n\n\n<h2 class=\"wp-block-heading has-text-align-center\">\u00bfC\u00f3mo es un tratamiento con ventosas?<\/h2>\n\n\n\n<figure class=\"wp-block-image alignright size-large is-resized\"><img loading=\"lazy\" decoding=\"async\" width=\"1024\" height=\"729\" src=\"https:\/\/images.unsplash.com\/photo-1621287424405-a34be1c3ff7c?ixid=M3w1NDY1MTR8MHwxfGFsbHx8fHx8fHx8fDE3MDQ3MTQyMDh8&ixlib=rb-4.0.3&fm=jpg&q=85&fit=crop&w=1024&h=729\" alt=\"ventosas medicina china barcelona\" class=\"wp-image-2023\" style=\"width:457px;height:auto\" srcset=\"https:\/\/images.unsplash.com\/photo-1621287424405-a34be1c3ff7c?ixid=M3w1NDY1MTR8MHwxfGFsbHx8fHx8fHx8fDE3MDQ3MTQyMDh8&amp;ixlib=rb-4.0.3&amp;fm=jpg&amp;q=85&amp;fit=crop&amp;w=300&amp;h=213 300w, https:\/\/images.unsplash.com\/photo-1621287424405-a34be1c3ff7c?ixid=M3w1NDY1MTR8MHwxfGFsbHx8fHx8fHx8fDE3MDQ3MTQyMDh8&amp;ixlib=rb-4.0.3&amp;fm=jpg&amp;q=85&amp;fit=crop&amp;w=1024&amp;h=728 1024w, https:\/\/images.unsplash.com\/photo-1621287424405-a34be1c3ff7c?ixid=M3w1NDY1MTR8MHwxfGFsbHx8fHx8fHx8fDE3MDQ3MTQyMDh8&amp;ixlib=rb-4.0.3&amp;fm=jpg&amp;q=85&amp;fit=crop&amp;w=150&amp;h=106 150w, https:\/\/images.unsplash.com\/photo-1621287424405-a34be1c3ff7c?ixid=M3w1NDY1MTR8MHwxfGFsbHx8fHx8fHx8fDE3MDQ3MTQyMDh8&amp;ixlib=rb-4.0.3&amp;fm=jpg&amp;q=85&amp;fit=crop&amp;w=768&amp;h=546 768w, https:\/\/images.unsplash.com\/photo-1621287424405-a34be1c3ff7c?ixid=M3w1NDY1MTR8MHwxfGFsbHx8fHx8fHx8fDE3MDQ3MTQyMDh8&amp;ixlib=rb-4.0.3&amp;fm=jpg&amp;q=85&amp;fit=crop&amp;w=1536&amp;h=1093 1536w, https:\/\/images.unsplash.com\/photo-1621287424405-a34be1c3ff7c?ixid=M3w1NDY1MTR8MHwxfGFsbHx8fHx8fHx8fDE3MDQ3MTQyMDh8&amp;ixlib=rb-4.0.3&amp;fm=jpg&amp;q=85&amp;fit=crop&amp;w=2048&amp;h=1457 2048w\" sizes=\"auto, (max-width: 1024px) 100vw, 1024px\" \/><figcaption class=\"wp-element-caption\">Foto por <a href=\"https:\/\/unsplash.com\/@vivianeleite\" rel=\"nofollow\">Vi Vi<\/a> en <a href=\"https:\/\/unsplash.com\/?utm_source=2024-acupunturaenergeticabarcelona-com&amp;utm_medium=referral\" rel=\"nofollow\">Unsplash<\/a> <\/figcaption><\/figure>\n\n\n\n<p>La ventosa o copa&nbsp;<strong>funciona generando un vac\u00edo de aire en la zona a tratar.<\/strong>Existen dos maneras de generar ese vac\u00edo:<\/p>\n\n\n\n<ul class=\"wp-block-list\">\n<li>Con&nbsp;<strong>ventosa de fuego<\/strong>, en ella el vaci\u00f3 se genera por calor aplicando una llama en el interior de la ventosa inmediatamente anterior a su colocaci\u00f3n. Las ventosas, en este caso, est\u00e1n fabricadas en vidrio.<\/li>\n\n\n\n<li>Con&nbsp;<strong>ventosa por succi\u00f3n<\/strong>, en ella se genera el vac\u00edo despu\u00e9s de colocar la ventosa sobre la piel. En este m\u00e9todo, se utilizan ventosas de pl\u00e1stico con v\u00e1lvula y la succi\u00f3n se realiza bombeando el aire mec\u00e1nicamente con una pistola especial.<\/li>\n<\/ul>\n\n\n\n<p>No hay un m\u00e9todo mejor que el otro. En\u00a0<strong><a href=\"https:\/\/acupunturaenergeticabarcelona.com\">Acupuntura Energ\u00e9tica Barcelona<\/a> mayoritariamente utilizamos el segundo por ser m\u00e1s c\u00f3modo y seguro.<\/strong>\u00a0En ambos m\u00e9todos, previamente a la aplicaci\u00f3n de las copas, se habr\u00e1 seleccionado los puntos a tratar bien en base al diagn\u00f3stico de la medicina china y los puntos de acupuntura o bien atendiendo a su tensi\u00f3n muscular y \u00e1reas afectadas.<\/p>\n\n\n\n<h3 class=\"wp-block-heading has-text-align-center\">T\u00e9cnicas utilizadas<\/h3>\n\n\n\n<p>En\u00a0<strong><a href=\"https:\/\/acupunturaenergeticabarcelona.com\">Acupuntura Energ\u00e9tica Barcelona<\/a><\/strong>, solemos trabajar con las ventosas de dos maneras:<\/p>\n\n\n\n<ul class=\"wp-block-list\">\n<li><strong>Ventosa m\u00f3vil<\/strong>, consiste en&nbsp;<strong>realizar un masaje<\/strong>&nbsp;a lo largo de la zona a tratar con el&nbsp;<strong>deslizamiento de la ventosa<\/strong>&nbsp;y con un grado de succi\u00f3n variable.<\/li>\n\n\n\n<li><strong>Ventosa fija<\/strong>, la ventosa permanece&nbsp;<strong>est\u00e1tica<\/strong>&nbsp;entre cinco y diez minutos en la zona a tratar.<\/li>\n<\/ul>\n\n\n\n<p>Generalmente se\u00a0<strong>combina el tratamiento de ventosas con\u00a0<a href=\"https:\/\/acupunturaenergeticabarcelona.com\/masaje-tuina\/\">masaje tuina<\/a>\u00a0y\/o\u00a0<a href=\"https:\/\/acupunturaenergeticabarcelona.com\/acupuntura-barcelona\/\">acupuntura.<\/a><\/strong><\/p>\n\n\n\n<h3 class=\"wp-block-heading has-text-align-center\">\u00bfCu\u00e1les son sus efectos?<\/h3>\n\n\n\n<p>La terapia de ventosas tiene importantes beneficios, entre ellos:<\/p>\n\n\n\n<ul class=\"wp-block-list\">\n<li>Aumenta la&nbsp;<strong>circulaci\u00f3n sangu\u00ednea<\/strong>&nbsp;en la zona.<\/li>\n\n\n\n<li>Favorece el&nbsp;<strong>drenaje linf\u00e1tico<\/strong>, por lo tanto ayuda a&nbsp;<strong>eliminar toxinas y reduce el edema.<\/strong><\/li>\n\n\n\n<li>Tiene un efecto&nbsp;<strong>antiinflamatorio.<\/strong><\/li>\n\n\n\n<li>Reduce el&nbsp;<strong>dolor<\/strong><\/li>\n\n\n\n<li>Tiene un&nbsp;<strong>efecto relajante muscular<\/strong>, por lo tanto, ayuda a resolver las<strong>contracturas musculares.<\/strong><\/li>\n\n\n\n<li>Ayuda a la&nbsp;<strong>liberaci\u00f3n miofascial.<\/strong><\/li>\n\n\n\n<li>Facilita la&nbsp;<strong>reparaci\u00f3n celular.<\/strong><\/li>\n<\/ul>\n\n\n\n<p>Teniendo en cuenta que las ventosas tambi\u00e9n se pueden aplicar en puntos de acupuntura consiguiendo un trabajo similar a la digitopresi\u00f3n, la t\u00e9cnica posiblemente sea eficaz para tratar problemas que com\u00fanmente se tratan con&nbsp;<strong>digitopresi\u00f3n y acupuntura.<\/strong><\/p>\n\n\n\n<h3 class=\"wp-block-heading has-text-align-center\">\u00bfA qui\u00e9n beneficia?<\/h3>\n\n\n\n<p>La terapia de ventosas ser\u00eda especialmente beneficiosa para:<\/p>\n\n\n\n<ul class=\"wp-block-list\">\n<li><strong>Dolores musculares.<\/strong><\/li>\n\n\n\n<li><strong>Inflamaci\u00f3n<\/strong>&nbsp;en tejidos y articulaciones, como en<strong>&nbsp;artritis y fibromialgia.<\/strong><\/li>\n\n\n\n<li>Problemas<strong>&nbsp;circulatorios.<\/strong><\/li>\n\n\n\n<li>Afecciones dermatol\u00f3gicas como&nbsp;<strong>acn\u00e9.<\/strong><\/li>\n\n\n\n<li><strong>Par\u00e1lisis facial.<\/strong><\/li>\n<\/ul>\n\n\n\n<h3 class=\"wp-block-heading has-text-align-center\">Contraindicaciones<\/h3>\n\n\n\n<p>La terapia con ventosas no se aconseja en:<\/p>\n\n\n\n<ul class=\"wp-block-list\">\n<li>Mujeres embarazadas, por falta de estudios sobre los efectos de las ventosas en el embarazo.<\/li>\n\n\n\n<li>Trastornos de coagulaci\u00f3n de la sangre.<\/li>\n\n\n\n<li>El caso de heridas y afecciones de la piel, como eccema y psoriasis.<\/li>\n<\/ul>\n\n\n\n<p>Si deseas m\u00e1s informaci\u00f3n sobre esta t\u00e9cnica milenaria tan beneficiosa no dudes en\u00a0<a href=\"https:\/\/acupunturaenergeticabarcelona.com\/contacta-con-nosotros\/\">preguntarnos por m\u00e1s<\/a><br>detalles.<\/p>\n","protected":false},"excerpt":{"rendered":"<p>Ventosas Medicina China Inicio > Tratamientos > Ventosas \u00bfQu\u00e9 son las ventosas? El tratamiento con ventosas es una\u00a0t\u00e9cnica tradicional milenaria\u00a0que se ha practicado en la\u00a0Medicina China\u00a0desde hace miles de a\u00f1os. A pesar de esta asociaci\u00f3n, las ventosas se han venido utilizando por\u00a0otras culturas procedentes de Europa del Norte y Este, Oriente Medio, Am\u00e9rica de Norte [&hellip;]<\/p>\n","protected":false},"author":1,"featured_media":0,"parent":0,"menu_order":0,"comment_status":"closed","ping_status":"closed","template":"","meta":{"_uag_custom_page_level_css":"","site-sidebar-layout":"default","site-content-layout":"","ast-site-content-layout":"default","site-content-style":"default","site-sidebar-style":"default","ast-global-header-display":"","ast-banner-title-visibility":"","ast-main-header-display":"","ast-hfb-above-header-display":"","ast-hfb-below-header-display":"","ast-hfb-mobile-header-display":"","site-post-title":"disabled","ast-breadcrumbs-content":"","ast-featured-img":"","footer-sml-layout":"","theme-transparent-header-meta":"","adv-header-id-meta":"","stick-header-meta":"","header-above-stick-meta":"","header-main-stick-meta":"","header-below-stick-meta":"","astra-migrate-meta-layouts":"set","ast-page-background-enabled":"default","ast-page-background-meta":{"desktop":{"background-color":"var(--ast-global-color-4)","background-image":"","background-repeat":"repeat","background-position":"center center","background-size":"auto","background-attachment":"scroll","background-type":"","background-media":"","overlay-type":"","overlay-color":"","overlay-opacity":"","overlay-gradient":""},"tablet":{"background-color":"","background-image":"","background-repeat":"repeat","background-position":"center center","background-size":"auto","background-attachment":"scroll","background-type":"","background-media":"","overlay-type":"","overlay-color":"","overlay-opacity":"","overlay-gradient":""},"mobile":{"background-color":"","background-image":"","background-repeat":"repeat","background-position":"center center","background-size":"auto","background-attachment":"scroll","background-type":"","background-media":"","overlay-type":"","overlay-color":"","overlay-opacity":"","overlay-gradient":""}},"ast-content-background-meta":{"desktop":{"background-color":"var(--ast-global-color-5)","background-image":"","background-repeat":"repeat","background-position":"center center","background-size":"auto","background-attachment":"scroll","background-type":"","background-media":"","overlay-type":"","overlay-color":"","overlay-opacity":"","overlay-gradient":""},"tablet":{"background-color":"var(--ast-global-color-5)","background-image":"","background-repeat":"repeat","background-position":"center center","background-size":"auto","background-attachment":"scroll","background-type":"","background-media":"","overlay-type":"","overlay-color":"","overlay-opacity":"","overlay-gradient":""},"mobile":{"background-color":"var(--ast-global-color-5)","background-image":"","background-repeat":"repeat","background-position":"center center","background-size":"auto","background-attachment":"scroll","background-type":"","background-media":"","overlay-type":"","overlay-color":"","overlay-opacity":"","overlay-gradient":""}},"_joinchat":[],"footnotes":""},"class_list":["post-2045","page","type-page","status-publish","hentry"],"yoast_head":"<!-- This site is optimized with the Yoast SEO plugin v23.1 - https:\/\/yoast.com\/wordpress\/plugins\/seo\/ -->\n<title>Ventosas - Acupuntura y Medicina China en Barcelona Acupuntura Energ\u00e9tica Barcelona<\/title>\n<meta name=\"robots\" content=\"index, follow, max-snippet:-1, max-image-preview:large, max-video-preview:-1\" \/>\n<link rel=\"canonical\" href=\"https:\/\/acupunturaenergeticabarcelona.com\/es\/ventosas\/\" \/>\n<meta property=\"og:locale\" content=\"es_ES\" \/>\n<meta property=\"og:type\" content=\"article\" \/>\n<meta property=\"og:title\" content=\"Ventosas - Acupuntura y Medicina China en Barcelona Acupuntura Energ\u00e9tica Barcelona\" \/>\n<meta property=\"og:description\" content=\"Ventosas Medicina China Inicio &gt; Tratamientos &gt; Ventosas \u00bfQu\u00e9 son las ventosas? El tratamiento con ventosas es una\u00a0t\u00e9cnica tradicional milenaria\u00a0que se ha practicado en la\u00a0Medicina China\u00a0desde hace miles de a\u00f1os. A pesar de esta asociaci\u00f3n, las ventosas se han venido utilizando por\u00a0otras culturas procedentes de Europa del Norte y Este, Oriente Medio, Am\u00e9rica de Norte [&hellip;]\" \/>\n<meta property=\"og:url\" content=\"https:\/\/acupunturaenergeticabarcelona.com\/es\/ventosas\/\" \/>\n<meta property=\"og:site_name\" content=\"Acupuntura Energ\u00e9tica Barcelona\" \/>\n<meta property=\"article:modified_time\" content=\"2024-01-13T12:40:27+00:00\" \/>\n<meta property=\"og:image\" content=\"https:\/\/acupunturaenergeticabarcelona.com\/wp-content\/uploads\/2024\/01\/vi-vi-ofcg_duoig0-unsplash-scaled-1024x729.jpeg\" \/>\n<meta name=\"twitter:card\" content=\"summary_large_image\" \/>\n<meta name=\"twitter:label1\" content=\"Tiempo de lectura\" \/>\n\t<meta name=\"twitter:data1\" content=\"3 minutos\" \/>\n<script type=\"application\/ld+json\" class=\"yoast-schema-graph\">{\"@context\":\"https:\/\/schema.org\",\"@graph\":[{\"@type\":\"WebPage\",\"@id\":\"https:\/\/acupunturaenergeticabarcelona.com\/ventosas\/\",\"url\":\"https:\/\/acupunturaenergeticabarcelona.com\/ventosas\/\",\"name\":\"Ventosas - Acupuntura y Medicina China en Barcelona Acupuntura Energ\u00e9tica Barcelona\",\"isPartOf\":{\"@id\":\"https:\/\/acupunturaenergeticabarcelona.com\/#website\"},\"primaryImageOfPage\":{\"@id\":\"https:\/\/acupunturaenergeticabarcelona.com\/ventosas\/#primaryimage\"},\"image\":{\"@id\":\"https:\/\/acupunturaenergeticabarcelona.com\/ventosas\/#primaryimage\"},\"thumbnailUrl\":\"https:\/\/acupunturaenergeticabarcelona.com\/wp-content\/uploads\/2024\/01\/vi-vi-ofcg_duoig0-unsplash-scaled-1024x729.jpeg\",\"datePublished\":\"2024-01-12T16:33:10+00:00\",\"dateModified\":\"2024-01-13T12:40:27+00:00\",\"breadcrumb\":{\"@id\":\"https:\/\/acupunturaenergeticabarcelona.com\/ventosas\/#breadcrumb\"},\"inLanguage\":\"es\",\"potentialAction\":[{\"@type\":\"ReadAction\",\"target\":[\"https:\/\/acupunturaenergeticabarcelona.com\/ventosas\/\"]}]},{\"@type\":\"ImageObject\",\"inLanguage\":\"es\",\"@id\":\"https:\/\/acupunturaenergeticabarcelona.com\/ventosas\/#primaryimage\",\"url\":\"https:\/\/acupunturaenergeticabarcelona.com\/wp-content\/uploads\/2024\/01\/vi-vi-ofcg_duoig0-unsplash-scaled-1024x729.jpeg\",\"contentUrl\":\"https:\/\/acupunturaenergeticabarcelona.com\/wp-content\/uploads\/2024\/01\/vi-vi-ofcg_duoig0-unsplash-scaled-1024x729.jpeg\"},{\"@type\":\"BreadcrumbList\",\"@id\":\"https:\/\/acupunturaenergeticabarcelona.com\/ventosas\/#breadcrumb\",\"itemListElement\":[{\"@type\":\"ListItem\",\"position\":1,\"name\":\"Portada\",\"item\":\"https:\/\/acupunturaenergeticabarcelona.com\/\"},{\"@type\":\"ListItem\",\"position\":2,\"name\":\"Ventosas\"}]},{\"@type\":\"WebSite\",\"@id\":\"https:\/\/acupunturaenergeticabarcelona.com\/#website\",\"url\":\"https:\/\/acupunturaenergeticabarcelona.com\/\",\"name\":\"Acupuntura y Medicina China en Barcelona\",\"description\":\"Acupuntura y Medicina China en Barcelona\",\"publisher\":{\"@id\":\"https:\/\/acupunturaenergeticabarcelona.com\/#\/schema\/person\/86ca1cb64ad7aa15eb2a091f42916d17\"},\"alternateName\":\"Acupuntura Energ\u00e9tica Barcelona\",\"potentialAction\":[{\"@type\":\"SearchAction\",\"target\":{\"@type\":\"EntryPoint\",\"urlTemplate\":\"https:\/\/acupunturaenergeticabarcelona.com\/?s={search_term_string}\"},\"query-input\":\"required name=search_term_string\"}],\"inLanguage\":\"es\"},{\"@type\":[\"Person\",\"Organization\"],\"@id\":\"https:\/\/acupunturaenergeticabarcelona.com\/#\/schema\/person\/86ca1cb64ad7aa15eb2a091f42916d17\",\"name\":\"Julia Valiente\",\"image\":{\"@type\":\"ImageObject\",\"inLanguage\":\"es\",\"@id\":\"https:\/\/acupunturaenergeticabarcelona.com\/#\/schema\/person\/image\/\",\"url\":\"https:\/\/acupunturaenergeticabarcelona.com\/wp-content\/uploads\/2024\/01\/JL-symbol-color.png\",\"contentUrl\":\"https:\/\/acupunturaenergeticabarcelona.com\/wp-content\/uploads\/2024\/01\/JL-symbol-color.png\",\"width\":568,\"height\":568,\"caption\":\"Julia Valiente\"},\"logo\":{\"@id\":\"https:\/\/acupunturaenergeticabarcelona.com\/#\/schema\/person\/image\/\"},\"sameAs\":[\"http:\/\/acupunturaenergeticabarcelona.com\"]}]}<\/script>\n<!-- \/ Yoast SEO plugin. -->","yoast_head_json":{"title":"Ventosas - Acupuntura y Medicina China en Barcelona Acupuntura Energ\u00e9tica Barcelona","robots":{"index":"index","follow":"follow","max-snippet":"max-snippet:-1","max-image-preview":"max-image-preview:large","max-video-preview":"max-video-preview:-1"},"canonical":"https:\/\/acupunturaenergeticabarcelona.com\/es\/ventosas\/","og_locale":"es_ES","og_type":"article","og_title":"Ventosas - Acupuntura y Medicina China en Barcelona Acupuntura Energ\u00e9tica Barcelona","og_description":"Ventosas Medicina China Inicio > Tratamientos > Ventosas \u00bfQu\u00e9 son las ventosas? El tratamiento con ventosas es una\u00a0t\u00e9cnica tradicional milenaria\u00a0que se ha practicado en la\u00a0Medicina China\u00a0desde hace miles de a\u00f1os. A pesar de esta asociaci\u00f3n, las ventosas se han venido utilizando por\u00a0otras culturas procedentes de Europa del Norte y Este, Oriente Medio, Am\u00e9rica de Norte [&hellip;]","og_url":"https:\/\/acupunturaenergeticabarcelona.com\/es\/ventosas\/","og_site_name":"Acupuntura Energ\u00e9tica Barcelona","article_modified_time":"2024-01-13T12:40:27+00:00","og_image":[{"url":"https:\/\/acupunturaenergeticabarcelona.com\/wp-content\/uploads\/2024\/01\/vi-vi-ofcg_duoig0-unsplash-scaled-1024x729.jpeg"}],"twitter_card":"summary_large_image","twitter_misc":{"Tiempo de lectura":"3 minutos"},"schema":{"@context":"https:\/\/schema.org","@graph":[{"@type":"WebPage","@id":"https:\/\/acupunturaenergeticabarcelona.com\/ventosas\/","url":"https:\/\/acupunturaenergeticabarcelona.com\/ventosas\/","name":"Ventosas - Acupuntura y Medicina China en Barcelona Acupuntura Energ\u00e9tica Barcelona","isPartOf":{"@id":"https:\/\/acupunturaenergeticabarcelona.com\/#website"},"primaryImageOfPage":{"@id":"https:\/\/acupunturaenergeticabarcelona.com\/ventosas\/#primaryimage"},"image":{"@id":"https:\/\/acupunturaenergeticabarcelona.com\/ventosas\/#primaryimage"},"thumbnailUrl":"https:\/\/acupunturaenergeticabarcelona.com\/wp-content\/uploads\/2024\/01\/vi-vi-ofcg_duoig0-unsplash-scaled-1024x729.jpeg","datePublished":"2024-01-12T16:33:10+00:00","dateModified":"2024-01-13T12:40:27+00:00","breadcrumb":{"@id":"https:\/\/acupunturaenergeticabarcelona.com\/ventosas\/#breadcrumb"},"inLanguage":"es","potentialAction":[{"@type":"ReadAction","target":["https:\/\/acupunturaenergeticabarcelona.com\/ventosas\/"]}]},{"@type":"ImageObject","inLanguage":"es","@id":"https:\/\/acupunturaenergeticabarcelona.com\/ventosas\/#primaryimage","url":"https:\/\/acupunturaenergeticabarcelona.com\/wp-content\/uploads\/2024\/01\/vi-vi-ofcg_duoig0-unsplash-scaled-1024x729.jpeg","contentUrl":"https:\/\/acupunturaenergeticabarcelona.com\/wp-content\/uploads\/2024\/01\/vi-vi-ofcg_duoig0-unsplash-scaled-1024x729.jpeg"},{"@type":"BreadcrumbList","@id":"https:\/\/acupunturaenergeticabarcelona.com\/ventosas\/#breadcrumb","itemListElement":[{"@type":"ListItem","position":1,"name":"Portada","item":"https:\/\/acupunturaenergeticabarcelona.com\/"},{"@type":"ListItem","position":2,"name":"Ventosas"}]},{"@type":"WebSite","@id":"https:\/\/acupunturaenergeticabarcelona.com\/#website","url":"https:\/\/acupunturaenergeticabarcelona.com\/","name":"Acupuntura y Medicina China en Barcelona","description":"Acupuntura y Medicina China en Barcelona","publisher":{"@id":"https:\/\/acupunturaenergeticabarcelona.com\/#\/schema\/person\/86ca1cb64ad7aa15eb2a091f42916d17"},"alternateName":"Acupuntura Energ\u00e9tica Barcelona","potentialAction":[{"@type":"SearchAction","target":{"@type":"EntryPoint","urlTemplate":"https:\/\/acupunturaenergeticabarcelona.com\/?s={search_term_string}"},"query-input":"required name=search_term_string"}],"inLanguage":"es"},{"@type":["Person","Organization"],"@id":"https:\/\/acupunturaenergeticabarcelona.com\/#\/schema\/person\/86ca1cb64ad7aa15eb2a091f42916d17","name":"Julia Valiente","image":{"@type":"ImageObject","inLanguage":"es","@id":"https:\/\/acupunturaenergeticabarcelona.com\/#\/schema\/person\/image\/","url":"https:\/\/acupunturaenergeticabarcelona.com\/wp-content\/uploads\/2024\/01\/JL-symbol-color.png","contentUrl":"https:\/\/acupunturaenergeticabarcelona.com\/wp-content\/uploads\/2024\/01\/JL-symbol-color.png","width":568,"height":568,"caption":"Julia Valiente"},"logo":{"@id":"https:\/\/acupunturaenergeticabarcelona.com\/#\/schema\/person\/image\/"},"sameAs":["http:\/\/acupunturaenergeticabarcelona.com"]}]}},"uagb_featured_image_src":{"full":false,"thumbnail":false,"medium":false,"medium_large":false,"large":false,"1536x1536":false,"2048x2048":false,"trp-custom-language-flag":false},"uagb_author_info":{"display_name":"yago","author_link":"https:\/\/acupunturaenergeticabarcelona.com\/es\/author\/yago\/"},"uagb_comment_info":0,"uagb_excerpt":"Ventosas Medicina China Inicio > Tratamientos > Ventosas \u00bfQu\u00e9 son las ventosas? El tratamiento con ventosas es una\u00a0t\u00e9cnica tradicional milenaria\u00a0que se ha practicado en la\u00a0Medicina China\u00a0desde hace miles de a\u00f1os. A pesar de esta asociaci\u00f3n, las ventosas se han venido utilizando por\u00a0otras culturas procedentes de Europa del Norte y Este, Oriente Medio, Am\u00e9rica de Norte&hellip;","_links":{"self":[{"href":"https:\/\/acupunturaenergeticabarcelona.com\/es\/wp-json\/wp\/v2\/pages\/2045","targetHints":{"allow":["GET"]}}],"collection":[{"href":"https:\/\/acupunturaenergeticabarcelona.com\/es\/wp-json\/wp\/v2\/pages"}],"about":[{"href":"https:\/\/acupunturaenergeticabarcelona.com\/es\/wp-json\/wp\/v2\/types\/page"}],"author":[{"embeddable":true,"href":"https:\/\/acupunturaenergeticabarcelona.com\/es\/wp-json\/wp\/v2\/users\/1"}],"replies":[{"embeddable":true,"href":"https:\/\/acupunturaenergeticabarcelona.com\/es\/wp-json\/wp\/v2\/comments?post=2045"}],"version-history":[{"count":3,"href":"https:\/\/acupunturaenergeticabarcelona.com\/es\/wp-json\/wp\/v2\/pages\/2045\/revisions"}],"predecessor-version":[{"id":2105,"href":"https:\/\/acupunturaenergeticabarcelona.com\/es\/wp-json\/wp\/v2\/pages\/2045\/revisions\/2105"}],"wp:attachment":[{"href":"https:\/\/acupunturaenergeticabarcelona.com\/es\/wp-json\/wp\/v2\/media?parent=2045"}],"curies":[{"name":"wp","href":"https:\/\/api.w.org\/{rel}","templated":true}]}}