{"id":2047,"date":"2024-01-12T17:41:14","date_gmt":"2024-01-12T16:41:14","guid":{"rendered":"https:\/\/acupunturaenergeticabarcelona.com\/?page_id=2047"},"modified":"2024-01-15T16:36:50","modified_gmt":"2024-01-15T15:36:50","slug":"masaje-tuina-barcelona","status":"publish","type":"page","link":"https:\/\/acupunturaenergeticabarcelona.com\/es\/masaje-tuina-barcelona\/","title":{"rendered":"Masaje Tuina"},"content":{"rendered":"\n<h1 class=\"wp-block-heading has-text-align-center\">Masaje Tuina<\/h1>\n\n\n\n<p><a href=\"https:\/\/acupunturaenergeticabarcelona.com\">Inicio<\/a> > <a href=\"https:\/\/acupunturaenergeticabarcelona.com\/tratamientos\/\">Tratamientos<\/a> > Masaje Tuina<\/p>\n\n\n\n<div class=\"wp-block-uagb-separator uagb-block-72ad20cd\"><div class=\"wp-block-uagb-separator__inner\" style=\"--my-background-image:\"><\/div><\/div>\n\n\n\n<p>El\u00a0<strong>Tui Na<\/strong>\u00a0es una terapia manual enmarcada dentro de la\u00a0<a href=\"https:\/\/acupunturaenergeticabarcelona.com\/medicina-china\/\"><strong>medicina tradicional china<\/strong>\u00a0<\/a>que utiliza el masaje como tratamiento. La palabra Tui Na significa empujar y agarrar, dos de los movimientos de una variedad de 80 que integran este masaje. Los movimientos se aplican sobre la superficie corporal, el recorrido de los meridianos de acupuntura, sobre puntos de acupuntura o sobre puntos dolorosos concretos.<\/p>\n\n\n\n<p>El Tui Na, junto con la<a href=\"https:\/\/acupunturaenergeticabarcelona.com\/acupuntura-barcelona\/\"> acupuntura<\/a> y las hierbas medicinales chinas constituyen los principales pilares de la medicina tradicional china. La terapia de masaje se emplea para tratar \u00e1reas espec\u00edficas, o para mejorar el flujo de energ\u00eda en todo el cuerpo. El objetivo del masaje tuina es crear armon\u00eda al eliminar los bloqueos y alteraciones que se manifiestan como enfermedades, dolencias y problemas emocionales. Entre sus beneficios m\u00e1s importantes seg\u00fan la teor\u00eda de la medicina china encontramos: equilibrar el Yin-Yang, activar el Qi-Xue (energ\u00eda-sangre), desbloquear meridianos, tonificar \u00f3rganos concretos y calmar el dolor.<\/p>\n\n\n\n<p>Al tratarse de una t\u00e9cnica de la medicina china se puede combinar con acupuntura pues ambas disciplinas comparten los mismos principios. El uso combinado de ambas modalidades consigue resultados muy efectivos en el tratamiento del desequilibrio energ\u00e9tico y la restauraci\u00f3n funcional del flujo de Qi.<\/p>\n\n\n\n<h3 class=\"wp-block-heading\">\u00bfPara qu\u00e9 sirve?<\/h3>\n\n\n\n<p>Est\u00e1 especialmente indicado en&nbsp;<strong>problemas musculoesquel\u00e9ticos y osteoarticulares<\/strong>&nbsp;que cursan con dolor como:&nbsp;<\/p>\n\n\n\n<ul class=\"wp-block-list\">\n<li>Lesiones deportivas<\/li>\n\n\n\n<li>Tendinitis<\/li>\n\n\n\n<li>Espasmos y contracturas musculares<\/li>\n\n\n\n<li>Dolor de cuello y espalda<\/li>\n\n\n\n<li>Esguinces<\/li>\n\n\n\n<li>Rigidez articular<\/li>\n\n\n\n<li>Hernia discal<\/li>\n\n\n\n<li>T\u00fanel carpiano<\/li>\n\n\n\n<li>Artrosis<\/li>\n\n\n\n<li>Artritis<\/li>\n\n\n\n<li>Ci\u00e1tica<\/li>\n\n\n\n<li>Epicondilitis (codo de tenista)<\/li>\n\n\n\n<li>Trastornos de la ATM<\/li>\n<\/ul>\n\n\n\n<p>Pero esta t\u00e9cnica no solo trata lesiones m\u00fasculo esquel\u00e9ticas sino tambi\u00e9n enfermedades internas, del aparato digestivo como&nbsp;<strong>s\u00edndrome de colon irritable<\/strong>, diarrea o estre\u00f1imiento,&nbsp;<strong>desajustes hormonales como el s\u00edndrome premenstrual<\/strong>, as\u00ed como&nbsp;<strong>insomnio, ansiedad, infertilidad, dolores de cabeza y migra\u00f1as.<\/strong><\/p>\n\n\n\n<h3 class=\"wp-block-heading\">\u00bfEn qu\u00e9 consiste el Masaje Tuina?<\/h3>\n\n\n\n<p>Durante una sesi\u00f3n de Tui Na, el terapeuta aplica sobre el cuerpo una serie de t\u00e9cnicas (presi\u00f3n, amasamiento, fricci\u00f3n, vibraci\u00f3n o tracci\u00f3n), sirvi\u00e9ndose b\u00e1sicamente de manos y dedos que difieren en intensidad y velocidad seg\u00fan sea el efecto terap\u00e9utico deseado.<\/p>\n\n\n\n<figure class=\"wp-block-image alignright is-resized\"><img decoding=\"async\" src=\"https:\/\/acupunturaenergeticabarcelona.com\/wp-content\/uploads\/masaje-tuina-barcelona-julia-valiente.jpg\" alt=\"Masaje Tuina en Barcelona\" class=\"wp-image-1162\" style=\"width:232px;height:auto\" title=\"Medicina tradicional china en Barcelona\"\/><\/figure>\n\n\n\n<p>A su vez, existen t\u00e9cnicas de manipulaci\u00f3n para alinear el cuerpo y corregir la postura. Los movimientos articulares pasivos se utilizan para mejorar el movimiento articular y retrasar su degeneraci\u00f3n.<\/p>\n\n\n\n<p>El masaje se realiza con el paciente sentado o tumbado en una camilla y puede permanecer vestido, pues el masaje generalmente se efect\u00faa sobre una s\u00e1bana colocada encima.<\/p>\n\n\n\n<h3 class=\"wp-block-heading\">\u00bfA qui\u00e9n va dirigido?<\/h3>\n\n\n\n<p>En principio&nbsp;<strong>todo el mundo<\/strong>&nbsp;puede beneficiarse de esta t\u00e9cnica, estando especialmente indicada para todas aquellas&nbsp;<strong>personas que temen a las agujas<\/strong>. Los ni\u00f1os son unos candidatos potenciales para este tratamiento, incluso existe un&nbsp;<strong>masaje Tui Na para ni\u00f1os y bebes<\/strong>&nbsp;con un enfoque particularmente beneficioso para los m\u00e1s peque\u00f1os por tratarse de una t\u00e9cnica no invasiva e indolora.<\/p>\n\n\n\n<p>En nuestro\u00a0<strong>centro de Barcelona<\/strong>\u00a0practicamos tanto Tui Na para adultos como para ni\u00f1os, y lo realizamos como complemento a una\u00a0<a href=\"https:\/\/acupunturaenergeticabarcelona.com\/acupuntura-barcelona\/\"><strong>sesi\u00f3n de acupuntura<\/strong><\/a>\u00a0o como un\u00a0<strong>tratamiento exclusivo de masaje<\/strong>. Si necesitas m\u00e1s informaci\u00f3n sobre esta t\u00e9cnica y sus aplicaciones no dudes en\u00a0contactar con nosotros.<\/p>\n","protected":false},"excerpt":{"rendered":"<p>Masaje Tuina Inicio > Tratamientos > Masaje Tuina El\u00a0Tui Na\u00a0es una terapia manual enmarcada dentro de la\u00a0medicina tradicional china\u00a0que utiliza el masaje como tratamiento. La palabra Tui Na significa empujar y agarrar, dos de los movimientos de una variedad de 80 que integran este masaje. Los movimientos se aplican sobre la superficie corporal, el recorrido [&hellip;]<\/p>\n","protected":false},"author":1,"featured_media":0,"parent":0,"menu_order":0,"comment_status":"closed","ping_status":"closed","template":"","meta":{"_uag_custom_page_level_css":"","site-sidebar-layout":"default","site-content-layout":"","ast-site-content-layout":"default","site-content-style":"default","site-sidebar-style":"default","ast-global-header-display":"","ast-banner-title-visibility":"","ast-main-header-display":"","ast-hfb-above-header-display":"","ast-hfb-below-header-display":"","ast-hfb-mobile-header-display":"","site-post-title":"disabled","ast-breadcrumbs-content":"","ast-featured-img":"","footer-sml-layout":"","theme-transparent-header-meta":"","adv-header-id-meta":"","stick-header-meta":"","header-above-stick-meta":"","header-main-stick-meta":"","header-below-stick-meta":"","astra-migrate-meta-layouts":"set","ast-page-background-enabled":"default","ast-page-background-meta":{"desktop":{"background-color":"var(--ast-global-color-4)","background-image":"","background-repeat":"repeat","background-position":"center center","background-size":"auto","background-attachment":"scroll","background-type":"","background-media":"","overlay-type":"","overlay-color":"","overlay-opacity":"","overlay-gradient":""},"tablet":{"background-color":"","background-image":"","background-repeat":"repeat","background-position":"center center","background-size":"auto","background-attachment":"scroll","background-type":"","background-media":"","overlay-type":"","overlay-color":"","overlay-opacity":"","overlay-gradient":""},"mobile":{"background-color":"","background-image":"","background-repeat":"repeat","background-position":"center center","background-size":"auto","background-attachment":"scroll","background-type":"","background-media":"","overlay-type":"","overlay-color":"","overlay-opacity":"","overlay-gradient":""}},"ast-content-background-meta":{"desktop":{"background-color":"var(--ast-global-color-5)","background-image":"","background-repeat":"repeat","background-position":"center center","background-size":"auto","background-attachment":"scroll","background-type":"","background-media":"","overlay-type":"","overlay-color":"","overlay-opacity":"","overlay-gradient":""},"tablet":{"background-color":"var(--ast-global-color-5)","background-image":"","background-repeat":"repeat","background-position":"center center","background-size":"auto","background-attachment":"scroll","background-type":"","background-media":"","overlay-type":"","overlay-color":"","overlay-opacity":"","overlay-gradient":""},"mobile":{"background-color":"var(--ast-global-color-5)","background-image":"","background-repeat":"repeat","background-position":"center center","background-size":"auto","background-attachment":"scroll","background-type":"","background-media":"","overlay-type":"","overlay-color":"","overlay-opacity":"","overlay-gradient":""}},"_joinchat":[],"footnotes":""},"class_list":["post-2047","page","type-page","status-publish","hentry"],"yoast_head":"<!-- This site is optimized with the Yoast SEO plugin v23.1 - https:\/\/yoast.com\/wordpress\/plugins\/seo\/ -->\n<title>Masaje Tuina - Acupuntura Energ\u00e9tica Barcelona<\/title>\n<meta name=\"description\" content=\"El Masaje Tuina sirve para todo tipo de dolores o problemas musculares. Se suele complementar con una sesi\u00f3n de acupuntura como lo hacemos.\" \/>\n<meta name=\"robots\" content=\"index, follow, max-snippet:-1, max-image-preview:large, max-video-preview:-1\" \/>\n<link rel=\"canonical\" href=\"https:\/\/acupunturaenergeticabarcelona.com\/es\/masaje-tuina-barcelona\/\" \/>\n<meta property=\"og:locale\" content=\"es_ES\" \/>\n<meta property=\"og:type\" content=\"article\" \/>\n<meta property=\"og:title\" content=\"Masaje Tuina - Acupuntura Energ\u00e9tica Barcelona\" \/>\n<meta property=\"og:description\" content=\"El Masaje Tuina sirve para todo tipo de dolores o problemas musculares. Se suele complementar con una sesi\u00f3n de acupuntura como lo hacemos.\" \/>\n<meta property=\"og:url\" content=\"https:\/\/acupunturaenergeticabarcelona.com\/es\/masaje-tuina-barcelona\/\" \/>\n<meta property=\"og:site_name\" content=\"Acupuntura Energ\u00e9tica Barcelona\" \/>\n<meta property=\"article:modified_time\" content=\"2024-01-15T15:36:50+00:00\" \/>\n<meta property=\"og:image\" content=\"https:\/\/acupunturaenergeticabarcelona.com\/wp-content\/uploads\/masaje-tuina-barcelona-julia-valiente.jpg\" \/>\n<meta name=\"twitter:card\" content=\"summary_large_image\" \/>\n<meta name=\"twitter:label1\" content=\"Tiempo de lectura\" \/>\n\t<meta name=\"twitter:data1\" content=\"3 minutos\" \/>\n<script type=\"application\/ld+json\" class=\"yoast-schema-graph\">{\"@context\":\"https:\/\/schema.org\",\"@graph\":[{\"@type\":\"WebPage\",\"@id\":\"https:\/\/acupunturaenergeticabarcelona.com\/masaje-tuina-barcelona\/\",\"url\":\"https:\/\/acupunturaenergeticabarcelona.com\/masaje-tuina-barcelona\/\",\"name\":\"Masaje Tuina - Acupuntura Energ\u00e9tica Barcelona\",\"isPartOf\":{\"@id\":\"https:\/\/acupunturaenergeticabarcelona.com\/#website\"},\"primaryImageOfPage\":{\"@id\":\"https:\/\/acupunturaenergeticabarcelona.com\/masaje-tuina-barcelona\/#primaryimage\"},\"image\":{\"@id\":\"https:\/\/acupunturaenergeticabarcelona.com\/masaje-tuina-barcelona\/#primaryimage\"},\"thumbnailUrl\":\"https:\/\/acupunturaenergeticabarcelona.com\/wp-content\/uploads\/masaje-tuina-barcelona-julia-valiente.jpg\",\"datePublished\":\"2024-01-12T16:41:14+00:00\",\"dateModified\":\"2024-01-15T15:36:50+00:00\",\"description\":\"El Masaje Tuina sirve para todo tipo de dolores o problemas musculares. Se suele complementar con una sesi\u00f3n de acupuntura como lo hacemos.\",\"breadcrumb\":{\"@id\":\"https:\/\/acupunturaenergeticabarcelona.com\/masaje-tuina-barcelona\/#breadcrumb\"},\"inLanguage\":\"es\",\"potentialAction\":[{\"@type\":\"ReadAction\",\"target\":[\"https:\/\/acupunturaenergeticabarcelona.com\/masaje-tuina-barcelona\/\"]}]},{\"@type\":\"ImageObject\",\"inLanguage\":\"es\",\"@id\":\"https:\/\/acupunturaenergeticabarcelona.com\/masaje-tuina-barcelona\/#primaryimage\",\"url\":\"https:\/\/acupunturaenergeticabarcelona.com\/wp-content\/uploads\/masaje-tuina-barcelona-julia-valiente.jpg\",\"contentUrl\":\"https:\/\/acupunturaenergeticabarcelona.com\/wp-content\/uploads\/masaje-tuina-barcelona-julia-valiente.jpg\"},{\"@type\":\"BreadcrumbList\",\"@id\":\"https:\/\/acupunturaenergeticabarcelona.com\/masaje-tuina-barcelona\/#breadcrumb\",\"itemListElement\":[{\"@type\":\"ListItem\",\"position\":1,\"name\":\"Portada\",\"item\":\"https:\/\/acupunturaenergeticabarcelona.com\/\"},{\"@type\":\"ListItem\",\"position\":2,\"name\":\"Masaje Tuina\"}]},{\"@type\":\"WebSite\",\"@id\":\"https:\/\/acupunturaenergeticabarcelona.com\/#website\",\"url\":\"https:\/\/acupunturaenergeticabarcelona.com\/\",\"name\":\"Acupuntura y Medicina China en Barcelona\",\"description\":\"Acupuntura y Medicina China en Barcelona\",\"publisher\":{\"@id\":\"https:\/\/acupunturaenergeticabarcelona.com\/#\/schema\/person\/86ca1cb64ad7aa15eb2a091f42916d17\"},\"alternateName\":\"Acupuntura Energ\u00e9tica Barcelona\",\"potentialAction\":[{\"@type\":\"SearchAction\",\"target\":{\"@type\":\"EntryPoint\",\"urlTemplate\":\"https:\/\/acupunturaenergeticabarcelona.com\/?s={search_term_string}\"},\"query-input\":\"required name=search_term_string\"}],\"inLanguage\":\"es\"},{\"@type\":[\"Person\",\"Organization\"],\"@id\":\"https:\/\/acupunturaenergeticabarcelona.com\/#\/schema\/person\/86ca1cb64ad7aa15eb2a091f42916d17\",\"name\":\"Julia Valiente\",\"image\":{\"@type\":\"ImageObject\",\"inLanguage\":\"es\",\"@id\":\"https:\/\/acupunturaenergeticabarcelona.com\/#\/schema\/person\/image\/\",\"url\":\"https:\/\/acupunturaenergeticabarcelona.com\/wp-content\/uploads\/2024\/01\/JL-symbol-color.png\",\"contentUrl\":\"https:\/\/acupunturaenergeticabarcelona.com\/wp-content\/uploads\/2024\/01\/JL-symbol-color.png\",\"width\":568,\"height\":568,\"caption\":\"Julia Valiente\"},\"logo\":{\"@id\":\"https:\/\/acupunturaenergeticabarcelona.com\/#\/schema\/person\/image\/\"},\"sameAs\":[\"http:\/\/acupunturaenergeticabarcelona.com\"]}]}<\/script>\n<!-- \/ Yoast SEO plugin. -->","yoast_head_json":{"title":"Masaje Tuina - Acupuntura Energ\u00e9tica Barcelona","description":"El Masaje Tuina sirve para todo tipo de dolores o problemas musculares. Se suele complementar con una sesi\u00f3n de acupuntura como lo hacemos.","robots":{"index":"index","follow":"follow","max-snippet":"max-snippet:-1","max-image-preview":"max-image-preview:large","max-video-preview":"max-video-preview:-1"},"canonical":"https:\/\/acupunturaenergeticabarcelona.com\/es\/masaje-tuina-barcelona\/","og_locale":"es_ES","og_type":"article","og_title":"Masaje Tuina - Acupuntura Energ\u00e9tica Barcelona","og_description":"El Masaje Tuina sirve para todo tipo de dolores o problemas musculares. Se suele complementar con una sesi\u00f3n de acupuntura como lo hacemos.","og_url":"https:\/\/acupunturaenergeticabarcelona.com\/es\/masaje-tuina-barcelona\/","og_site_name":"Acupuntura Energ\u00e9tica Barcelona","article_modified_time":"2024-01-15T15:36:50+00:00","og_image":[{"url":"https:\/\/acupunturaenergeticabarcelona.com\/wp-content\/uploads\/masaje-tuina-barcelona-julia-valiente.jpg"}],"twitter_card":"summary_large_image","twitter_misc":{"Tiempo de lectura":"3 minutos"},"schema":{"@context":"https:\/\/schema.org","@graph":[{"@type":"WebPage","@id":"https:\/\/acupunturaenergeticabarcelona.com\/masaje-tuina-barcelona\/","url":"https:\/\/acupunturaenergeticabarcelona.com\/masaje-tuina-barcelona\/","name":"Masaje Tuina - Acupuntura Energ\u00e9tica Barcelona","isPartOf":{"@id":"https:\/\/acupunturaenergeticabarcelona.com\/#website"},"primaryImageOfPage":{"@id":"https:\/\/acupunturaenergeticabarcelona.com\/masaje-tuina-barcelona\/#primaryimage"},"image":{"@id":"https:\/\/acupunturaenergeticabarcelona.com\/masaje-tuina-barcelona\/#primaryimage"},"thumbnailUrl":"https:\/\/acupunturaenergeticabarcelona.com\/wp-content\/uploads\/masaje-tuina-barcelona-julia-valiente.jpg","datePublished":"2024-01-12T16:41:14+00:00","dateModified":"2024-01-15T15:36:50+00:00","description":"El Masaje Tuina sirve para todo tipo de dolores o problemas musculares. Se suele complementar con una sesi\u00f3n de acupuntura como lo hacemos.","breadcrumb":{"@id":"https:\/\/acupunturaenergeticabarcelona.com\/masaje-tuina-barcelona\/#breadcrumb"},"inLanguage":"es","potentialAction":[{"@type":"ReadAction","target":["https:\/\/acupunturaenergeticabarcelona.com\/masaje-tuina-barcelona\/"]}]},{"@type":"ImageObject","inLanguage":"es","@id":"https:\/\/acupunturaenergeticabarcelona.com\/masaje-tuina-barcelona\/#primaryimage","url":"https:\/\/acupunturaenergeticabarcelona.com\/wp-content\/uploads\/masaje-tuina-barcelona-julia-valiente.jpg","contentUrl":"https:\/\/acupunturaenergeticabarcelona.com\/wp-content\/uploads\/masaje-tuina-barcelona-julia-valiente.jpg"},{"@type":"BreadcrumbList","@id":"https:\/\/acupunturaenergeticabarcelona.com\/masaje-tuina-barcelona\/#breadcrumb","itemListElement":[{"@type":"ListItem","position":1,"name":"Portada","item":"https:\/\/acupunturaenergeticabarcelona.com\/"},{"@type":"ListItem","position":2,"name":"Masaje Tuina"}]},{"@type":"WebSite","@id":"https:\/\/acupunturaenergeticabarcelona.com\/#website","url":"https:\/\/acupunturaenergeticabarcelona.com\/","name":"Acupuntura y Medicina China en Barcelona","description":"Acupuntura y Medicina China en Barcelona","publisher":{"@id":"https:\/\/acupunturaenergeticabarcelona.com\/#\/schema\/person\/86ca1cb64ad7aa15eb2a091f42916d17"},"alternateName":"Acupuntura Energ\u00e9tica Barcelona","potentialAction":[{"@type":"SearchAction","target":{"@type":"EntryPoint","urlTemplate":"https:\/\/acupunturaenergeticabarcelona.com\/?s={search_term_string}"},"query-input":"required name=search_term_string"}],"inLanguage":"es"},{"@type":["Person","Organization"],"@id":"https:\/\/acupunturaenergeticabarcelona.com\/#\/schema\/person\/86ca1cb64ad7aa15eb2a091f42916d17","name":"Julia Valiente","image":{"@type":"ImageObject","inLanguage":"es","@id":"https:\/\/acupunturaenergeticabarcelona.com\/#\/schema\/person\/image\/","url":"https:\/\/acupunturaenergeticabarcelona.com\/wp-content\/uploads\/2024\/01\/JL-symbol-color.png","contentUrl":"https:\/\/acupunturaenergeticabarcelona.com\/wp-content\/uploads\/2024\/01\/JL-symbol-color.png","width":568,"height":568,"caption":"Julia Valiente"},"logo":{"@id":"https:\/\/acupunturaenergeticabarcelona.com\/#\/schema\/person\/image\/"},"sameAs":["http:\/\/acupunturaenergeticabarcelona.com"]}]}},"uagb_featured_image_src":{"full":false,"thumbnail":false,"medium":false,"medium_large":false,"large":false,"1536x1536":false,"2048x2048":false,"trp-custom-language-flag":false},"uagb_author_info":{"display_name":"yago","author_link":"https:\/\/acupunturaenergeticabarcelona.com\/es\/author\/yago\/"},"uagb_comment_info":0,"uagb_excerpt":"Masaje Tuina Inicio > Tratamientos > Masaje Tuina El\u00a0Tui Na\u00a0es una terapia manual enmarcada dentro de la\u00a0medicina tradicional china\u00a0que utiliza el masaje como tratamiento. La palabra Tui Na significa empujar y agarrar, dos de los movimientos de una variedad de 80 que integran este masaje. Los movimientos se aplican sobre la superficie corporal, el recorrido&hellip;","_links":{"self":[{"href":"https:\/\/acupunturaenergeticabarcelona.com\/es\/wp-json\/wp\/v2\/pages\/2047","targetHints":{"allow":["GET"]}}],"collection":[{"href":"https:\/\/acupunturaenergeticabarcelona.com\/es\/wp-json\/wp\/v2\/pages"}],"about":[{"href":"https:\/\/acupunturaenergeticabarcelona.com\/es\/wp-json\/wp\/v2\/types\/page"}],"author":[{"embeddable":true,"href":"https:\/\/acupunturaenergeticabarcelona.com\/es\/wp-json\/wp\/v2\/users\/1"}],"replies":[{"embeddable":true,"href":"https:\/\/acupunturaenergeticabarcelona.com\/es\/wp-json\/wp\/v2\/comments?post=2047"}],"version-history":[{"count":3,"href":"https:\/\/acupunturaenergeticabarcelona.com\/es\/wp-json\/wp\/v2\/pages\/2047\/revisions"}],"predecessor-version":[{"id":2360,"href":"https:\/\/acupunturaenergeticabarcelona.com\/es\/wp-json\/wp\/v2\/pages\/2047\/revisions\/2360"}],"wp:attachment":[{"href":"https:\/\/acupunturaenergeticabarcelona.com\/es\/wp-json\/wp\/v2\/media?parent=2047"}],"curies":[{"name":"wp","href":"https:\/\/api.w.org\/{rel}","templated":true}]}}