{"id":2052,"date":"2024-01-12T17:51:17","date_gmt":"2024-01-12T16:51:17","guid":{"rendered":"https:\/\/acupunturaenergeticabarcelona.com\/?page_id=2052"},"modified":"2024-01-20T13:55:26","modified_gmt":"2024-01-20T12:55:26","slug":"reserva-tu-cita","status":"publish","type":"page","link":"https:\/\/acupunturaenergeticabarcelona.com\/es\/reserva-tu-cita\/","title":{"rendered":"Reserva tu cita"},"content":{"rendered":"\n<h2 class=\"wp-block-heading has-text-align-center\">Reserva tu cita con nosotros<\/h2>\n\n\n\n<div class=\"wp-block-uagb-separator uagb-block-f8983574 wp-block-uagb-separator--icon\"><div class=\"wp-block-uagb-separator__inner\" style=\"--my-background-image:\"><div class=\"wp-block-uagb-separator-element\"><svg xmlns=\"https:\/\/www.w3.org\/2000\/svg\" viewBox=\"0 0 640 512\"><path d=\"M208 112C208 50.14 258.1 0 320 0C381.9 0 432 50.14 432 112C432 173.9 381.9 224 320 224C258.1 224 208 173.9 208 112zM80 258.7L140.3 339C149.7 351.6 167.7 353.8 179.9 343.8C190.4 335.1 193.1 319.1 186 308.3L164.6 272.5C155.9 258 159.9 239.3 173.7 229.7C187.6 220.1 206.5 222.9 216.1 236L263.5 294.1C279.3 313.1 288 338.6 288 364.1V480C288 497.7 273.7 512 256 512H160C150.3 512 141.1 507.6 135 499.1L14.02 348.8C4.946 337.4 0 323.3 0 308.8V103.1C0 81.91 17.91 63.1 40 63.1C62.09 63.1 80 81.91 80 103.1V258.7zM640 104V308.8C640 323.3 635.1 337.4 625.1 348.8L504.1 499.1C498.9 507.6 489.7 512 480 512H384C366.3 512 352 497.7 352 480V364.1C352 338.6 360.7 313.1 376.5 294.1L423 236C433.5 222.9 452.4 220.1 466.3 229.7C480.1 239.3 484.1 258 475.4 272.5L453.1 308.3C446.9 319.1 449.6 335.1 460.2 343.8C472.3 353.8 490.3 351.6 499.7 339L560 258.7V104C560 81.91 577.9 64 600 64C622.1 64 640 81.91 640 104V104z\"><\/path><\/svg><\/div><\/div><\/div>\n\n\n\n<div class=\"wp-block-uagb-call-to-action uagb-block-363437b9 wp-block-button\"><div class=\"uagb-cta__wrap\"><h4 class=\"uagb-cta__title\">Reg\u00edstrate o inicia sesi\u00f3n en menos de 1 MINUTO<\/h4><p class=\"uagb-cta__desc\">Puedes hacerlo a trav\u00e9s del c\u00f3digo QR o simplemente presionando el bot\u00f3n.<br>\u00a1IMPORTANTE! Al registrarte solo pon el usuario, nombre completo, correo y contrase\u00f1a.<\/p><\/div><div class=\"uagb-cta__buttons\"><a href=\"https:\/\/www.organizate.biz\/centros\/1517\" class=\"uagb-cta__button-link-wrapper wp-block-button__link\" target=\"_self\" rel=\"noopener noreferrer\">Reserva<\/a><\/div><\/div>\n\n\n\n<figure class=\"wp-block-image aligncenter size-full\"><img loading=\"lazy\" decoding=\"async\" width=\"430\" height=\"430\" src=\"http:\/\/acupunturaenergeticabarcelona.com\/wp-content\/uploads\/2024\/01\/B36E0AF7-8D0C-4851-B0D4-C299C02C87CD.png\" alt=\"\" class=\"wp-image-2146\" srcset=\"https:\/\/acupunturaenergeticabarcelona.com\/wp-content\/uploads\/2024\/01\/B36E0AF7-8D0C-4851-B0D4-C299C02C87CD.png 430w, https:\/\/acupunturaenergeticabarcelona.com\/wp-content\/uploads\/2024\/01\/B36E0AF7-8D0C-4851-B0D4-C299C02C87CD-300x300.png 300w, https:\/\/acupunturaenergeticabarcelona.com\/wp-content\/uploads\/2024\/01\/B36E0AF7-8D0C-4851-B0D4-C299C02C87CD-150x150.png 150w\" sizes=\"auto, (max-width: 430px) 100vw, 430px\" \/><\/figure>\n\n\n\n<div class=\"wp-block-uagb-separator uagb-block-4a9a9488\"><div class=\"wp-block-uagb-separator__inner\" style=\"--my-background-image:\"><\/div><\/div>\n\n\n\t\t\t<div \n\t\t\tclass=\"wp-block-uagb-google-map uagb-google-map__wrap uagb-block-21c2c4e9     \"\n\t\t\tstyle=\"\" >\n\t\t\t\t<embed\n\t\t\t\t\tclass=\"uagb-google-map__iframe\"\n\t\t\t\t\ttitle=\"Google Map for \"\n\t\t\t\t\tsrc=\"https:\/\/maps.google.com\/maps?q=Carrer%20de%20Pelai%2012&#038;z=12&#038;hl=es&#038;t=m&#038;output=embed&#038;iwloc=near\"\n\t\t\t\t\twidth=\"640\"\n\t\t\t\t\theight=\"300\"\n\t\t\t\t\tloading=\"lazy\"\n\t\t\t\t><\/embed>\n\t\t\t<\/div>\n\t\t\t\n\n\n<div class=\"wp-block-uagb-separator uagb-block-99b6ce32\"><div class=\"wp-block-uagb-separator__inner\" style=\"--my-background-image:\"><\/div><\/div>\n\n\n\n<figure class=\"wp-block-image alignfull size-large\"><img loading=\"lazy\" decoding=\"async\" width=\"1024\" height=\"576\" src=\"https:\/\/acupunturaenergeticabarcelona.com\/wp-content\/uploads\/2024\/01\/70725376-13BD-43F1-B3A6-27F7262C113B-1024x576.jpeg\" alt=\"Cl\u00ednica de Acupuntura en Barcelona\" class=\"wp-image-2150\" srcset=\"https:\/\/acupunturaenergeticabarcelona.com\/wp-content\/uploads\/2024\/01\/70725376-13BD-43F1-B3A6-27F7262C113B-1024x576.jpeg 1024w, https:\/\/acupunturaenergeticabarcelona.com\/wp-content\/uploads\/2024\/01\/70725376-13BD-43F1-B3A6-27F7262C113B-300x169.jpeg 300w, https:\/\/acupunturaenergeticabarcelona.com\/wp-content\/uploads\/2024\/01\/70725376-13BD-43F1-B3A6-27F7262C113B-768x432.jpeg 768w, https:\/\/acupunturaenergeticabarcelona.com\/wp-content\/uploads\/2024\/01\/70725376-13BD-43F1-B3A6-27F7262C113B-1536x864.jpeg 1536w, https:\/\/acupunturaenergeticabarcelona.com\/wp-content\/uploads\/2024\/01\/70725376-13BD-43F1-B3A6-27F7262C113B.jpeg 2016w\" sizes=\"auto, (max-width: 1024px) 100vw, 1024px\" \/><\/figure>\n","protected":false},"excerpt":{"rendered":"<p>Reserva tu cita con nosotros<\/p>\n","protected":false},"author":1,"featured_media":0,"parent":0,"menu_order":0,"comment_status":"closed","ping_status":"closed","template":"","meta":{"_uag_custom_page_level_css":"","site-sidebar-layout":"default","site-content-layout":"","ast-site-content-layout":"default","site-content-style":"default","site-sidebar-style":"default","ast-global-header-display":"","ast-banner-title-visibility":"","ast-main-header-display":"","ast-hfb-above-header-display":"","ast-hfb-below-header-display":"","ast-hfb-mobile-header-display":"","site-post-title":"disabled","ast-breadcrumbs-content":"","ast-featured-img":"","footer-sml-layout":"","theme-transparent-header-meta":"","adv-header-id-meta":"","stick-header-meta":"","header-above-stick-meta":"","header-main-stick-meta":"","header-below-stick-meta":"","astra-migrate-meta-layouts":"set","ast-page-background-enabled":"default","ast-page-background-meta":{"desktop":{"background-color":"var(--ast-global-color-4)","background-image":"","background-repeat":"repeat","background-position":"center center","background-size":"auto","background-attachment":"scroll","background-type":"","background-media":"","overlay-type":"","overlay-color":"","overlay-opacity":"","overlay-gradient":""},"tablet":{"background-color":"","background-image":"","background-repeat":"repeat","background-position":"center center","background-size":"auto","background-attachment":"scroll","background-type":"","background-media":"","overlay-type":"","overlay-color":"","overlay-opacity":"","overlay-gradient":""},"mobile":{"background-color":"","background-image":"","background-repeat":"repeat","background-position":"center center","background-size":"auto","background-attachment":"scroll","background-type":"","background-media":"","overlay-type":"","overlay-color":"","overlay-opacity":"","overlay-gradient":""}},"ast-content-background-meta":{"desktop":{"background-color":"var(--ast-global-color-5)","background-image":"","background-repeat":"repeat","background-position":"center center","background-size":"auto","background-attachment":"scroll","background-type":"","background-media":"","overlay-type":"","overlay-color":"","overlay-opacity":"","overlay-gradient":""},"tablet":{"background-color":"var(--ast-global-color-5)","background-image":"","background-repeat":"repeat","background-position":"center center","background-size":"auto","background-attachment":"scroll","background-type":"","background-media":"","overlay-type":"","overlay-color":"","overlay-opacity":"","overlay-gradient":""},"mobile":{"background-color":"var(--ast-global-color-5)","background-image":"","background-repeat":"repeat","background-position":"center center","background-size":"auto","background-attachment":"scroll","background-type":"","background-media":"","overlay-type":"","overlay-color":"","overlay-opacity":"","overlay-gradient":""}},"_joinchat":[],"footnotes":""},"class_list":["post-2052","page","type-page","status-publish","hentry"],"yoast_head":"<!-- This site is optimized with the Yoast SEO plugin v23.1 - https:\/\/yoast.com\/wordpress\/plugins\/seo\/ -->\n<title>Reserva tu cita - Acupuntura Energ\u00e9tica Barcelona<\/title>\n<meta name=\"robots\" content=\"noindex, nofollow\" \/>\n<meta property=\"og:locale\" content=\"es_ES\" \/>\n<meta property=\"og:type\" content=\"article\" \/>\n<meta property=\"og:title\" content=\"Reserva tu cita - Acupuntura Energ\u00e9tica Barcelona\" \/>\n<meta property=\"og:description\" content=\"Reserva tu cita con nosotros\" \/>\n<meta property=\"og:url\" content=\"https:\/\/acupunturaenergeticabarcelona.com\/es\/reserva-tu-cita\/\" \/>\n<meta property=\"og:site_name\" content=\"Acupuntura Energ\u00e9tica Barcelona\" \/>\n<meta property=\"article:modified_time\" content=\"2024-01-20T12:55:26+00:00\" \/>\n<meta property=\"og:image\" content=\"http:\/\/acupunturaenergeticabarcelona.com\/wp-content\/uploads\/2024\/01\/B36E0AF7-8D0C-4851-B0D4-C299C02C87CD.png\" \/>\n<meta name=\"twitter:card\" content=\"summary_large_image\" \/>\n<meta name=\"twitter:label1\" content=\"Tiempo de lectura\" \/>\n\t<meta name=\"twitter:data1\" content=\"1 minuto\" \/>\n<script type=\"application\/ld+json\" class=\"yoast-schema-graph\">{\"@context\":\"https:\/\/schema.org\",\"@graph\":[{\"@type\":\"WebPage\",\"@id\":\"https:\/\/acupunturaenergeticabarcelona.com\/reserva-tu-cita\/\",\"url\":\"https:\/\/acupunturaenergeticabarcelona.com\/reserva-tu-cita\/\",\"name\":\"Reserva tu cita - Acupuntura Energ\u00e9tica Barcelona\",\"isPartOf\":{\"@id\":\"https:\/\/acupunturaenergeticabarcelona.com\/#website\"},\"primaryImageOfPage\":{\"@id\":\"https:\/\/acupunturaenergeticabarcelona.com\/reserva-tu-cita\/#primaryimage\"},\"image\":{\"@id\":\"https:\/\/acupunturaenergeticabarcelona.com\/reserva-tu-cita\/#primaryimage\"},\"thumbnailUrl\":\"http:\/\/acupunturaenergeticabarcelona.com\/wp-content\/uploads\/2024\/01\/B36E0AF7-8D0C-4851-B0D4-C299C02C87CD.png\",\"datePublished\":\"2024-01-12T16:51:17+00:00\",\"dateModified\":\"2024-01-20T12:55:26+00:00\",\"breadcrumb\":{\"@id\":\"https:\/\/acupunturaenergeticabarcelona.com\/reserva-tu-cita\/#breadcrumb\"},\"inLanguage\":\"es\",\"potentialAction\":[{\"@type\":\"ReadAction\",\"target\":[\"https:\/\/acupunturaenergeticabarcelona.com\/reserva-tu-cita\/\"]}]},{\"@type\":\"ImageObject\",\"inLanguage\":\"es\",\"@id\":\"https:\/\/acupunturaenergeticabarcelona.com\/reserva-tu-cita\/#primaryimage\",\"url\":\"http:\/\/acupunturaenergeticabarcelona.com\/wp-content\/uploads\/2024\/01\/B36E0AF7-8D0C-4851-B0D4-C299C02C87CD.png\",\"contentUrl\":\"http:\/\/acupunturaenergeticabarcelona.com\/wp-content\/uploads\/2024\/01\/B36E0AF7-8D0C-4851-B0D4-C299C02C87CD.png\"},{\"@type\":\"BreadcrumbList\",\"@id\":\"https:\/\/acupunturaenergeticabarcelona.com\/reserva-tu-cita\/#breadcrumb\",\"itemListElement\":[{\"@type\":\"ListItem\",\"position\":1,\"name\":\"Portada\",\"item\":\"https:\/\/acupunturaenergeticabarcelona.com\/\"},{\"@type\":\"ListItem\",\"position\":2,\"name\":\"Reserva tu cita\"}]},{\"@type\":\"WebSite\",\"@id\":\"https:\/\/acupunturaenergeticabarcelona.com\/#website\",\"url\":\"https:\/\/acupunturaenergeticabarcelona.com\/\",\"name\":\"Acupuntura y Medicina China en Barcelona\",\"description\":\"Acupuntura y Medicina China en Barcelona\",\"publisher\":{\"@id\":\"https:\/\/acupunturaenergeticabarcelona.com\/#\/schema\/person\/86ca1cb64ad7aa15eb2a091f42916d17\"},\"alternateName\":\"Acupuntura Energ\u00e9tica Barcelona\",\"potentialAction\":[{\"@type\":\"SearchAction\",\"target\":{\"@type\":\"EntryPoint\",\"urlTemplate\":\"https:\/\/acupunturaenergeticabarcelona.com\/?s={search_term_string}\"},\"query-input\":\"required name=search_term_string\"}],\"inLanguage\":\"es\"},{\"@type\":[\"Person\",\"Organization\"],\"@id\":\"https:\/\/acupunturaenergeticabarcelona.com\/#\/schema\/person\/86ca1cb64ad7aa15eb2a091f42916d17\",\"name\":\"Julia Valiente\",\"image\":{\"@type\":\"ImageObject\",\"inLanguage\":\"es\",\"@id\":\"https:\/\/acupunturaenergeticabarcelona.com\/#\/schema\/person\/image\/\",\"url\":\"https:\/\/acupunturaenergeticabarcelona.com\/wp-content\/uploads\/2024\/01\/JL-symbol-color.png\",\"contentUrl\":\"https:\/\/acupunturaenergeticabarcelona.com\/wp-content\/uploads\/2024\/01\/JL-symbol-color.png\",\"width\":568,\"height\":568,\"caption\":\"Julia Valiente\"},\"logo\":{\"@id\":\"https:\/\/acupunturaenergeticabarcelona.com\/#\/schema\/person\/image\/\"},\"sameAs\":[\"http:\/\/acupunturaenergeticabarcelona.com\"]}]}<\/script>\n<!-- \/ Yoast SEO plugin. -->","yoast_head_json":{"title":"Reserva tu cita - Acupuntura Energ\u00e9tica Barcelona","robots":{"index":"noindex","follow":"nofollow"},"og_locale":"es_ES","og_type":"article","og_title":"Reserva tu cita - Acupuntura Energ\u00e9tica Barcelona","og_description":"Reserva tu cita con nosotros","og_url":"https:\/\/acupunturaenergeticabarcelona.com\/es\/reserva-tu-cita\/","og_site_name":"Acupuntura Energ\u00e9tica Barcelona","article_modified_time":"2024-01-20T12:55:26+00:00","og_image":[{"url":"http:\/\/acupunturaenergeticabarcelona.com\/wp-content\/uploads\/2024\/01\/B36E0AF7-8D0C-4851-B0D4-C299C02C87CD.png"}],"twitter_card":"summary_large_image","twitter_misc":{"Tiempo de lectura":"1 minuto"},"schema":{"@context":"https:\/\/schema.org","@graph":[{"@type":"WebPage","@id":"https:\/\/acupunturaenergeticabarcelona.com\/reserva-tu-cita\/","url":"https:\/\/acupunturaenergeticabarcelona.com\/reserva-tu-cita\/","name":"Reserva tu cita - Acupuntura Energ\u00e9tica Barcelona","isPartOf":{"@id":"https:\/\/acupunturaenergeticabarcelona.com\/#website"},"primaryImageOfPage":{"@id":"https:\/\/acupunturaenergeticabarcelona.com\/reserva-tu-cita\/#primaryimage"},"image":{"@id":"https:\/\/acupunturaenergeticabarcelona.com\/reserva-tu-cita\/#primaryimage"},"thumbnailUrl":"http:\/\/acupunturaenergeticabarcelona.com\/wp-content\/uploads\/2024\/01\/B36E0AF7-8D0C-4851-B0D4-C299C02C87CD.png","datePublished":"2024-01-12T16:51:17+00:00","dateModified":"2024-01-20T12:55:26+00:00","breadcrumb":{"@id":"https:\/\/acupunturaenergeticabarcelona.com\/reserva-tu-cita\/#breadcrumb"},"inLanguage":"es","potentialAction":[{"@type":"ReadAction","target":["https:\/\/acupunturaenergeticabarcelona.com\/reserva-tu-cita\/"]}]},{"@type":"ImageObject","inLanguage":"es","@id":"https:\/\/acupunturaenergeticabarcelona.com\/reserva-tu-cita\/#primaryimage","url":"http:\/\/acupunturaenergeticabarcelona.com\/wp-content\/uploads\/2024\/01\/B36E0AF7-8D0C-4851-B0D4-C299C02C87CD.png","contentUrl":"http:\/\/acupunturaenergeticabarcelona.com\/wp-content\/uploads\/2024\/01\/B36E0AF7-8D0C-4851-B0D4-C299C02C87CD.png"},{"@type":"BreadcrumbList","@id":"https:\/\/acupunturaenergeticabarcelona.com\/reserva-tu-cita\/#breadcrumb","itemListElement":[{"@type":"ListItem","position":1,"name":"Portada","item":"https:\/\/acupunturaenergeticabarcelona.com\/"},{"@type":"ListItem","position":2,"name":"Reserva tu cita"}]},{"@type":"WebSite","@id":"https:\/\/acupunturaenergeticabarcelona.com\/#website","url":"https:\/\/acupunturaenergeticabarcelona.com\/","name":"Acupuntura y Medicina China en Barcelona","description":"Acupuntura y Medicina China en Barcelona","publisher":{"@id":"https:\/\/acupunturaenergeticabarcelona.com\/#\/schema\/person\/86ca1cb64ad7aa15eb2a091f42916d17"},"alternateName":"Acupuntura Energ\u00e9tica Barcelona","potentialAction":[{"@type":"SearchAction","target":{"@type":"EntryPoint","urlTemplate":"https:\/\/acupunturaenergeticabarcelona.com\/?s={search_term_string}"},"query-input":"required name=search_term_string"}],"inLanguage":"es"},{"@type":["Person","Organization"],"@id":"https:\/\/acupunturaenergeticabarcelona.com\/#\/schema\/person\/86ca1cb64ad7aa15eb2a091f42916d17","name":"Julia Valiente","image":{"@type":"ImageObject","inLanguage":"es","@id":"https:\/\/acupunturaenergeticabarcelona.com\/#\/schema\/person\/image\/","url":"https:\/\/acupunturaenergeticabarcelona.com\/wp-content\/uploads\/2024\/01\/JL-symbol-color.png","contentUrl":"https:\/\/acupunturaenergeticabarcelona.com\/wp-content\/uploads\/2024\/01\/JL-symbol-color.png","width":568,"height":568,"caption":"Julia Valiente"},"logo":{"@id":"https:\/\/acupunturaenergeticabarcelona.com\/#\/schema\/person\/image\/"},"sameAs":["http:\/\/acupunturaenergeticabarcelona.com"]}]}},"uagb_featured_image_src":{"full":false,"thumbnail":false,"medium":false,"medium_large":false,"large":false,"1536x1536":false,"2048x2048":false,"trp-custom-language-flag":false},"uagb_author_info":{"display_name":"yago","author_link":"https:\/\/acupunturaenergeticabarcelona.com\/es\/author\/yago\/"},"uagb_comment_info":0,"uagb_excerpt":"Reserva tu cita con nosotros","_links":{"self":[{"href":"https:\/\/acupunturaenergeticabarcelona.com\/es\/wp-json\/wp\/v2\/pages\/2052","targetHints":{"allow":["GET"]}}],"collection":[{"href":"https:\/\/acupunturaenergeticabarcelona.com\/es\/wp-json\/wp\/v2\/pages"}],"about":[{"href":"https:\/\/acupunturaenergeticabarcelona.com\/es\/wp-json\/wp\/v2\/types\/page"}],"author":[{"embeddable":true,"href":"https:\/\/acupunturaenergeticabarcelona.com\/es\/wp-json\/wp\/v2\/users\/1"}],"replies":[{"embeddable":true,"href":"https:\/\/acupunturaenergeticabarcelona.com\/es\/wp-json\/wp\/v2\/comments?post=2052"}],"version-history":[{"count":12,"href":"https:\/\/acupunturaenergeticabarcelona.com\/es\/wp-json\/wp\/v2\/pages\/2052\/revisions"}],"predecessor-version":[{"id":2158,"href":"https:\/\/acupunturaenergeticabarcelona.com\/es\/wp-json\/wp\/v2\/pages\/2052\/revisions\/2158"}],"wp:attachment":[{"href":"https:\/\/acupunturaenergeticabarcelona.com\/es\/wp-json\/wp\/v2\/media?parent=2052"}],"curies":[{"name":"wp","href":"https:\/\/api.w.org\/{rel}","templated":true}]}}