{"id":760,"date":"2022-05-02T12:01:31","date_gmt":"2022-05-02T12:01:31","guid":{"rendered":"https:\/\/acupunturaenergeticabarcelona.com\/?page_id=760"},"modified":"2024-08-01T17:52:50","modified_gmt":"2024-08-01T15:52:50","slug":"sobre-nosotros","status":"publish","type":"page","link":"https:\/\/acupunturaenergeticabarcelona.com\/es\/sobre-nosotros\/","title":{"rendered":"Julia Valiente"},"content":{"rendered":"\n<div class=\"wp-block-uagb-container uagb-block-393ec660 alignfull uagb-is-root-container\"><div class=\"uagb-container-inner-blocks-wrap\">\n<div class=\"wp-block-uagb-advanced-heading uagb-block-fdf350af\"><h6 class=\"uagb-heading-text\">Sobre Julia<\/h6><\/div>\n\n\n\n<div class=\"wp-block-uagb-advanced-heading uagb-block-b57b089f\"><h1 class=\"uagb-heading-text\">Julia Valiente<\/h1><\/div>\n<\/div><\/div>\n\n\n\n<div class=\"wp-block-uagb-container uagb-block-1b52010a alignfull uagb-is-root-container\"><div class=\"uagb-container-inner-blocks-wrap\">\n<div class=\"wp-block-uagb-container uagb-block-5012e9bf\">\n<div class=\"wp-block-uagb-container uagb-block-4592a220\">\n<div class=\"wp-block-uagb-advanced-heading uagb-block-dd2adbb3\"><h6 class=\"uagb-heading-text\">Sobre Julia<\/h6><\/div>\n\n\n\n<div class=\"wp-block-uagb-info-box uagb-block-fa087536 uagb-infobox__content-wrap  uagb-infobox-icon-above-title uagb-infobox-image-valign-top\"><div class=\"uagb-ifb-content\"><div class=\"uagb-ifb-title-wrap\"><h2 class=\"uagb-ifb-title\">Julia Valiente<\/h2><\/div><div class=\"uagb-ifb-separator\"><\/div><\/div><\/div>\n\n\n\n<div class=\"wp-block-uagb-info-box uagb-block-88e215cd uagb-infobox__content-wrap  uagb-infobox-icon-above-title uagb-infobox-image-valign-top\"><div class=\"uagb-ifb-content\"><div class=\"uagb-ifb-image-content\"><img decoding=\"async\" src=\"http:\/\/acupunturaenergeticabarcelona.com\/wp-content\/uploads\/2021\/08\/quote-icon.svg\" alt=\"\" width=\"16\" height=\"16\" loading=\"lazy\"\/><\/div><div class=\"uagb-ifb-title-wrap\"><\/div><p class=\"uagb-ifb-desc\">Me sent\u00ed profundamente atra\u00edda hacia la Medicina China por su combinacion de filosof\u00eda y medicina, siendo m\u00e1s una forma de entender la vida y la salud que una medicina convencional.<\/p><\/div><\/div>\n\n\n\n<div class=\"wp-block-uagb-info-box uagb-block-ea22a055 uagb-infobox__content-wrap  uagb-infobox-icon-left uagb-infobox-left uagb-infobox-image-valign-top\"><div class=\"uagb-ifb-image-content\"><img decoding=\"async\" src=\"http:\/\/acupunturaenergeticabarcelona.com\/wp-content\/uploads\/2024\/01\/E5CD592F-CA5C-4D4E-9E17-14B7D218E93E-150x150.jpeg\" alt=\"\" width=\"61\" height=\"61\" loading=\"lazy\"\/><\/div><div class=\"uagb-ifb-content\"><div class=\"uagb-ifb-title-wrap\"><span class=\"uagb-ifb-title-prefix\">Julia Valiente<\/span><\/div><p class=\"uagb-ifb-desc\">Profesional en acupuntura y Medicina China<\/p><\/div><\/div>\n<\/div>\n\n\n\n<div class=\"wp-block-uagb-container uagb-block-9219004b\">\n<div class=\"wp-block-uagb-image uagb-block-61d85631 wp-block-uagb-image--layout-default wp-block-uagb-image--effect-static wp-block-uagb-image--align-none\"><figure class=\"wp-block-uagb-image__figure\"><img decoding=\"async\" srcset=\"https:\/\/acupunturaenergeticabarcelona.com\/wp-content\/uploads\/2024\/01\/56CC350A-A169-41F6-B4BE-C5D553A19519.jpeg ,https:\/\/acupunturaenergeticabarcelona.com\/wp-content\/uploads\/2024\/01\/56CC350A-A169-41F6-B4BE-C5D553A19519.jpeg 780w, https:\/\/acupunturaenergeticabarcelona.com\/wp-content\/uploads\/2024\/01\/56CC350A-A169-41F6-B4BE-C5D553A19519.jpeg 360w\" sizes=\"auto, (max-width: 480px) 150px\" src=\"https:\/\/acupunturaenergeticabarcelona.com\/wp-content\/uploads\/2024\/01\/56CC350A-A169-41F6-B4BE-C5D553A19519.jpeg\" alt=\"\" class=\"uag-image-1941\" width=\"320\" height=\"479\" title=\"\" loading=\"lazy\" role=\"img\"\/><\/figure><\/div>\n<\/div>\n\n\n\n<div class=\"wp-block-uagb-container uagb-block-1f4a609e\">\n<div class=\"wp-block-columns are-vertically-aligned-center is-layout-flex wp-container-core-columns-is-layout-28f84493 wp-block-columns-is-layout-flex\">\n<div class=\"wp-block-column is-vertically-aligned-center is-layout-flow wp-block-column-is-layout-flow\" style=\"flex-basis:100%\">\n<div class=\"wp-block-uagb-info-box uagb-block-9e11a9f8 uagb-infobox__content-wrap  uagb-infobox-icon-above-title uagb-infobox-image-valign-top\"><div class=\"uagb-ifb-content\"><div class=\"uagb-ifb-separator\"><\/div><div class=\"uagb-ifb-title-wrap\"><\/div><p class=\"uagb-ifb-desc\">Julia Valiente es graduada en Medicina Tradicional China por el Instituto Superior de Medicinas Tradicionales (ISMET-Barcelona) y curs\u00f3 la Formaci\u00f3n Superior en Acupuntura en la Universidad Pompeu Fabra (UPF-Barcelona).<br>A su vez, complet\u00f3 estudios de Diet\u00e9tica Naturista y Oriental en el Intituto de Formaci\u00f3n Profesional Roger de Ll\u00faria (Barcelona).<\/p><\/div><\/div>\n<\/div>\n<\/div>\n<\/div>\n<\/div>\n\n\n\n<div class=\"wp-block-uagb-separator uagb-block-0c66b1df wp-block-uagb-separator--icon\"><div class=\"uagb-separator-spacing-wrapper\"><div class=\"wp-block-uagb-separator__inner\" style=\"--my-background-image:\"><div class=\"wp-block-uagb-separator-element\"><svg xmlns=\"https:\/\/www.w3.org\/2000\/svg\" viewBox=\"0 0 512 512\"><path d=\"M512 256C512 397.4 397.4 512 256 512C114.6 512 0 397.4 0 256C0 114.6 114.6 0 256 0C397.4 0 512 114.6 512 256z\"><\/path><\/svg><\/div><\/div><\/div><\/div>\n\n\n\n<h2 class=\"wp-block-heading has-text-align-center\">Mi filosof\u00eda<\/h2>\n\n\n\n<p style=\"margin-top:0;margin-right:0;margin-bottom:0;margin-left:0\">Mi primer contacto con las terapias alternativas naci\u00f3 del inter\u00e9s por conocer una manera de alimentaci\u00f3n m\u00e1s sana y adecuada a cada individuo.&nbsp;El estudio de la alimentaci\u00f3n energ\u00e9tica me condujo hasta la Medicina China. Me sent\u00ed profundamente atra\u00edda por su combinacion de filosof\u00eda y medicina, siendo m\u00e1s una forma de entender la vida y la salud que una medicina convencional. <\/p>\n\n\n\n<p>Entiendo el trabajo de terapetua como una labor de investigaci\u00f3n donde detectar la raiz del problema es esencial para un diagn\u00f3stico y tratamiento adecuado.&nbsp;Mis objetivos en consulta se concentran en despertar tu fuerza vital, ayudarte a cambiar aquellos h\u00e1bitos de vida y alimentaci\u00f3n que te perjudican, para que seas t\u00fa personalmente quien encuentre el camino del equilibrio interior y preservar de esta manera tu salud.<\/p>\n<\/div><\/div>\n\n\n\n<h2 class=\"wp-block-heading has-text-align-center\">Nuestra Cl\u00ednica<\/h2>\n\n\n\n<div class=\"wp-block-uagb-container uagb-block-e1637842 alignfull uagb-is-root-container\"><div class=\"uagb-container-inner-blocks-wrap\">\n<div class=\"wp-block-uagb-container uagb-block-11e8e351\"><div class=\"uagb-container__video-wrap\"><video autoplay loop muted playsinline><source src=\"http:\/\/acupunturaenergeticabarcelona.com\/wp-content\/uploads\/2024\/01\/SEIDO.mp4\" type=\"video\/mp4\"\/><\/video><\/div><\/div>\n\n\n\n<div class=\"wp-block-uagb-container uagb-block-504a872f\">\n<div class=\"wp-block-uagb-container uagb-block-737afe01\">\n<div class=\"wp-block-uagb-info-box uagb-block-1518db61 uagb-infobox__content-wrap  uagb-infobox-icon-above-title uagb-infobox-image-valign-top\"><div class=\"uagb-ifb-content\"><div class=\"uagb-ifb-title-wrap\"><span class=\"uagb-ifb-title-prefix\">500+<\/span><\/div><p class=\"uagb-ifb-desc\">CLIENTES SATISFECHOS<\/p><\/div><\/div>\n<\/div>\n\n\n\n<div class=\"wp-block-uagb-container uagb-block-16db6e9e\">\n<div class=\"wp-block-uagb-info-box uagb-block-04abf4e2 uagb-infobox__content-wrap  uagb-infobox-icon-above-title uagb-infobox-image-valign-top\"><div class=\"uagb-ifb-content\"><div class=\"uagb-ifb-title-wrap\"><span class=\"uagb-ifb-title-prefix\">15+<\/span><\/div><p class=\"uagb-ifb-desc\">TRATAMIENTOS<\/p><\/div><\/div>\n<\/div>\n<\/div>\n<\/div><\/div>\n\n\n\n<div class=\"wp-block-uagb-separator uagb-block-05d65c1d wp-block-uagb-separator--icon\"><div class=\"uagb-separator-spacing-wrapper\"><div class=\"wp-block-uagb-separator__inner\" style=\"--my-background-image:\"><div class=\"wp-block-uagb-separator-element\"><svg xmlns=\"https:\/\/www.w3.org\/2000\/svg\" viewBox=\"0 0 512 512\"><path d=\"M256 512c141.4 0 256-114.6 256-256s-114.6-256-256-256C114.6 0 0 114.6 0 256S114.6 512 256 512zM129.2 265.9C131.7 259.9 137.5 256 144 256h64V160c0-17.67 14.33-32 32-32h32c17.67 0 32 14.33 32 32v96h64c6.469 0 12.31 3.891 14.78 9.875c2.484 5.984 1.109 12.86-3.469 17.44l-112 112c-6.248 6.248-16.38 6.248-22.62 0l-112-112C128.1 278.7 126.7 271.9 129.2 265.9z\"><\/path><\/svg><\/div><\/div><\/div><\/div>\n\n\n\n<h2 class=\"wp-block-heading has-text-align-center\">Nuestros pacientes opinan <\/h2>\n\n\n\n<div class=\"wp-block-uagb-testimonial uagb-slick-carousel uagb-tm__arrow-outside uagb-block-a19fda1b\"><div class=\"is-carousel uagb-tm__columns-1 uagb-tm__items\"><div class=\"uagb-testimonial__wrap  uagb-tm__imgicon-style-circle uagb-tm__image-position-bottom uagb-tm__bg-type-none \"><div class=\"uagb-tm__content\"><div class=\"uagb-tm__overlay\"><\/div><div class=\"uagb-tm__text-wrap\"><div class=\"uagb-tm__desc\">Acud\u00ed a Julia Valiente desesperada, buscando una soluci\u00f3n a mi problema de mala circulaci\u00f3n despu\u00e9s de una operaci\u00f3n de varices. Seg\u00fan los m\u00e9dicos la operaci\u00f3n fue un \u201c10\u201d, pero no sab\u00edan explicar porqu\u00e9 yo continuaba con dolor. Decid\u00ed buscar alguna terapia que me ayudase a controlar el dolor que en ocasiones llegaba a ser insoportable, as\u00ed llegu\u00e9 a Julia.\u00a0En cada sesi\u00f3n llev\u00e1bamos un diario donde detall\u00e1bamos caracter\u00edsticas del dolor, alimentaci\u00f3n, ciclos menstruales, estado de \u00e1nimo y energ\u00eda; es as\u00ed como lleg\u00f3 a un diagn\u00f3stico y fue encontrando el mejor tratamiento para mi problema.\u00a0Solo tengo palabras de agradecimiento para con Julia, ya que adem\u00e1s de su empat\u00eda, es muy cercana y muy profesional,\u00a0 He aprendido mucho con ella.<\/div><div class=\"uagb-tm__meta-inner\"><div class=\"uagb-testimonial-details\"><span class=\"uagb-tm__author-name\">Alejandra <\/span><span class=\"uagb-tm__company\"><\/span><\/div><\/div><\/div><\/div><\/div><div class=\"uagb-testimonial__wrap  uagb-tm__imgicon-style-circle uagb-tm__image-position-bottom uagb-tm__bg-type-none \"><div class=\"uagb-tm__content\"><div class=\"uagb-tm__overlay\"><\/div><div class=\"uagb-tm__text-wrap\"><div class=\"uagb-tm__desc\">Tengo endometriosis profunda y la acupuntura se ha convertido en un aliado indispensable para poder llevarla y hacer vida normal. Tanto el dolor, como problemas como el sangrado, para los que la medicina alop\u00e1tica no me daba soluci\u00f3n, han mejorado mucho con la terapia. Julia Valiente me ha ayudado much\u00edsimo tanto con la acupuntura como con la fitoterapia china adaptada a mis necesidades que me ha recetado. Adem\u00e1s, consciente de que a mucha gente pueden hacer un poco de miedo las agujas, las pone con mucho cuidado, y se asegura de que no te hacen da\u00f1o.<\/div><div class=\"uagb-tm__meta-inner\"><div class=\"uagb-testimonial-details\"><span class=\"uagb-tm__author-name\">Mar\u00eda <\/span><span class=\"uagb-tm__company\"><\/span><\/div><\/div><\/div><\/div><\/div><div class=\"uagb-testimonial__wrap  uagb-tm__imgicon-style-circle uagb-tm__image-position-bottom uagb-tm__bg-type-none \"><div class=\"uagb-tm__content\"><div class=\"uagb-tm__overlay\"><\/div><div class=\"uagb-tm__text-wrap\"><div class=\"uagb-tm__desc\">Julia Valiente is a kind, patient and thorough practitioner. I have sought out her expertise on two separate occasions; the first visit she treated the swelling around my sprained ankle and the second visit she helped alleviate extreme pain in my neck.\u00a0 I really appreciate how Julia took so much time with me, listening to my issues and asking questions to get a complete picture of the problem.\u00a0 I never once felt like I was \u201con the clock\u201d.\u00a0 Following each visit, she provided advice and suggestions for remedies I could try at home. Julia is a gem.\u00a0 I feel so lucky to have found her.<\/div><div class=\"uagb-tm__meta-inner\"><div class=\"uagb-testimonial-details\"><span class=\"uagb-tm__author-name\">Cathy <\/span><span class=\"uagb-tm__company\">(Canada)<\/span><\/div><\/div><\/div><\/div><\/div><\/div><\/div>\n","protected":false},"excerpt":{"rendered":"<p>Sobre Julia Julia Valiente Sobre Julia Mi filosof\u00eda Mi primer contacto con las terapias alternativas naci\u00f3 del inter\u00e9s por conocer una manera de alimentaci\u00f3n m\u00e1s sana y adecuada a cada individuo.&nbsp;El estudio de la alimentaci\u00f3n energ\u00e9tica me condujo hasta la Medicina China. Me sent\u00ed profundamente atra\u00edda por su combinacion de filosof\u00eda y medicina, siendo m\u00e1s [&hellip;]<\/p>\n","protected":false},"author":1,"featured_media":0,"parent":0,"menu_order":0,"comment_status":"closed","ping_status":"closed","template":"","meta":{"_uag_custom_page_level_css":"","site-sidebar-layout":"no-sidebar","site-content-layout":"page-builder","ast-site-content-layout":"full-width-container","site-content-style":"unboxed","site-sidebar-style":"unboxed","ast-global-header-display":"","ast-banner-title-visibility":"","ast-main-header-display":"","ast-hfb-above-header-display":"","ast-hfb-below-header-display":"","ast-hfb-mobile-header-display":"","site-post-title":"disabled","ast-breadcrumbs-content":"","ast-featured-img":"disabled","footer-sml-layout":"","theme-transparent-header-meta":"enabled","adv-header-id-meta":"","stick-header-meta":"","header-above-stick-meta":"","header-main-stick-meta":"","header-below-stick-meta":"","astra-migrate-meta-layouts":"set","ast-page-background-enabled":"default","ast-page-background-meta":{"desktop":{"background-color":"var(--ast-global-color-4)","background-image":"","background-repeat":"repeat","background-position":"center center","background-size":"auto","background-attachment":"scroll","background-type":"","background-media":"","overlay-type":"","overlay-color":"","overlay-opacity":"","overlay-gradient":""},"tablet":{"background-color":"","background-image":"","background-repeat":"repeat","background-position":"center center","background-size":"auto","background-attachment":"scroll","background-type":"","background-media":"","overlay-type":"","overlay-color":"","overlay-opacity":"","overlay-gradient":""},"mobile":{"background-color":"","background-image":"","background-repeat":"repeat","background-position":"center center","background-size":"auto","background-attachment":"scroll","background-type":"","background-media":"","overlay-type":"","overlay-color":"","overlay-opacity":"","overlay-gradient":""}},"ast-content-background-meta":{"desktop":{"background-color":"var(--ast-global-color-5)","background-image":"","background-repeat":"repeat","background-position":"center center","background-size":"auto","background-attachment":"scroll","background-type":"","background-media":"","overlay-type":"","overlay-color":"","overlay-opacity":"","overlay-gradient":""},"tablet":{"background-color":"var(--ast-global-color-5)","background-image":"","background-repeat":"repeat","background-position":"center center","background-size":"auto","background-attachment":"scroll","background-type":"","background-media":"","overlay-type":"","overlay-color":"","overlay-opacity":"","overlay-gradient":""},"mobile":{"background-color":"var(--ast-global-color-5)","background-image":"","background-repeat":"repeat","background-position":"center center","background-size":"auto","background-attachment":"scroll","background-type":"","background-media":"","overlay-type":"","overlay-color":"","overlay-opacity":"","overlay-gradient":""}},"_joinchat":[],"footnotes":""},"class_list":["post-760","page","type-page","status-publish","hentry"],"yoast_head":"<!-- This site is optimized with the Yoast SEO plugin v23.1 - https:\/\/yoast.com\/wordpress\/plugins\/seo\/ -->\n<title>Julia Valiente - Medicinas alternativas<\/title>\n<meta name=\"robots\" content=\"index, follow, max-snippet:-1, max-image-preview:large, max-video-preview:-1\" \/>\n<link rel=\"canonical\" href=\"https:\/\/acupunturaenergeticabarcelona.com\/es\/sobre-nosotros\/\" \/>\n<meta property=\"og:locale\" content=\"es_ES\" \/>\n<meta property=\"og:type\" content=\"article\" \/>\n<meta property=\"og:title\" content=\"Julia Valiente - Medicinas alternativas\" \/>\n<meta property=\"og:description\" content=\"Sobre Julia Julia Valiente Sobre Julia Mi filosof\u00eda Mi primer contacto con las terapias alternativas naci\u00f3 del inter\u00e9s por conocer una manera de alimentaci\u00f3n m\u00e1s sana y adecuada a cada individuo.&nbsp;El estudio de la alimentaci\u00f3n energ\u00e9tica me condujo hasta la Medicina China. Me sent\u00ed profundamente atra\u00edda por su combinacion de filosof\u00eda y medicina, siendo m\u00e1s [&hellip;]\" \/>\n<meta property=\"og:url\" content=\"https:\/\/acupunturaenergeticabarcelona.com\/es\/sobre-nosotros\/\" \/>\n<meta property=\"og:site_name\" content=\"Acupuntura Energ\u00e9tica Barcelona\" \/>\n<meta property=\"article:modified_time\" content=\"2024-08-01T15:52:50+00:00\" \/>\n<meta property=\"og:image\" content=\"http:\/\/acupunturaenergeticabarcelona.com\/wp-content\/uploads\/2021\/08\/quote-icon.svg\" \/>\n<meta name=\"twitter:card\" content=\"summary_large_image\" \/>\n<meta name=\"twitter:label1\" content=\"Tiempo de lectura\" \/>\n\t<meta name=\"twitter:data1\" content=\"4 minutos\" \/>\n<script type=\"application\/ld+json\" class=\"yoast-schema-graph\">{\"@context\":\"https:\/\/schema.org\",\"@graph\":[{\"@type\":\"WebPage\",\"@id\":\"https:\/\/acupunturaenergeticabarcelona.com\/sobre-nosotros\/\",\"url\":\"https:\/\/acupunturaenergeticabarcelona.com\/sobre-nosotros\/\",\"name\":\"Julia Valiente - Medicinas alternativas\",\"isPartOf\":{\"@id\":\"https:\/\/acupunturaenergeticabarcelona.com\/#website\"},\"primaryImageOfPage\":{\"@id\":\"https:\/\/acupunturaenergeticabarcelona.com\/sobre-nosotros\/#primaryimage\"},\"image\":{\"@id\":\"https:\/\/acupunturaenergeticabarcelona.com\/sobre-nosotros\/#primaryimage\"},\"thumbnailUrl\":\"http:\/\/acupunturaenergeticabarcelona.com\/wp-content\/uploads\/2021\/08\/quote-icon.svg\",\"datePublished\":\"2022-05-02T12:01:31+00:00\",\"dateModified\":\"2024-08-01T15:52:50+00:00\",\"breadcrumb\":{\"@id\":\"https:\/\/acupunturaenergeticabarcelona.com\/sobre-nosotros\/#breadcrumb\"},\"inLanguage\":\"es\",\"potentialAction\":[{\"@type\":\"ReadAction\",\"target\":[\"https:\/\/acupunturaenergeticabarcelona.com\/sobre-nosotros\/\"]}]},{\"@type\":\"ImageObject\",\"inLanguage\":\"es\",\"@id\":\"https:\/\/acupunturaenergeticabarcelona.com\/sobre-nosotros\/#primaryimage\",\"url\":\"http:\/\/acupunturaenergeticabarcelona.com\/wp-content\/uploads\/2021\/08\/quote-icon.svg\",\"contentUrl\":\"http:\/\/acupunturaenergeticabarcelona.com\/wp-content\/uploads\/2021\/08\/quote-icon.svg\"},{\"@type\":\"BreadcrumbList\",\"@id\":\"https:\/\/acupunturaenergeticabarcelona.com\/sobre-nosotros\/#breadcrumb\",\"itemListElement\":[{\"@type\":\"ListItem\",\"position\":1,\"name\":\"Portada\",\"item\":\"https:\/\/acupunturaenergeticabarcelona.com\/\"},{\"@type\":\"ListItem\",\"position\":2,\"name\":\"Julia Valiente\"}]},{\"@type\":\"WebSite\",\"@id\":\"https:\/\/acupunturaenergeticabarcelona.com\/#website\",\"url\":\"https:\/\/acupunturaenergeticabarcelona.com\/\",\"name\":\"Acupuntura y Medicina China en Barcelona\",\"description\":\"Acupuntura y Medicina China en Barcelona\",\"publisher\":{\"@id\":\"https:\/\/acupunturaenergeticabarcelona.com\/#\/schema\/person\/86ca1cb64ad7aa15eb2a091f42916d17\"},\"alternateName\":\"Acupuntura Energ\u00e9tica Barcelona\",\"potentialAction\":[{\"@type\":\"SearchAction\",\"target\":{\"@type\":\"EntryPoint\",\"urlTemplate\":\"https:\/\/acupunturaenergeticabarcelona.com\/?s={search_term_string}\"},\"query-input\":\"required name=search_term_string\"}],\"inLanguage\":\"es\"},{\"@type\":[\"Person\",\"Organization\"],\"@id\":\"https:\/\/acupunturaenergeticabarcelona.com\/#\/schema\/person\/86ca1cb64ad7aa15eb2a091f42916d17\",\"name\":\"Julia Valiente\",\"image\":{\"@type\":\"ImageObject\",\"inLanguage\":\"es\",\"@id\":\"https:\/\/acupunturaenergeticabarcelona.com\/#\/schema\/person\/image\/\",\"url\":\"https:\/\/acupunturaenergeticabarcelona.com\/wp-content\/uploads\/2024\/01\/JL-symbol-color.png\",\"contentUrl\":\"https:\/\/acupunturaenergeticabarcelona.com\/wp-content\/uploads\/2024\/01\/JL-symbol-color.png\",\"width\":568,\"height\":568,\"caption\":\"Julia Valiente\"},\"logo\":{\"@id\":\"https:\/\/acupunturaenergeticabarcelona.com\/#\/schema\/person\/image\/\"},\"sameAs\":[\"http:\/\/acupunturaenergeticabarcelona.com\"]}]}<\/script>\n<!-- \/ Yoast SEO plugin. -->","yoast_head_json":{"title":"Julia Valiente - Medicinas alternativas","robots":{"index":"index","follow":"follow","max-snippet":"max-snippet:-1","max-image-preview":"max-image-preview:large","max-video-preview":"max-video-preview:-1"},"canonical":"https:\/\/acupunturaenergeticabarcelona.com\/es\/sobre-nosotros\/","og_locale":"es_ES","og_type":"article","og_title":"Julia Valiente - Medicinas alternativas","og_description":"Sobre Julia Julia Valiente Sobre Julia Mi filosof\u00eda Mi primer contacto con las terapias alternativas naci\u00f3 del inter\u00e9s por conocer una manera de alimentaci\u00f3n m\u00e1s sana y adecuada a cada individuo.&nbsp;El estudio de la alimentaci\u00f3n energ\u00e9tica me condujo hasta la Medicina China. Me sent\u00ed profundamente atra\u00edda por su combinacion de filosof\u00eda y medicina, siendo m\u00e1s [&hellip;]","og_url":"https:\/\/acupunturaenergeticabarcelona.com\/es\/sobre-nosotros\/","og_site_name":"Acupuntura Energ\u00e9tica Barcelona","article_modified_time":"2024-08-01T15:52:50+00:00","og_image":[{"url":"http:\/\/acupunturaenergeticabarcelona.com\/wp-content\/uploads\/2021\/08\/quote-icon.svg"}],"twitter_card":"summary_large_image","twitter_misc":{"Tiempo de lectura":"4 minutos"},"schema":{"@context":"https:\/\/schema.org","@graph":[{"@type":"WebPage","@id":"https:\/\/acupunturaenergeticabarcelona.com\/sobre-nosotros\/","url":"https:\/\/acupunturaenergeticabarcelona.com\/sobre-nosotros\/","name":"Julia Valiente - Medicinas alternativas","isPartOf":{"@id":"https:\/\/acupunturaenergeticabarcelona.com\/#website"},"primaryImageOfPage":{"@id":"https:\/\/acupunturaenergeticabarcelona.com\/sobre-nosotros\/#primaryimage"},"image":{"@id":"https:\/\/acupunturaenergeticabarcelona.com\/sobre-nosotros\/#primaryimage"},"thumbnailUrl":"http:\/\/acupunturaenergeticabarcelona.com\/wp-content\/uploads\/2021\/08\/quote-icon.svg","datePublished":"2022-05-02T12:01:31+00:00","dateModified":"2024-08-01T15:52:50+00:00","breadcrumb":{"@id":"https:\/\/acupunturaenergeticabarcelona.com\/sobre-nosotros\/#breadcrumb"},"inLanguage":"es","potentialAction":[{"@type":"ReadAction","target":["https:\/\/acupunturaenergeticabarcelona.com\/sobre-nosotros\/"]}]},{"@type":"ImageObject","inLanguage":"es","@id":"https:\/\/acupunturaenergeticabarcelona.com\/sobre-nosotros\/#primaryimage","url":"http:\/\/acupunturaenergeticabarcelona.com\/wp-content\/uploads\/2021\/08\/quote-icon.svg","contentUrl":"http:\/\/acupunturaenergeticabarcelona.com\/wp-content\/uploads\/2021\/08\/quote-icon.svg"},{"@type":"BreadcrumbList","@id":"https:\/\/acupunturaenergeticabarcelona.com\/sobre-nosotros\/#breadcrumb","itemListElement":[{"@type":"ListItem","position":1,"name":"Portada","item":"https:\/\/acupunturaenergeticabarcelona.com\/"},{"@type":"ListItem","position":2,"name":"Julia Valiente"}]},{"@type":"WebSite","@id":"https:\/\/acupunturaenergeticabarcelona.com\/#website","url":"https:\/\/acupunturaenergeticabarcelona.com\/","name":"Acupuntura y Medicina China en Barcelona","description":"Acupuntura y Medicina China en Barcelona","publisher":{"@id":"https:\/\/acupunturaenergeticabarcelona.com\/#\/schema\/person\/86ca1cb64ad7aa15eb2a091f42916d17"},"alternateName":"Acupuntura Energ\u00e9tica Barcelona","potentialAction":[{"@type":"SearchAction","target":{"@type":"EntryPoint","urlTemplate":"https:\/\/acupunturaenergeticabarcelona.com\/?s={search_term_string}"},"query-input":"required name=search_term_string"}],"inLanguage":"es"},{"@type":["Person","Organization"],"@id":"https:\/\/acupunturaenergeticabarcelona.com\/#\/schema\/person\/86ca1cb64ad7aa15eb2a091f42916d17","name":"Julia Valiente","image":{"@type":"ImageObject","inLanguage":"es","@id":"https:\/\/acupunturaenergeticabarcelona.com\/#\/schema\/person\/image\/","url":"https:\/\/acupunturaenergeticabarcelona.com\/wp-content\/uploads\/2024\/01\/JL-symbol-color.png","contentUrl":"https:\/\/acupunturaenergeticabarcelona.com\/wp-content\/uploads\/2024\/01\/JL-symbol-color.png","width":568,"height":568,"caption":"Julia Valiente"},"logo":{"@id":"https:\/\/acupunturaenergeticabarcelona.com\/#\/schema\/person\/image\/"},"sameAs":["http:\/\/acupunturaenergeticabarcelona.com"]}]}},"uagb_featured_image_src":{"full":false,"thumbnail":false,"medium":false,"medium_large":false,"large":false,"1536x1536":false,"2048x2048":false,"trp-custom-language-flag":false},"uagb_author_info":{"display_name":"yago","author_link":"https:\/\/acupunturaenergeticabarcelona.com\/es\/author\/yago\/"},"uagb_comment_info":0,"uagb_excerpt":"Sobre Julia Julia Valiente Sobre Julia Mi filosof\u00eda Mi primer contacto con las terapias alternativas naci\u00f3 del inter\u00e9s por conocer una manera de alimentaci\u00f3n m\u00e1s sana y adecuada a cada individuo.&nbsp;El estudio de la alimentaci\u00f3n energ\u00e9tica me condujo hasta la Medicina China. Me sent\u00ed profundamente atra\u00edda por su combinacion de filosof\u00eda y medicina, siendo m\u00e1s&hellip;","_links":{"self":[{"href":"https:\/\/acupunturaenergeticabarcelona.com\/es\/wp-json\/wp\/v2\/pages\/760","targetHints":{"allow":["GET"]}}],"collection":[{"href":"https:\/\/acupunturaenergeticabarcelona.com\/es\/wp-json\/wp\/v2\/pages"}],"about":[{"href":"https:\/\/acupunturaenergeticabarcelona.com\/es\/wp-json\/wp\/v2\/types\/page"}],"author":[{"embeddable":true,"href":"https:\/\/acupunturaenergeticabarcelona.com\/es\/wp-json\/wp\/v2\/users\/1"}],"replies":[{"embeddable":true,"href":"https:\/\/acupunturaenergeticabarcelona.com\/es\/wp-json\/wp\/v2\/comments?post=760"}],"version-history":[{"count":9,"href":"https:\/\/acupunturaenergeticabarcelona.com\/es\/wp-json\/wp\/v2\/pages\/760\/revisions"}],"predecessor-version":[{"id":2337,"href":"https:\/\/acupunturaenergeticabarcelona.com\/es\/wp-json\/wp\/v2\/pages\/760\/revisions\/2337"}],"wp:attachment":[{"href":"https:\/\/acupunturaenergeticabarcelona.com\/es\/wp-json\/wp\/v2\/media?parent=760"}],"curies":[{"name":"wp","href":"https:\/\/api.w.org\/{rel}","templated":true}]}}